{"id":772,"date":"2021-12-20T18:32:39","date_gmt":"2021-12-20T18:32:39","guid":{"rendered":"https:\/\/codexpeed.com\/fundbux-wp\/?page_id=772"},"modified":"2022-10-13T14:31:46","modified_gmt":"2022-10-13T14:31:46","slug":"benevolat","status":"publish","type":"page","link":"https:\/\/bozafii.org\/index.php\/benevolat\/","title":{"rendered":"Devenir B\u00e9n\u00e9vole"},"content":{"rendered":"\t\t<div data-elementor-type=\"wp-page\" data-elementor-id=\"772\" class=\"elementor elementor-772\">\n\t\t\t\t\t\t\t\t\t<section class=\"elementor-section elementor-top-section elementor-element elementor-element-3b47d74 elementor-section-boxed elementor-section-height-default elementor-section-height-default\" data-id=\"3b47d74\" data-element_type=\"section\">\n\t\t\t\t\t\t<div class=\"elementor-container elementor-column-gap-default\">\n\t\t\t\t\t<div class=\"elementor-column elementor-col-50 elementor-top-column elementor-element elementor-element-47a2b36\" data-id=\"47a2b36\" data-element_type=\"column\">\n\t\t\t<div class=\"elementor-widget-wrap elementor-element-populated\">\n\t\t\t\t\t\t\t\t<div class=\"elementor-element elementor-element-a6aced0 elementor-widget elementor-widget-heading\" data-id=\"a6aced0\" data-element_type=\"widget\" data-widget_type=\"heading.default\">\n\t\t\t\t<div class=\"elementor-widget-container\">\n\t\t\t<style>\/*! elementor - v3.6.8 - 27-07-2022 *\/\n.elementor-heading-title{padding:0;margin:0;line-height:1}.elementor-widget-heading .elementor-heading-title[class*=elementor-size-]>a{color:inherit;font-size:inherit;line-height:inherit}.elementor-widget-heading .elementor-heading-title.elementor-size-small{font-size:15px}.elementor-widget-heading .elementor-heading-title.elementor-size-medium{font-size:19px}.elementor-widget-heading .elementor-heading-title.elementor-size-large{font-size:29px}.elementor-widget-heading .elementor-heading-title.elementor-size-xl{font-size:39px}.elementor-widget-heading .elementor-heading-title.elementor-size-xxl{font-size:59px}<\/style><h2 class=\"elementor-heading-title elementor-size-default\">UN GESTE SIMPLE!<\/h2>\t\t<\/div>\n\t\t\t\t<\/div>\n\t\t\t\t<div class=\"elementor-element elementor-element-80d50ff elementor-widget elementor-widget-heading\" data-id=\"80d50ff\" data-element_type=\"widget\" data-widget_type=\"heading.default\">\n\t\t\t\t<div class=\"elementor-widget-container\">\n\t\t\t<p class=\"elementor-heading-title elementor-size-default\">Vous souhaitez vous investir aupr\u00e8s de Boza Fii et vous vous posez de nombreuses questions : Est-ce vraiment fait pour moi ? Puis-je concilier cet engagement avec mon emploi du temps ? Comment valoriser cette exp\u00e9rience ? \u00c9tudiants, salari\u00e9s, retrait\u00e9s, demandeurs d\u2019emploi\u2026 Rassurez-vous ! Tout le monde peut devenir b\u00e9n\u00e9vole, et c\u2019est bien plus simple qu\u2019on ne le pense.\n\n<\/p>\t\t<\/div>\n\t\t\t\t<\/div>\n\t\t\t\t<div class=\"elementor-element elementor-element-1364f1b elementor-widget elementor-widget-spacer\" data-id=\"1364f1b\" data-element_type=\"widget\" data-widget_type=\"spacer.default\">\n\t\t\t\t<div class=\"elementor-widget-container\">\n\t\t\t<style>\/*! elementor - v3.6.8 - 27-07-2022 *\/\n.e-container.e-container--row .elementor-spacer-inner{width:var(--spacer-size)}.e-container.e-container--column .elementor-spacer-inner,.elementor-column .elementor-spacer-inner{height:var(--spacer-size)}<\/style>\t\t<div class=\"elementor-spacer\">\n\t\t\t<div class=\"elementor-spacer-inner\"><\/div>\n\t\t<\/div>\n\t\t\t\t<\/div>\n\t\t\t\t<\/div>\n\t\t\t\t<div class=\"elementor-element elementor-element-af74b61 elementor-widget elementor-widget-heading\" data-id=\"af74b61\" data-element_type=\"widget\" data-widget_type=\"heading.default\">\n\t\t\t\t<div class=\"elementor-widget-container\">\n\t\t\t<h2 class=\"elementor-heading-title elementor-size-default\">MILLE ET UNE MANI\u00c8RES D'\u00caTRE B\u00c9N\u00c9VOLE<\/h2>\t\t<\/div>\n\t\t\t\t<\/div>\n\t\t\t\t<div class=\"elementor-element elementor-element-1b59386 elementor-widget elementor-widget-heading\" data-id=\"1b59386\" data-element_type=\"widget\" data-widget_type=\"heading.default\">\n\t\t\t\t<div class=\"elementor-widget-container\">\n\t\t\t<p class=\"elementor-heading-title elementor-size-default\">J\u2019ai envie de m'investir, mais je ne suis ni avocat, ni m\u00e9decin, ni ing\u00e9nieur\u2026 Mes comp\u00e9tences seront-elles utiles ?\n\nIl existe des milliers d'associations sur le continent, toutes ont des besoins diff\u00e9rents et une diversit\u00e9 extraordinaire de types de missions. \nBoza Fii par exemple peut vous former sur le terrain pour des missions ne n\u00e9cessitant pas de comp\u00e9tences pr\u00e9alables.\n\nJe souhaiterais m\u2019investir aupr\u00e8s d\u2019une association, mais je n\u2019ai vraiment pas beaucoup de temps pour \u00e7a. Pas besoin de consacrer vos journ\u00e9es \u00e0 une association pour \u00eatre b\u00e9n\u00e9vole. Vous pouvez vous impliquer \u00e0 votre rythme, de fa\u00e7on ponctuelle ou r\u00e9guli\u00e8re, selon vos disponibilit\u00e9s. Vous restez libre de choisir la fa\u00e7on de vous engager.\nLe b\u00e9n\u00e9volat, ce n\u2019est pas seulement se rendre utile pour les autres. C\u2019est aussi vous enrichir humainement en vous impliquant, avec d'autres b\u00e9n\u00e9voles, dans des actions qui ont du sens.\n\nUne seule chose compte : votre motivation !<br><\/p>\t\t<\/div>\n\t\t\t\t<\/div>\n\t\t\t\t\t<\/div>\n\t\t<\/div>\n\t\t\t\t<div class=\"elementor-column elementor-col-50 elementor-top-column elementor-element elementor-element-e1f286c\" data-id=\"e1f286c\" data-element_type=\"column\">\n\t\t\t<div class=\"elementor-widget-wrap elementor-element-populated\">\n\t\t\t\t\t\t\t\t<div class=\"elementor-element elementor-element-bbf861c elementor-widget elementor-widget-image\" data-id=\"bbf861c\" data-element_type=\"widget\" data-widget_type=\"image.default\">\n\t\t\t\t<div class=\"elementor-widget-container\">\n\t\t\t<style>\/*! elementor - v3.6.8 - 27-07-2022 *\/\n.elementor-widget-image{text-align:center}.elementor-widget-image a{display:inline-block}.elementor-widget-image a img[src$=\".svg\"]{width:48px}.elementor-widget-image img{vertical-align:middle;display:inline-block}<\/style>\t\t\t\t\t\t\t\t\t\t\t\t<img width=\"1024\" height=\"576\" src=\"https:\/\/bozafii.org\/wp-content\/uploads\/2022\/09\/57717229-42725948-1024x576.jpg\" class=\"attachment-large size-large\" alt=\"\" loading=\"lazy\" srcset=\"https:\/\/bozafii.org\/wp-content\/uploads\/2022\/09\/57717229-42725948-1024x576.jpg 1024w, https:\/\/bozafii.org\/wp-content\/uploads\/2022\/09\/57717229-42725948-300x169.jpg 300w, https:\/\/bozafii.org\/wp-content\/uploads\/2022\/09\/57717229-42725948-768x432.jpg 768w, https:\/\/bozafii.org\/wp-content\/uploads\/2022\/09\/57717229-42725948-820x461.jpg 820w, https:\/\/bozafii.org\/wp-content\/uploads\/2022\/09\/57717229-42725948-1170x658.jpg 1170w, https:\/\/bozafii.org\/wp-content\/uploads\/2022\/09\/57717229-42725948-177x100.jpg 177w, https:\/\/bozafii.org\/wp-content\/uploads\/2022\/09\/57717229-42725948-600x337.jpg 600w, https:\/\/bozafii.org\/wp-content\/uploads\/2022\/09\/57717229-42725948.jpg 1499w\" sizes=\"(max-width: 1024px) 100vw, 1024px\" \/>\t\t\t\t\t\t\t\t\t\t\t\t\t\t\t<\/div>\n\t\t\t\t<\/div>\n\t\t\t\t<div class=\"elementor-element elementor-element-52d1cd6 elementor-widget elementor-widget-image\" data-id=\"52d1cd6\" data-element_type=\"widget\" data-widget_type=\"image.default\">\n\t\t\t\t<div class=\"elementor-widget-container\">\n\t\t\t\t\t\t\t\t\t\t\t\t\t\t\t<img width=\"1024\" height=\"721\" src=\"https:\/\/bozafii.org\/wp-content\/uploads\/2022\/10\/188284009.jpg\" class=\"attachment-large size-large\" alt=\"\" loading=\"lazy\" srcset=\"https:\/\/bozafii.org\/wp-content\/uploads\/2022\/10\/188284009.jpg 1024w, https:\/\/bozafii.org\/wp-content\/uploads\/2022\/10\/188284009-300x211.jpg 300w, https:\/\/bozafii.org\/wp-content\/uploads\/2022\/10\/188284009-768x541.jpg 768w, https:\/\/bozafii.org\/wp-content\/uploads\/2022\/10\/188284009-600x422.jpg 600w\" sizes=\"(max-width: 1024px) 100vw, 1024px\" \/>\t\t\t\t\t\t\t\t\t\t\t\t\t\t\t<\/div>\n\t\t\t\t<\/div>\n\t\t\t\t\t<\/div>\n\t\t<\/div>\n\t\t\t\t\t\t\t<\/div>\n\t\t<\/section>\n\t\t\t\t\t\t\t<\/div>\n\t\t","protected":false},"excerpt":{"rendered":"<p>UN GESTE SIMPLE! Vous souhaitez vous investir aupr\u00e8s de Boza Fii et vous vous posez de nombreuses questions : Est-ce vraiment fait pour moi ? Puis-je concilier cet engagement avec mon emploi du temps ? Comment valoriser cette exp\u00e9rience ? \u00c9tudiants, salari\u00e9s, retrait\u00e9s, demandeurs d\u2019emploi\u2026 Rassurez-vous ! Tout le monde peut devenir b\u00e9n\u00e9vole, et c\u2019est [&hellip;]<\/p>\n","protected":false},"author":1,"featured_media":0,"parent":0,"menu_order":0,"comment_status":"closed","ping_status":"closed","template":"","meta":{"om_disable_all_campaigns":false,"_monsterinsights_skip_tracking":false,"_monsterinsights_sitenote_active":false,"_monsterinsights_sitenote_note":"","_monsterinsights_sitenote_category":0},"aioseo_notices":[],"_links":{"self":[{"href":"https:\/\/bozafii.org\/index.php\/wp-json\/wp\/v2\/pages\/772"}],"collection":[{"href":"https:\/\/bozafii.org\/index.php\/wp-json\/wp\/v2\/pages"}],"about":[{"href":"https:\/\/bozafii.org\/index.php\/wp-json\/wp\/v2\/types\/page"}],"author":[{"embeddable":true,"href":"https:\/\/bozafii.org\/index.php\/wp-json\/wp\/v2\/users\/1"}],"replies":[{"embeddable":true,"href":"https:\/\/bozafii.org\/index.php\/wp-json\/wp\/v2\/comments?post=772"}],"version-history":[{"count":10,"href":"https:\/\/bozafii.org\/index.php\/wp-json\/wp\/v2\/pages\/772\/revisions"}],"predecessor-version":[{"id":14718,"href":"https:\/\/bozafii.org\/index.php\/wp-json\/wp\/v2\/pages\/772\/revisions\/14718"}],"wp:attachment":[{"href":"https:\/\/bozafii.org\/index.php\/wp-json\/wp\/v2\/media?parent=772"}],"curies":[{"name":"wp","href":"https:\/\/api.w.org\/{rel}","templated":true}]}}