{"id":274,"date":"2021-10-06T11:35:12","date_gmt":"2021-10-06T11:35:12","guid":{"rendered":"https:\/\/codexpeed.com\/fundbux-wp\/?page_id=274"},"modified":"2022-10-13T20:17:35","modified_gmt":"2022-10-13T20:17:35","slug":"contact","status":"publish","type":"page","link":"https:\/\/bozafii.org\/index.php\/contact\/","title":{"rendered":"Contact"},"content":{"rendered":"\t\t<div data-elementor-type=\"wp-page\" data-elementor-id=\"274\" class=\"elementor elementor-274\">\n\t\t\t\t\t\t\t\t\t<section class=\"elementor-section elementor-top-section elementor-element elementor-element-d89933c elementor-section-boxed elementor-section-height-default elementor-section-height-default\" data-id=\"d89933c\" data-element_type=\"section\">\n\t\t\t\t\t\t<div class=\"elementor-container elementor-column-gap-no\">\n\t\t\t\t\t<div class=\"elementor-column elementor-col-100 elementor-top-column elementor-element elementor-element-e2b30c5\" data-id=\"e2b30c5\" data-element_type=\"column\">\n\t\t\t<div class=\"elementor-widget-wrap elementor-element-populated\">\n\t\t\t\t\t\t\t\t<div class=\"elementor-element elementor-element-30a73a1 elementor-widget elementor-widget-modina_contact_card\" data-id=\"30a73a1\" data-element_type=\"widget\" data-widget_type=\"modina_contact_card.default\">\n\t\t\t\t<div class=\"elementor-widget-container\">\n\t\t\t        <div class=\"row\">\r\n                        <div class=\"col-lg-4 col-md-6 col-12\">\r\n                <div class=\"single-contact-card card1\">\r\n                    <div class=\"top-part\">\r\n                        <div class=\"icon\">\r\n                            <i aria-hidden=\"true\" class=\"far fa-envelope\"><\/i>                        <\/div>\r\n                        <div class=\"title\">\r\n                            <h4>Adresse Mail<\/h4>\r\n                            <span>Envoyez-nous un message<\/span>\r\n                        <\/div>\r\n                    <\/div>\r\n                    <div class=\"bottom-part\">                            \r\n                        <div class=\"info\">\r\n                            <p><br \/>\ninfo@bozafii.org <br> contact@bozafii.org<\/p>\r\n                        <\/div>\r\n                        <div class=\"icon\">\r\n                            <i class=\"fal fa-arrow-right\"><\/i>\r\n                        <\/div>\r\n                    <\/div>\r\n                <\/div>\r\n            <\/div>\r\n                        <div class=\"col-lg-4 col-md-6 col-12\">\r\n                <div class=\"single-contact-card card2\">\r\n                    <div class=\"top-part\">\r\n                        <div class=\"icon\">\r\n                            <i aria-hidden=\"true\" class=\"fas fa-phone\"><\/i>                        <\/div>\r\n                        <div class=\"title\">\r\n                            <h4>T\u00e9l\u00e9phone<\/h4>\r\n                            <span>Joignez-nous \u00e0 tout moment<\/span>\r\n                        <\/div>\r\n                    <\/div>\r\n                    <div class=\"bottom-part\">                            \r\n                        <div class=\"info\">\r\n                            <p>(+221) 767962255 <br>(+221) 784634949<\/p>\r\n                        <\/div>\r\n                        <div class=\"icon\">\r\n                            <i class=\"fal fa-arrow-right\"><\/i>\r\n                        <\/div>\r\n                    <\/div>\r\n                <\/div>\r\n            <\/div>\r\n                        <div class=\"col-lg-4 col-md-6 col-12\">\r\n                <div class=\"single-contact-card card3\">\r\n                    <div class=\"top-part\">\r\n                        <div class=\"icon\">\r\n                            <i aria-hidden=\"true\" class=\"far fa-map-marker-alt\"><\/i>                        <\/div>\r\n                        <div class=\"title\">\r\n                            <h4>Si\u00e8ge Social<\/h4>\r\n                            <span>Vous \u00eates les bienvenus !<\/span>\r\n                        <\/div>\r\n                    <\/div>\r\n                    <div class=\"bottom-part\">                            \r\n                        <div class=\"info\">\r\n                            <p><br \/>\nCit\u00e9 Apix ilot 1 N\u00b0383,<br>Tivaouane Peulh Dakar-S\u00e9n\u00e9gal<br \/>\n<\/p>\r\n                        <\/div>\r\n                        <div class=\"icon\">\r\n                            <i class=\"fal fa-arrow-right\"><\/i>\r\n                        <\/div>\r\n                    <\/div>\r\n                <\/div>\r\n            <\/div>\r\n                    <\/div>\r\n    \t\t<\/div>\n\t\t\t\t<\/div>\n\t\t\t\t\t<\/div>\n\t\t<\/div>\n\t\t\t\t\t\t\t<\/div>\n\t\t<\/section>\n\t\t\t\t<section class=\"elementor-section elementor-top-section elementor-element elementor-element-351e55d elementor-section-full_width elementor-section-height-default elementor-section-height-default\" data-id=\"351e55d\" data-element_type=\"section\">\n\t\t\t\t\t\t<div class=\"elementor-container elementor-column-gap-no\">\n\t\t\t\t\t<div class=\"elementor-column elementor-col-100 elementor-top-column elementor-element elementor-element-a762a38\" data-id=\"a762a38\" data-element_type=\"column\">\n\t\t\t<div class=\"elementor-widget-wrap elementor-element-populated\">\n\t\t\t\t\t\t\t\t<div class=\"elementor-element elementor-element-5795dc0 elementor-widget elementor-widget-google_maps\" data-id=\"5795dc0\" data-element_type=\"widget\" data-widget_type=\"google_maps.default\">\n\t\t\t\t<div class=\"elementor-widget-container\">\n\t\t\t<style>\/*! elementor - v3.6.8 - 27-07-2022 *\/\n.elementor-widget-google_maps .elementor-widget-container{overflow:hidden}.elementor-widget-google_maps iframe{height:300px}<\/style>\t\t<div class=\"elementor-custom-embed\">\n\t\t\t<iframe frameborder=\"0\" scrolling=\"no\" marginheight=\"0\" marginwidth=\"0\"\n\t\t\t\t\tsrc=\"https:\/\/maps.google.com\/maps?q=Boza%20Fii&#038;t=m&#038;z=16&#038;output=embed&#038;iwloc=near\"\n\t\t\t\t\ttitle=\"Boza Fii\"\n\t\t\t\t\taria-label=\"Boza Fii\"\n\t\t\t><\/iframe>\n\t\t<\/div>\n\t\t\t\t<\/div>\n\t\t\t\t<\/div>\n\t\t\t\t<div class=\"elementor-element elementor-element-ea54bcf elementor-widget elementor-widget-modina_contact_form\" data-id=\"ea54bcf\" data-element_type=\"widget\" data-widget_type=\"modina_contact_form.default\">\n\t\t\t\t<div class=\"elementor-widget-container\">\n\t\t\t        <div class=\"row contact-from-addon section-padding\">\r\n            <div class=\"col-12 text-center mb-20\">\r\n                <div class=\"section-title\">\r\n                                            <span><i class=\"fal fa-pen\"><\/i>Ecrivez-nous<\/span>\r\n                                                                <h2>Restons en contact<\/h2>\r\n                                    <\/div>\r\n            <\/div>\r\n\r\n            <div class=\"col-12 col-lg-12\">\r\n                <div class=\"contact-form\">                                                        \r\n                                            <div role=\"form\" class=\"wpcf7\" id=\"wpcf7-f13641-o1\" lang=\"en-US\" dir=\"ltr\">\n<div class=\"screen-reader-response\"><p role=\"status\" aria-live=\"polite\" aria-atomic=\"true\"><\/p> <ul><\/ul><\/div>\n<form action=\"\/index.php\/wp-json\/wp\/v2\/pages\/274#wpcf7-f13641-o1\" method=\"post\" class=\"wpcf7-form init\" novalidate=\"novalidate\" data-status=\"init\">\n<div style=\"display: none;\">\n<input type=\"hidden\" name=\"_wpcf7\" value=\"13641\" \/>\n<input type=\"hidden\" name=\"_wpcf7_version\" value=\"5.6.3\" \/>\n<input type=\"hidden\" name=\"_wpcf7_locale\" value=\"en_US\" \/>\n<input type=\"hidden\" name=\"_wpcf7_unit_tag\" value=\"wpcf7-f13641-o1\" \/>\n<input type=\"hidden\" name=\"_wpcf7_container_post\" value=\"0\" \/>\n<input type=\"hidden\" name=\"_wpcf7_posted_data_hash\" value=\"\" \/>\n<\/div>\n<div class=\"row\">\n<div class=\"col-md-6 col-12\">\n<div class=\"single-personal-info\">\n        <label for=\"fname\">Nom Complet<\/label><br \/>\n        <span class=\"wpcf7-form-control-wrap\" data-name=\"fullname\"><input type=\"text\" name=\"fullname\" value=\"\" size=\"40\" class=\"wpcf7-form-control wpcf7-text wpcf7-validates-as-required\" id=\"fname\" aria-required=\"true\" aria-invalid=\"false\" placeholder=\"Nom et Pr\u00e9nom\" \/><\/span>\n    <\/div>\n<\/div>\n<div class=\"col-md-6 col-12\">\n<div class=\"single-personal-info\">\n        <label for=\"email\">Adresse Mail<\/label><br \/>\n        <span class=\"wpcf7-form-control-wrap\" data-name=\"mailadress\"><input type=\"email\" name=\"mailadress\" value=\"\" size=\"40\" class=\"wpcf7-form-control wpcf7-text wpcf7-email wpcf7-validates-as-required wpcf7-validates-as-email\" id=\"email\" aria-required=\"true\" aria-invalid=\"false\" placeholder=\"Entrer votre e-mail\" \/><\/span>\n    <\/div>\n<\/div>\n<div class=\"col-md-6 col-12\">\n<div class=\"single-personal-info\">\n        <label for=\"phone\">T\u00e9l\u00e9phone<\/label><br \/>\n        <span class=\"wpcf7-form-control-wrap\" data-name=\"phonenumber\"><input type=\"text\" name=\"phonenumber\" value=\"\" size=\"40\" class=\"wpcf7-form-control wpcf7-text\" id=\"phone\" aria-invalid=\"false\" placeholder=\"Entrer votre num\u00e9ro de t\u00e9l\u00e9phone\" \/><\/span>\n    <\/div>\n<\/div>\n<div class=\"col-md-6 col-12\">\n<div class=\"single-personal-info\">\n        <label for=\"subject\">Sujet<\/label><br \/>\n        <span class=\"wpcf7-form-control-wrap\" data-name=\"subjecttitle\"><input type=\"text\" name=\"subjecttitle\" value=\"\" size=\"40\" class=\"wpcf7-form-control wpcf7-text\" id=\"subject\" aria-invalid=\"false\" placeholder=\"Entrer Sujet\" \/><\/span>\n    <\/div>\n<\/div>\n<div class=\"col-md-12 col-12\">\n<div class=\"single-personal-info\">\n        <label for=\"message\">Ecrire un message<\/label><br \/>\n        <span class=\"wpcf7-form-control-wrap\" data-name=\"message\"><input type=\"text\" name=\"message\" value=\"\" size=\"40\" class=\"wpcf7-form-control wpcf7-text wpcf7-validates-as-required\" id=\"message\" aria-required=\"true\" aria-invalid=\"false\" placeholder=\"Message\" \/><\/span>\n    <\/div>\n<\/div>\n<div class=\"col-md-12 col-12 text-center\">\n    <input type=\"submit\" value=\"Envoyer\" class=\"wpcf7-form-control has-spinner wpcf7-submit submit-btn\" \/>\n<\/div>\n<\/div>\n<p style=\"display: none !important;\"><label>&#916;<textarea name=\"_wpcf7_ak_hp_textarea\" cols=\"45\" rows=\"8\" maxlength=\"100\"><\/textarea><\/label><input type=\"hidden\" id=\"ak_js_1\" name=\"_wpcf7_ak_js\" value=\"207\"\/><script>document.getElementById( \"ak_js_1\" ).setAttribute( \"value\", ( new Date() ).getTime() );<\/script><\/p><div class=\"wpcf7-response-output\" aria-hidden=\"true\"><\/div><\/form><\/div>                                    <\/div>\r\n            <\/div>\r\n        <\/div>\r\n    \t\t<\/div>\n\t\t\t\t<\/div>\n\t\t\t\t\t<\/div>\n\t\t<\/div>\n\t\t\t\t\t\t\t<\/div>\n\t\t<\/section>\n\t\t\t\t\t\t\t<\/div>\n\t\t","protected":false},"excerpt":{"rendered":"<p>Adresse Mail Envoyez-nous un message info@bozafii.org contact@bozafii.org T\u00e9l\u00e9phone Joignez-nous \u00e0 tout moment (+221) 767962255 (+221) 784634949 Si\u00e8ge Social Vous \u00eates les bienvenus ! Cit\u00e9 Apix ilot 1 N\u00b0383,Tivaouane Peulh Dakar-S\u00e9n\u00e9gal Ecrivez-nous Restons en contact Nom Complet Adresse Mail T\u00e9l\u00e9phone Sujet Ecrire un message &#916;<\/p>\n","protected":false},"author":1,"featured_media":0,"parent":0,"menu_order":0,"comment_status":"closed","ping_status":"closed","template":"","meta":{"om_disable_all_campaigns":false,"_monsterinsights_skip_tracking":false,"_monsterinsights_sitenote_active":false,"_monsterinsights_sitenote_note":"","_monsterinsights_sitenote_category":0},"aioseo_notices":[],"_links":{"self":[{"href":"https:\/\/bozafii.org\/index.php\/wp-json\/wp\/v2\/pages\/274"}],"collection":[{"href":"https:\/\/bozafii.org\/index.php\/wp-json\/wp\/v2\/pages"}],"about":[{"href":"https:\/\/bozafii.org\/index.php\/wp-json\/wp\/v2\/types\/page"}],"author":[{"embeddable":true,"href":"https:\/\/bozafii.org\/index.php\/wp-json\/wp\/v2\/users\/1"}],"replies":[{"embeddable":true,"href":"https:\/\/bozafii.org\/index.php\/wp-json\/wp\/v2\/comments?post=274"}],"version-history":[{"count":78,"href":"https:\/\/bozafii.org\/index.php\/wp-json\/wp\/v2\/pages\/274\/revisions"}],"predecessor-version":[{"id":14740,"href":"https:\/\/bozafii.org\/index.php\/wp-json\/wp\/v2\/pages\/274\/revisions\/14740"}],"wp:attachment":[{"href":"https:\/\/bozafii.org\/index.php\/wp-json\/wp\/v2\/media?parent=274"}],"curies":[{"name":"wp","href":"https:\/\/api.w.org\/{rel}","templated":true}]}}