{"id":269,"date":"2021-10-06T11:28:03","date_gmt":"2021-10-06T11:28:03","guid":{"rendered":"https:\/\/codexpeed.com\/fundbux-wp\/?page_id=269"},"modified":"2023-09-05T00:00:32","modified_gmt":"2023-09-05T00:00:32","slug":"equipe","status":"publish","type":"page","link":"https:\/\/bozafii.org\/index.php\/equipe\/","title":{"rendered":"Notre \u00e9quipe"},"content":{"rendered":"\t\t<div data-elementor-type=\"wp-page\" data-elementor-id=\"269\" class=\"elementor elementor-269\">\n\t\t\t\t\t\t\t\t\t<section class=\"elementor-section elementor-top-section elementor-element elementor-element-ea41c46 elementor-section-full_width elementor-section-height-default elementor-section-height-default\" data-id=\"ea41c46\" data-element_type=\"section\">\n\t\t\t\t\t\t<div class=\"elementor-container elementor-column-gap-no\">\n\t\t\t\t\t<div class=\"elementor-column elementor-col-100 elementor-top-column elementor-element elementor-element-bcea70a\" data-id=\"bcea70a\" data-element_type=\"column\">\n\t\t\t<div class=\"elementor-widget-wrap elementor-element-populated\">\n\t\t\t\t\t\t\t\t<div class=\"elementor-element elementor-element-e8886cd elementor-widget elementor-widget-modina_team\" data-id=\"e8886cd\" data-element_type=\"widget\" data-widget_type=\"modina_team.default\">\n\t\t\t\t<div class=\"elementor-widget-container\">\n\t\t\t    \r\n        <div class=\"row no-padding\">\r\n             \r\n            <div class=\"col-lg-3 col-md-6 col-12 text-center\">\r\n                <div class=\"single-team-member \">\r\n                    <div class=\"member-img\">\r\n                        <img src=\"https:\/\/bozafii.org\/wp-content\/uploads\/2022\/10\/img-20201006-wa0005-3.jpg\" alt=\"Saliou Diouf\">\r\n                        <div class=\"small-element\"><\/div>\r\n                    <\/div>\r\n                    <div class=\"member-details\">                            \r\n                        <h3>Saliou Diouf<\/h3>\r\n                        <span>Pr\u00e9sident Fondateur<\/span>\r\n                    <\/div>                        \r\n                <\/div>                    \r\n            <\/div>\r\n             \r\n            <div class=\"col-lg-3 col-md-6 col-12 text-center\">\r\n                <div class=\"single-team-member \">\r\n                    <div class=\"member-img\">\r\n                        <img src=\"https:\/\/bozafii.org\/wp-content\/uploads\/2022\/10\/Brahima-Tiote.jpeg\" alt=\"Brahima Tiote\">\r\n                        <div class=\"small-element\"><\/div>\r\n                    <\/div>\r\n                    <div class=\"member-details\">                            \r\n                        <h3>Brahima Tiote<\/h3>\r\n                        <span>Co-fondateur<\/span>\r\n                    <\/div>                        \r\n                <\/div>                    \r\n            <\/div>\r\n             \r\n            <div class=\"col-lg-3 col-md-6 col-12 text-center\">\r\n                <div class=\"single-team-member \">\r\n                    <div class=\"member-img\">\r\n                        <img src=\"https:\/\/bozafii.org\/wp-content\/uploads\/2022\/10\/Mame-Fatou-Niang.jpeg\" alt=\"Mame Fatou Niang\">\r\n                        <div class=\"small-element\"><\/div>\r\n                    <\/div>\r\n                    <div class=\"member-details\">                            \r\n                        <h3>Mame Fatou Niang<\/h3>\r\n                        <span>Tr\u00e9sori\u00e8re<\/span>\r\n                    <\/div>                        \r\n                <\/div>                    \r\n            <\/div>\r\n             \r\n            <div class=\"col-lg-3 col-md-6 col-12 text-center\">\r\n                <div class=\"single-team-member \">\r\n                    <div class=\"member-img\">\r\n                        <img src=\"https:\/\/bozafii.org\/wp-content\/uploads\/2022\/10\/Cherif-Coly.jpeg\" alt=\"Cherif A. Coly\">\r\n                        <div class=\"small-element\"><\/div>\r\n                    <\/div>\r\n                    <div class=\"member-details\">                            \r\n                        <h3>Cherif A. Coly<\/h3>\r\n                        <span>Membre <\/span>\r\n                    <\/div>                        \r\n                <\/div>                    \r\n            <\/div>\r\n             \r\n            <div class=\"col-lg-3 col-md-6 col-12 text-center\">\r\n                <div class=\"single-team-member \">\r\n                    <div class=\"member-img\">\r\n                        <img src=\"https:\/\/bozafii.org\/wp-content\/uploads\/2022\/10\/Safietou-Fall.jpeg\" alt=\"Safietou Fall\">\r\n                        <div class=\"small-element\"><\/div>\r\n                    <\/div>\r\n                    <div class=\"member-details\">                            \r\n                        <h3>Safietou Fall<\/h3>\r\n                        <span>Membre<\/span>\r\n                    <\/div>                        \r\n                <\/div>                    \r\n            <\/div>\r\n             \r\n            <div class=\"col-lg-3 col-md-6 col-12 text-center\">\r\n                <div class=\"single-team-member \">\r\n                    <div class=\"member-img\">\r\n                        <img src=\"https:\/\/bozafii.org\/wp-content\/uploads\/2022\/10\/MouhLamineFall.jpeg\" alt=\"Mouhamadou Lamine Fall\">\r\n                        <div class=\"small-element\"><\/div>\r\n                    <\/div>\r\n                    <div class=\"member-details\">                            \r\n                        <h3>Mouhamadou Lamine Fall<\/h3>\r\n                        <span>Secr\u00e9taire administratif<\/span>\r\n                    <\/div>                        \r\n                <\/div>                    \r\n            <\/div>\r\n             \r\n            <div class=\"col-lg-3 col-md-6 col-12 text-center\">\r\n                <div class=\"single-team-member \">\r\n                    <div class=\"member-img\">\r\n                        <img src=\"https:\/\/bozafii.org\/wp-content\/uploads\/2022\/10\/Fatou-Mansaly.jpeg\" alt=\"Fatou Mansaly\">\r\n                        <div class=\"small-element\"><\/div>\r\n                    <\/div>\r\n                    <div class=\"member-details\">                            \r\n                        <h3>Fatou Mansaly<\/h3>\r\n                        <span>Membre<\/span>\r\n                    <\/div>                        \r\n                <\/div>                    \r\n            <\/div>\r\n             \r\n            <div class=\"col-lg-3 col-md-6 col-12 text-center\">\r\n                <div class=\"single-team-member \">\r\n                    <div class=\"member-img\">\r\n                        <img src=\"https:\/\/bozafii.org\/wp-content\/uploads\/2022\/10\/Ibou-Konate.jpeg\" alt=\"Ibrahima Konate\">\r\n                        <div class=\"small-element\"><\/div>\r\n                    <\/div>\r\n                    <div class=\"member-details\">                            \r\n                        <h3>Ibrahima Konate<\/h3>\r\n                        <span>Secr\u00e9taire g\u00e9n\u00e9ral<\/span>\r\n                    <\/div>                        \r\n                <\/div>                    \r\n            <\/div>\r\n             \r\n            <div class=\"col-lg-3 col-md-6 col-12 text-center\">\r\n                <div class=\"single-team-member \">\r\n                    <div class=\"member-img\">\r\n                        <img src=\"https:\/\/bozafii.org\/wp-content\/uploads\/2022\/10\/Mbaye-DIOP.jpeg\" alt=\"Mbaye Diop\">\r\n                        <div class=\"small-element\"><\/div>\r\n                    <\/div>\r\n                    <div class=\"member-details\">                            \r\n                        <h3>Mbaye Diop<\/h3>\r\n                        <span>Membre<\/span>\r\n                    <\/div>                        \r\n                <\/div>                    \r\n            <\/div>\r\n             \r\n            <div class=\"col-lg-3 col-md-6 col-12 text-center\">\r\n                <div class=\"single-team-member \">\r\n                    <div class=\"member-img\">\r\n                        <img src=\"https:\/\/bozafii.org\/wp-content\/uploads\/2022\/10\/Omar-Diop.jpeg\" alt=\"Omar Diop\">\r\n                        <div class=\"small-element\"><\/div>\r\n                    <\/div>\r\n                    <div class=\"member-details\">                            \r\n                        <h3>Omar Diop<\/h3>\r\n                        <span>Porte parole<\/span>\r\n                    <\/div>                        \r\n                <\/div>                    \r\n            <\/div>\r\n             \r\n            <div class=\"col-lg-3 col-md-6 col-12 text-center\">\r\n                <div class=\"single-team-member \">\r\n                    <div class=\"member-img\">\r\n                        <img src=\"https:\/\/bozafii.org\/wp-content\/uploads\/2022\/10\/Cire-Sall.jpeg\" alt=\"Cire Sall\">\r\n                        <div class=\"small-element\"><\/div>\r\n                    <\/div>\r\n                    <div class=\"member-details\">                            \r\n                        <h3>Cire Sall<\/h3>\r\n                        <span>Coordinateur<\/span>\r\n                    <\/div>                        \r\n                <\/div>                    \r\n            <\/div>\r\n             \r\n            <div class=\"col-lg-3 col-md-6 col-12 text-center\">\r\n                <div class=\"single-team-member \">\r\n                    <div class=\"member-img\">\r\n                        <img src=\"https:\/\/bozafii.org\/wp-content\/uploads\/2022\/10\/Fatoumata-B-.Fall_-e1665706995106.jpeg\" alt=\"Fatoumata Binetou Fall\">\r\n                        <div class=\"small-element\"><\/div>\r\n                    <\/div>\r\n                    <div class=\"member-details\">                            \r\n                        <h3>Fatoumata Binetou Fall<\/h3>\r\n                        <span>Membre<\/span>\r\n                    <\/div>                        \r\n                <\/div>                    \r\n            <\/div>\r\n             \r\n            <div class=\"col-lg-3 col-md-6 col-12 text-center\">\r\n                <div class=\"single-team-member \">\r\n                    <div class=\"member-img\">\r\n                        <img src=\"https:\/\/bozafii.org\/wp-content\/uploads\/2022\/10\/Aida-Thiam.jpeg\" alt=\"Aida Thiam\">\r\n                        <div class=\"small-element\"><\/div>\r\n                    <\/div>\r\n                    <div class=\"member-details\">                            \r\n                        <h3>Aida Thiam<\/h3>\r\n                        <span>Membre<\/span>\r\n                    <\/div>                        \r\n                <\/div>                    \r\n            <\/div>\r\n             \r\n            <div class=\"col-lg-3 col-md-6 col-12 text-center\">\r\n                <div class=\"single-team-member \">\r\n                    <div class=\"member-img\">\r\n                        <img src=\"https:\/\/bozafii.org\/wp-content\/uploads\/2022\/10\/Pape-K-Diop.jpeg\" alt=\"Pape K. Diop\">\r\n                        <div class=\"small-element\"><\/div>\r\n                    <\/div>\r\n                    <div class=\"member-details\">                            \r\n                        <h3>Pape K. Diop<\/h3>\r\n                        <span>Membre<\/span>\r\n                    <\/div>                        \r\n                <\/div>                    \r\n            <\/div>\r\n             \r\n            <div class=\"col-lg-3 col-md-6 col-12 text-center\">\r\n                <div class=\"single-team-member \">\r\n                    <div class=\"member-img\">\r\n                        <img src=\"https:\/\/bozafii.org\/wp-content\/uploads\/2022\/10\/WhatsApp-Image-2022-10-21-at-01.33.14.jpeg\" alt=\"Fatou Seye Diop\">\r\n                        <div class=\"small-element\"><\/div>\r\n                    <\/div>\r\n                    <div class=\"member-details\">                            \r\n                        <h3>Fatou Seye Diop<\/h3>\r\n                        <span>Membre<\/span>\r\n                    <\/div>                        \r\n                <\/div>                    \r\n            <\/div>\r\n             \r\n            <div class=\"col-lg-3 col-md-6 col-12 text-center\">\r\n                <div class=\"single-team-member \">\r\n                    <div class=\"member-img\">\r\n                        <img src=\"https:\/\/bozafii.org\/wp-content\/uploads\/2022\/10\/Babacar-Diouf.jpeg\" alt=\"Babacar Diouf\">\r\n                        <div class=\"small-element\"><\/div>\r\n                    <\/div>\r\n                    <div class=\"member-details\">                            \r\n                        <h3>Babacar Diouf<\/h3>\r\n                        <span>Membre<\/span>\r\n                    <\/div>                        \r\n                <\/div>                    \r\n            <\/div>\r\n             \r\n            <div class=\"col-lg-3 col-md-6 col-12 text-center\">\r\n                <div class=\"single-team-member \">\r\n                    <div class=\"member-img\">\r\n                        <img src=\"https:\/\/bozafii.org\/wp-content\/uploads\/2022\/10\/Elimane-Diouf-e1665708975522.jpeg\" alt=\"Elimane Diouf\">\r\n                        <div class=\"small-element\"><\/div>\r\n                    <\/div>\r\n                    <div class=\"member-details\">                            \r\n                        <h3>Elimane Diouf<\/h3>\r\n                        <span>Membre<\/span>\r\n                    <\/div>                        \r\n                <\/div>                    \r\n            <\/div>\r\n             \r\n            <div class=\"col-lg-3 col-md-6 col-12 text-center\">\r\n                <div class=\"single-team-member \">\r\n                    <div class=\"member-img\">\r\n                        <img src=\"https:\/\/bozafii.org\/wp-content\/uploads\/2022\/10\/WhatsApp-Image-2022-10-26-at-01.26.32.jpeg\" alt=\"Saliou Kane\">\r\n                        <div class=\"small-element\"><\/div>\r\n                    <\/div>\r\n                    <div class=\"member-details\">                            \r\n                        <h3>Saliou Kane<\/h3>\r\n                        <span>Membre<\/span>\r\n                    <\/div>                        \r\n                <\/div>                    \r\n            <\/div>\r\n                    <\/div>\r\n\r\n                <div class=\"join-team-btn text-center mt-50\">\r\n            <a href=\"#\">Joignez-nous<\/a>\r\n        <\/div>\r\n            \t\t<\/div>\n\t\t\t\t<\/div>\n\t\t\t\t\t<\/div>\n\t\t<\/div>\n\t\t\t\t\t\t\t<\/div>\n\t\t<\/section>\n\t\t\t\t<section class=\"elementor-section elementor-top-section elementor-element elementor-element-4d0535e elementor-section-full_width elementor-section-height-default elementor-section-height-default\" data-id=\"4d0535e\" data-element_type=\"section\">\n\t\t\t\t\t\t<div class=\"elementor-container elementor-column-gap-no\">\n\t\t\t\t\t<div class=\"elementor-column elementor-col-100 elementor-top-column elementor-element elementor-element-74d70ae\" data-id=\"74d70ae\" data-element_type=\"column\">\n\t\t\t<div class=\"elementor-widget-wrap elementor-element-populated\">\n\t\t\t\t\t\t\t\t<div class=\"elementor-element elementor-element-5aff72c elementor-widget elementor-widget-modina_join_us_cta\" data-id=\"5aff72c\" data-element_type=\"widget\" data-widget_type=\"modina_join_us_cta.default\">\n\t\t\t\t<div class=\"elementor-widget-container\">\n\t\t\t        <section class=\"join-cta-section text-white text-center text-lg-left  no-bg section-padding\">\r\n        <div class=\"container bg-cover bg-overlay\" style=\"background-image: url('https:\/\/bozafii.org\/wp-content\/uploads\/2022\/09\/57717229-42725948.jpg')\">\r\n            <div class=\"row align-items-center\">\r\n                <div class=\"offset-xl-5 col-xl-6 col-lg-8 offset-lg-2 col-md-12\">                    \r\n                    <div class=\"section-title\">\r\n                        <span><i class=\"fal fa-heart\"><\/i>Rejoignez-nous<\/span>\r\n                        <h2>Nous devons \u00eatre b\u00e9n\u00e9fiques pour notre entourage<\/h2>\r\n                    <\/div>                    \r\n\r\n                    <a href=\"#\"   class=\"cat-btn color\"><i class=\"fal fa-briefcase\"><\/i>Devenir Membre<\/a>\r\n                    <a href=\"#\"   class=\"cat-btn\"><i class=\"fal fa-user\"><\/i>Donations<\/a>\r\n                <\/div>\r\n            <\/div>\r\n        <\/div>\r\n    <\/section>\r\n    \t\t<\/div>\n\t\t\t\t<\/div>\n\t\t\t\t\t<\/div>\n\t\t<\/div>\n\t\t\t\t\t\t\t<\/div>\n\t\t<\/section>\n\t\t\t\t\t\t\t<\/div>\n\t\t","protected":false},"excerpt":{"rendered":"<p>Saliou Diouf Pr\u00e9sident Fondateur Brahima Tiote Co-fondateur Mame Fatou Niang Tr\u00e9sori\u00e8re Cherif A. Coly Membre Safietou Fall Membre Mouhamadou Lamine Fall Secr\u00e9taire administratif Fatou Mansaly Membre Ibrahima Konate Secr\u00e9taire g\u00e9n\u00e9ral Mbaye Diop Membre Omar Diop Porte parole Cire Sall Coordinateur Fatoumata Binetou Fall Membre Aida Thiam Membre Pape K. Diop Membre Fatou Seye Diop Membre [&hellip;]<\/p>\n","protected":false},"author":2,"featured_media":0,"parent":0,"menu_order":0,"comment_status":"closed","ping_status":"closed","template":"","meta":{"om_disable_all_campaigns":false,"_monsterinsights_skip_tracking":false,"_monsterinsights_sitenote_active":false,"_monsterinsights_sitenote_note":"","_monsterinsights_sitenote_category":0},"aioseo_notices":[],"_links":{"self":[{"href":"https:\/\/bozafii.org\/index.php\/wp-json\/wp\/v2\/pages\/269"}],"collection":[{"href":"https:\/\/bozafii.org\/index.php\/wp-json\/wp\/v2\/pages"}],"about":[{"href":"https:\/\/bozafii.org\/index.php\/wp-json\/wp\/v2\/types\/page"}],"author":[{"embeddable":true,"href":"https:\/\/bozafii.org\/index.php\/wp-json\/wp\/v2\/users\/2"}],"replies":[{"embeddable":true,"href":"https:\/\/bozafii.org\/index.php\/wp-json\/wp\/v2\/comments?post=269"}],"version-history":[{"count":101,"href":"https:\/\/bozafii.org\/index.php\/wp-json\/wp\/v2\/pages\/269\/revisions"}],"predecessor-version":[{"id":17103,"href":"https:\/\/bozafii.org\/index.php\/wp-json\/wp\/v2\/pages\/269\/revisions\/17103"}],"wp:attachment":[{"href":"https:\/\/bozafii.org\/index.php\/wp-json\/wp\/v2\/media?parent=269"}],"curies":[{"name":"wp","href":"https:\/\/api.w.org\/{rel}","templated":true}]}}