{"id":17497,"date":"2024-09-13T14:46:13","date_gmt":"2024-09-13T14:46:13","guid":{"rendered":"https:\/\/bozafii.org\/?page_id=17497"},"modified":"2024-09-13T15:04:39","modified_gmt":"2024-09-13T15:04:39","slug":"charity","status":"publish","type":"page","link":"https:\/\/bozafii.org\/index.php\/charity\/","title":{"rendered":"Faites un Don"},"content":{"rendered":"\t\t<div data-elementor-type=\"wp-page\" data-elementor-id=\"17497\" class=\"elementor elementor-17497\">\n\t\t\t\t\t\t\t\t\t<section class=\"elementor-section elementor-top-section elementor-element elementor-element-ec23537 elementor-section-boxed elementor-section-height-default elementor-section-height-default\" data-id=\"ec23537\" data-element_type=\"section\">\n\t\t\t\t\t\t<div class=\"elementor-container elementor-column-gap-default\">\n\t\t\t\t\t<div class=\"elementor-column elementor-col-100 elementor-top-column elementor-element elementor-element-6bc2d43\" data-id=\"6bc2d43\" data-element_type=\"column\">\n\t\t\t<div class=\"elementor-widget-wrap elementor-element-populated\">\n\t\t\t\t\t\t\t\t<div class=\"elementor-element elementor-element-82b9cd1 elementor-widget elementor-widget-heading\" data-id=\"82b9cd1\" data-element_type=\"widget\" data-widget_type=\"heading.default\">\n\t\t\t\t<div class=\"elementor-widget-container\">\n\t\t\t<style>\/*! elementor - v3.6.8 - 27-07-2022 *\/\n.elementor-heading-title{padding:0;margin:0;line-height:1}.elementor-widget-heading .elementor-heading-title[class*=elementor-size-]>a{color:inherit;font-size:inherit;line-height:inherit}.elementor-widget-heading .elementor-heading-title.elementor-size-small{font-size:15px}.elementor-widget-heading .elementor-heading-title.elementor-size-medium{font-size:19px}.elementor-widget-heading .elementor-heading-title.elementor-size-large{font-size:29px}.elementor-widget-heading .elementor-heading-title.elementor-size-xl{font-size:39px}.elementor-widget-heading .elementor-heading-title.elementor-size-xxl{font-size:59px}<\/style><h2 class=\"elementor-heading-title elementor-size-large\">FAITES UN DON<\/h2>\t\t<\/div>\n\t\t\t\t<\/div>\n\t\t\t\t\t<\/div>\n\t\t<\/div>\n\t\t\t\t\t\t\t<\/div>\n\t\t<\/section>\n\t\t\t\t<section class=\"elementor-section elementor-top-section elementor-element elementor-element-5c54158 elementor-section-boxed elementor-section-height-default elementor-section-height-default\" data-id=\"5c54158\" data-element_type=\"section\">\n\t\t\t\t\t\t<div class=\"elementor-container elementor-column-gap-default\">\n\t\t\t\t\t<div class=\"elementor-column elementor-col-50 elementor-top-column elementor-element elementor-element-5f2eb4f\" data-id=\"5f2eb4f\" data-element_type=\"column\">\n\t\t\t<div class=\"elementor-widget-wrap elementor-element-populated\">\n\t\t\t\t\t\t\t\t<div class=\"elementor-element elementor-element-fc60ffc elementor-widget elementor-widget-image\" data-id=\"fc60ffc\" data-element_type=\"widget\" data-widget_type=\"image.default\">\n\t\t\t\t<div class=\"elementor-widget-container\">\n\t\t\t<style>\/*! elementor - v3.6.8 - 27-07-2022 *\/\n.elementor-widget-image{text-align:center}.elementor-widget-image a{display:inline-block}.elementor-widget-image a img[src$=\".svg\"]{width:48px}.elementor-widget-image img{vertical-align:middle;display:inline-block}<\/style>\t\t\t\t\t\t\t\t\t\t\t\t<img width=\"1600\" height=\"800\" src=\"https:\/\/bozafii.org\/wp-content\/uploads\/2024\/09\/paypal-vante-merites-blockchain-revolution-moyens-paiements.webp\" class=\"attachment-full size-full\" alt=\"\" loading=\"lazy\" srcset=\"https:\/\/bozafii.org\/wp-content\/uploads\/2024\/09\/paypal-vante-merites-blockchain-revolution-moyens-paiements.webp 1600w, https:\/\/bozafii.org\/wp-content\/uploads\/2024\/09\/paypal-vante-merites-blockchain-revolution-moyens-paiements-300x150.webp 300w, https:\/\/bozafii.org\/wp-content\/uploads\/2024\/09\/paypal-vante-merites-blockchain-revolution-moyens-paiements-1024x512.webp 1024w, https:\/\/bozafii.org\/wp-content\/uploads\/2024\/09\/paypal-vante-merites-blockchain-revolution-moyens-paiements-768x384.webp 768w, https:\/\/bozafii.org\/wp-content\/uploads\/2024\/09\/paypal-vante-merites-blockchain-revolution-moyens-paiements-1536x768.webp 1536w, https:\/\/bozafii.org\/wp-content\/uploads\/2024\/09\/paypal-vante-merites-blockchain-revolution-moyens-paiements-600x300.webp 600w\" sizes=\"(max-width: 1600px) 100vw, 1600px\" \/>\t\t\t\t\t\t\t\t\t\t\t\t\t\t\t<\/div>\n\t\t\t\t<\/div>\n\t\t\t\t<div class=\"elementor-element elementor-element-81b1b67 elementor-widget elementor-widget-text-editor\" data-id=\"81b1b67\" data-element_type=\"widget\" data-widget_type=\"text-editor.default\">\n\t\t\t\t<div class=\"elementor-widget-container\">\n\t\t\t<style>\/*! elementor - v3.6.8 - 27-07-2022 *\/\n.elementor-widget-text-editor.elementor-drop-cap-view-stacked .elementor-drop-cap{background-color:#818a91;color:#fff}.elementor-widget-text-editor.elementor-drop-cap-view-framed .elementor-drop-cap{color:#818a91;border:3px solid;background-color:transparent}.elementor-widget-text-editor:not(.elementor-drop-cap-view-default) .elementor-drop-cap{margin-top:8px}.elementor-widget-text-editor:not(.elementor-drop-cap-view-default) .elementor-drop-cap-letter{width:1em;height:1em}.elementor-widget-text-editor .elementor-drop-cap{float:left;text-align:center;line-height:1;font-size:50px}.elementor-widget-text-editor .elementor-drop-cap-letter{display:inline-block}<\/style>\t\t\t\t<p>Vous pouvez nous faire un don par PayPal en scannant le QRCODE avec votre t\u00e9l\u00e9phone ou en utilisant ce lien ci dessous:<br \/><a href=\"https:\/\/paypal.me\/bozafiisn\"><strong><span style=\"color: #00ccff;\">PAYPAL<\/span><\/strong><\/a><\/p>\t\t\t\t\t\t<\/div>\n\t\t\t\t<\/div>\n\t\t\t\t\t<\/div>\n\t\t<\/div>\n\t\t\t\t<div class=\"elementor-column elementor-col-50 elementor-top-column elementor-element elementor-element-71e2b6e\" data-id=\"71e2b6e\" data-element_type=\"column\">\n\t\t\t<div class=\"elementor-widget-wrap elementor-element-populated\">\n\t\t\t\t\t\t\t\t<div class=\"elementor-element elementor-element-f7f0f0c elementor-widget elementor-widget-image\" data-id=\"f7f0f0c\" data-element_type=\"widget\" data-widget_type=\"image.default\">\n\t\t\t\t<div class=\"elementor-widget-container\">\n\t\t\t\t\t\t\t\t\t\t\t\t\t\t\t<img width=\"350\" height=\"350\" src=\"https:\/\/bozafii.org\/wp-content\/uploads\/2024\/09\/QR_Code_Bozafii-Paypal.png\" class=\"attachment-full size-full\" alt=\"\" loading=\"lazy\" srcset=\"https:\/\/bozafii.org\/wp-content\/uploads\/2024\/09\/QR_Code_Bozafii-Paypal.png 350w, https:\/\/bozafii.org\/wp-content\/uploads\/2024\/09\/QR_Code_Bozafii-Paypal-300x300.png 300w, https:\/\/bozafii.org\/wp-content\/uploads\/2024\/09\/QR_Code_Bozafii-Paypal-150x150.png 150w, https:\/\/bozafii.org\/wp-content\/uploads\/2024\/09\/QR_Code_Bozafii-Paypal-100x100.png 100w\" sizes=\"(max-width: 350px) 100vw, 350px\" \/>\t\t\t\t\t\t\t\t\t\t\t\t\t\t\t<\/div>\n\t\t\t\t<\/div>\n\t\t\t\t\t<\/div>\n\t\t<\/div>\n\t\t\t\t\t\t\t<\/div>\n\t\t<\/section>\n\t\t\t\t<section class=\"elementor-section elementor-top-section elementor-element elementor-element-eaab217 elementor-section-boxed elementor-section-height-default elementor-section-height-default\" data-id=\"eaab217\" data-element_type=\"section\">\n\t\t\t\t\t\t<div class=\"elementor-container elementor-column-gap-default\">\n\t\t\t\t\t<div class=\"elementor-column elementor-col-100 elementor-top-column elementor-element elementor-element-2377fa3\" data-id=\"2377fa3\" data-element_type=\"column\">\n\t\t\t<div class=\"elementor-widget-wrap elementor-element-populated\">\n\t\t\t\t\t\t\t\t<div class=\"elementor-element elementor-element-eed2feb elementor-widget elementor-widget-text-editor\" data-id=\"eed2feb\" data-element_type=\"widget\" data-widget_type=\"text-editor.default\">\n\t\t\t\t<div class=\"elementor-widget-container\">\n\t\t\t\t\t\t\t<p><strong><span style=\"color: #ff6600;\">Pour un virement bancaire notre RIB:<\/span><\/strong><\/p><p>RIB:\u00a0\u00a0<strong>25153 01304 304100001380 38<br \/><\/strong>IBAN<strong>\u00a0SN 153 01304 304100001380 38<br \/><\/strong>SWIFT\/BIC\u00a0<strong>UNAFSNDA<br \/><br \/><\/strong>Pour faire un don hors ligne \u00e0 cette cause, suivez ces \u00e9tapes : <br \/>Faire un ch\u00e8que \u00e0 l&#8217;ordre de &#8220;Boza Fii&#8221; <br \/><br \/>Sur la ligne m\u00e9mo du ch\u00e8que, indiquez que le don est pour &#8220;Boza Fii&#8221; <br \/>Postez votre ch\u00e8que \u00e0 : Boza Fii Cit\u00e9 APIX ilot 1 N\u00b0383, Tivaouane Peulh &#8211; Dakar <br \/><br \/>Votre don d\u00e9ductible d&#8217;imp\u00f4t est grandement appr\u00e9ci\u00e9!<strong><br \/><\/strong><\/p>\t\t\t\t\t\t<\/div>\n\t\t\t\t<\/div>\n\t\t\t\t\t<\/div>\n\t\t<\/div>\n\t\t\t\t\t\t\t<\/div>\n\t\t<\/section>\n\t\t\t\t<section class=\"elementor-section elementor-top-section elementor-element elementor-element-deb055f elementor-section-boxed elementor-section-height-default elementor-section-height-default\" data-id=\"deb055f\" data-element_type=\"section\">\n\t\t\t\t\t\t<div class=\"elementor-container elementor-column-gap-default\">\n\t\t\t\t\t<div class=\"elementor-column elementor-col-100 elementor-top-column elementor-element elementor-element-b66d122\" data-id=\"b66d122\" data-element_type=\"column\">\n\t\t\t<div class=\"elementor-widget-wrap elementor-element-populated\">\n\t\t\t\t\t\t\t\t<div class=\"elementor-element elementor-element-d9abf0a elementor-widget elementor-widget-spacer\" data-id=\"d9abf0a\" data-element_type=\"widget\" data-widget_type=\"spacer.default\">\n\t\t\t\t<div class=\"elementor-widget-container\">\n\t\t\t<style>\/*! elementor - v3.6.8 - 27-07-2022 *\/\n.e-container.e-container--row .elementor-spacer-inner{width:var(--spacer-size)}.e-container.e-container--column .elementor-spacer-inner,.elementor-column .elementor-spacer-inner{height:var(--spacer-size)}<\/style>\t\t<div class=\"elementor-spacer\">\n\t\t\t<div class=\"elementor-spacer-inner\"><\/div>\n\t\t<\/div>\n\t\t\t\t<\/div>\n\t\t\t\t<\/div>\n\t\t\t\t\t<\/div>\n\t\t<\/div>\n\t\t\t\t\t\t\t<\/div>\n\t\t<\/section>\n\t\t\t\t<section class=\"elementor-section elementor-top-section elementor-element elementor-element-d89933c elementor-section-boxed elementor-section-height-default elementor-section-height-default\" data-id=\"d89933c\" data-element_type=\"section\">\n\t\t\t\t\t\t<div class=\"elementor-container elementor-column-gap-no\">\n\t\t\t\t\t<div class=\"elementor-column elementor-col-100 elementor-top-column elementor-element elementor-element-e2b30c5\" data-id=\"e2b30c5\" data-element_type=\"column\">\n\t\t\t<div class=\"elementor-widget-wrap elementor-element-populated\">\n\t\t\t\t\t\t\t\t<div class=\"elementor-element elementor-element-30a73a1 elementor-widget elementor-widget-modina_contact_card\" data-id=\"30a73a1\" data-element_type=\"widget\" data-widget_type=\"modina_contact_card.default\">\n\t\t\t\t<div class=\"elementor-widget-container\">\n\t\t\t        <div class=\"row\">\r\n                        <div class=\"col-lg-4 col-md-6 col-12\">\r\n                <div class=\"single-contact-card card1\">\r\n                    <div class=\"top-part\">\r\n                        <div class=\"icon\">\r\n                            <i aria-hidden=\"true\" class=\"far fa-envelope\"><\/i>                        <\/div>\r\n                        <div class=\"title\">\r\n                            <h4>Adresse Mail<\/h4>\r\n                            <span>Envoyez-nous un message<\/span>\r\n                        <\/div>\r\n                    <\/div>\r\n                    <div class=\"bottom-part\">                            \r\n                        <div class=\"info\">\r\n                            <p><br \/>\ninfo@bozafii.org <br> contact@bozafii.org<\/p>\r\n                        <\/div>\r\n                        <div class=\"icon\">\r\n                            <i class=\"fal fa-arrow-right\"><\/i>\r\n                        <\/div>\r\n                    <\/div>\r\n                <\/div>\r\n            <\/div>\r\n                        <div class=\"col-lg-4 col-md-6 col-12\">\r\n                <div class=\"single-contact-card card2\">\r\n                    <div class=\"top-part\">\r\n                        <div class=\"icon\">\r\n                            <i aria-hidden=\"true\" class=\"fas fa-phone\"><\/i>                        <\/div>\r\n                        <div class=\"title\">\r\n                            <h4>T\u00e9l\u00e9phone<\/h4>\r\n                            <span>Joignez-nous \u00e0 tout moment<\/span>\r\n                        <\/div>\r\n                    <\/div>\r\n                    <div class=\"bottom-part\">                            \r\n                        <div class=\"info\">\r\n                            <p>(+221) 767962255 <br>(+221) 784634949<\/p>\r\n                        <\/div>\r\n                        <div class=\"icon\">\r\n                            <i class=\"fal fa-arrow-right\"><\/i>\r\n                        <\/div>\r\n                    <\/div>\r\n                <\/div>\r\n            <\/div>\r\n                        <div class=\"col-lg-4 col-md-6 col-12\">\r\n                <div class=\"single-contact-card card3\">\r\n                    <div class=\"top-part\">\r\n                        <div class=\"icon\">\r\n                            <i aria-hidden=\"true\" class=\"far fa-map-marker-alt\"><\/i>                        <\/div>\r\n                        <div class=\"title\">\r\n                            <h4>Si\u00e8ge Social<\/h4>\r\n                            <span>Vous \u00eates les bienvenus !<\/span>\r\n                        <\/div>\r\n                    <\/div>\r\n                    <div class=\"bottom-part\">                            \r\n                        <div class=\"info\">\r\n                            <p><br \/>\nCit\u00e9 Apix ilot 1 N\u00b0383,<br>Tivaouane Peulh Dakar-S\u00e9n\u00e9gal<br \/>\n<\/p>\r\n                        <\/div>\r\n                        <div class=\"icon\">\r\n                            <i class=\"fal fa-arrow-right\"><\/i>\r\n                        <\/div>\r\n                    <\/div>\r\n                <\/div>\r\n            <\/div>\r\n                    <\/div>\r\n    \t\t<\/div>\n\t\t\t\t<\/div>\n\t\t\t\t\t<\/div>\n\t\t<\/div>\n\t\t\t\t\t\t\t<\/div>\n\t\t<\/section>\n\t\t\t\t\t\t\t<\/div>\n\t\t","protected":false},"excerpt":{"rendered":"<p>FAITES UN DON Vous pouvez nous faire un don par PayPal en scannant le QRCODE avec votre t\u00e9l\u00e9phone ou en utilisant ce lien ci dessous:PAYPAL Pour un virement bancaire notre RIB: RIB:\u00a0\u00a025153 01304 304100001380 38IBAN\u00a0SN 153 01304 304100001380 38SWIFT\/BIC\u00a0UNAFSNDA Pour faire un don hors ligne \u00e0 cette cause, suivez ces \u00e9tapes : Faire un ch\u00e8que [&hellip;]<\/p>\n","protected":false},"author":1,"featured_media":0,"parent":0,"menu_order":0,"comment_status":"closed","ping_status":"closed","template":"","meta":{"om_disable_all_campaigns":false,"_monsterinsights_skip_tracking":false,"_monsterinsights_sitenote_active":false,"_monsterinsights_sitenote_note":"","_monsterinsights_sitenote_category":0},"aioseo_notices":[],"_links":{"self":[{"href":"https:\/\/bozafii.org\/index.php\/wp-json\/wp\/v2\/pages\/17497"}],"collection":[{"href":"https:\/\/bozafii.org\/index.php\/wp-json\/wp\/v2\/pages"}],"about":[{"href":"https:\/\/bozafii.org\/index.php\/wp-json\/wp\/v2\/types\/page"}],"author":[{"embeddable":true,"href":"https:\/\/bozafii.org\/index.php\/wp-json\/wp\/v2\/users\/1"}],"replies":[{"embeddable":true,"href":"https:\/\/bozafii.org\/index.php\/wp-json\/wp\/v2\/comments?post=17497"}],"version-history":[{"count":7,"href":"https:\/\/bozafii.org\/index.php\/wp-json\/wp\/v2\/pages\/17497\/revisions"}],"predecessor-version":[{"id":17507,"href":"https:\/\/bozafii.org\/index.php\/wp-json\/wp\/v2\/pages\/17497\/revisions\/17507"}],"wp:attachment":[{"href":"https:\/\/bozafii.org\/index.php\/wp-json\/wp\/v2\/media?parent=17497"}],"curies":[{"name":"wp","href":"https:\/\/api.w.org\/{rel}","templated":true}]}}