{"id":16300,"date":"2023-05-15T21:05:42","date_gmt":"2023-05-15T21:05:42","guid":{"rendered":"https:\/\/bozafii.org\/?page_id=16300"},"modified":"2023-05-15T21:09:18","modified_gmt":"2023-05-15T21:09:18","slug":"un-nouveau-depart-on-ne-subit-pas-la-vie-on-la-fait","status":"publish","type":"page","link":"https:\/\/bozafii.org\/index.php\/un-nouveau-depart-on-ne-subit-pas-la-vie-on-la-fait\/","title":{"rendered":"Un nouveau d\u00e9part (on ne subit pas la vie on la fait)"},"content":{"rendered":"<p><strong><em><u>Tome \u2013 10 \/ Un nouveau d\u00e9part <\/u><\/em><em><u>(on ne subit pas la vie on la fait)<img loading=\"lazy\" class=\"alignright\" src=\"https:\/\/bozafii.org\/wp-content\/uploads\/2022\/10\/nouveau-depart-150x150.jpg\" alt=\"\" width=\"251\" height=\"251\" \/><\/u><\/em><\/strong><\/p>\n<p><strong><em>BOZA FII<\/em><\/strong><em> est n\u00e9e au S\u00e9n\u00e9gal en septembre 2020. L\u2019association est pilot\u00e9e par un groupe de migrants en retour volontaire et de militants des droits humains.<\/em><\/p>\n<p><strong><em>BOZA FII<\/em><\/strong><em> propose aussi de <strong>r\u00e9ussir ici<\/strong>. L\u2019association est porteuse d&#8217;initiatives de d\u00e9veloppement pour les migrants en retour volontaire et les potentiels migrants, nous nous organisons pour une am\u00e9lioration continue des conditions de vie des jeunes dans leur pays d\u2019origines.<br \/>\n<\/em><\/p>\n<p>En tant que pays d&#8217;origine, le S\u00e9n\u00e9gal connait de nombreux retours de migrants, depuis les pays occidentaux mais aussi des pays de la sous-r\u00e9gion. Par manque d\u2019information et d\u2019accompagnement, ces personnes peinent \u00e0 acc\u00e9der \u00e0 leurs droits pour les aides aux \u00e0 la r\u00e9insertion. Par cons\u00e9quent nous essayons de mettre en \u0153uvre des projets fonctionnels pour que nous puissions puissent nous \u00e9tablir dans notre pays d\u2019origine.<\/p>\n<p>Notre programme essaye mettre \u00e0 la disposition des demandeurs plusieurs m\u00e9canismes de r\u00e9int\u00e9gration individualis\u00e9s ou collectifs incluant un appui aux capacit\u00e9s entrepreneuriales par le biais de formation en auto emploi ou en gestion des entreprises ainsi qu\u2019une assistance technique et un suivi pour la r\u00e9alisation de projets, de micro entreprises associ\u00e9s, en consid\u00e9rant la vuln\u00e9rabilit\u00e9 comme crit\u00e8re prioritaire de s\u00e9lection.<\/p>\n<p>Il est fondamental, pour garantir la durabilit\u00e9 des r\u00e9insertions, de fournir des possibilit\u00e9s de faire des projets pour gagner sa vie. Cependant, la durabilit\u00e9 des r\u00e9insertions ne peut \u00eatre garantie en d\u00e9finitive, qu\u2019\u00e0 la faveur d\u2019un d\u00e9veloppement socio\u00e9conomique concomitant.<\/p>\n<p>Pour des perspectives de d\u00e9veloppements Boza Fii va d\u00e9buter ses premiers activit\u00e9s dans l\u2019agriculture et l\u2019\u00e9levage dont nous avons d\u00e9j\u00e0 octroy\u00e9s l\u2019espace utilisable.<\/p>\n<p>Cependant n\u2019est-il pas temps d&#8217;essayer de trouver des solutions \u00e0 ce fl\u00e9au, en mettant en place des programmes pour que les jeunes puissent se stabiliser dans leurs pays d\u2019origines.<\/p>\n<p>Parmi les projets de d\u00e9veloppement BOZA FII s&#8217;engage \u00e0 bien travailler dans le domaine de r\u00e9insertion pour int\u00e9grer les migrants afin de leurs donner un nouvel espoir un nouveau d\u00e9part dans leurs propres pays. Beaucoup de gens fuient le pays juste parce que le taux de ch\u00f4mage est trop \u00e9lev\u00e9 et ils ont du mal \u00e0 trouver un travail qui leurs permet de subvenir \u00e0 leur besoin sachant que beaucoup d&#8217;entre eux ont des familles \u00e0 nourrir.<br \/>\nNous comptons nous lancer dans le secteur de l&#8217;agriculture industrielle BIO pour pouvoir participer \u00e0 l&#8217;autosuffisance alimentaire et g\u00e9n\u00e9rer de l&#8217;emploi de qualit\u00e9 aux migrants de retour et aussi aux migrants potentiels en leurs donnant une formation et un accompagnement afin que ces derniers puissent avoir une stabilit\u00e9 financi\u00e8re et de la motivation pour un d\u00e9veloppement durable.<br \/>\nNous envisageons aussi d\u00e9velopper le secteur de l&#8217;\u00e9levage moderne de volailles (dinde et poulet) Le projet permet \u00e9galement aux migrants de passer du stade de main d\u2019\u0153uvre non qualifi\u00e9e \u00e0 celui de qualifi\u00e9e et faire d&#8217;eux des entrepreneurs gr\u00e2ce \u00e0 des programmes de renforcement de capacit\u00e9s.<br \/>\nNous avons aussi pens\u00e9 \u00e0 mettre en place des secteurs de transformation du noix de cajou et des mangues au sud du pays avant de les exporter toujours \u0153uvrer pour cr\u00e9er de l&#8217;emploi &#8230;<\/p>\n","protected":false},"excerpt":{"rendered":"<p>Tome \u2013 10 \/ Un nouveau d\u00e9part (on ne subit pas la vie on la fait) BOZA FII est n\u00e9e au S\u00e9n\u00e9gal en septembre 2020. L\u2019association est pilot\u00e9e par un groupe de migrants en retour volontaire et de militants des droits humains. BOZA FII propose aussi de r\u00e9ussir ici. L\u2019association est porteuse d&#8217;initiatives de d\u00e9veloppement [&hellip;]<\/p>\n","protected":false},"author":2,"featured_media":0,"parent":0,"menu_order":0,"comment_status":"closed","ping_status":"closed","template":"","meta":{"om_disable_all_campaigns":false,"_monsterinsights_skip_tracking":false,"_monsterinsights_sitenote_active":false,"_monsterinsights_sitenote_note":"","_monsterinsights_sitenote_category":0},"aioseo_notices":[],"_links":{"self":[{"href":"https:\/\/bozafii.org\/index.php\/wp-json\/wp\/v2\/pages\/16300"}],"collection":[{"href":"https:\/\/bozafii.org\/index.php\/wp-json\/wp\/v2\/pages"}],"about":[{"href":"https:\/\/bozafii.org\/index.php\/wp-json\/wp\/v2\/types\/page"}],"author":[{"embeddable":true,"href":"https:\/\/bozafii.org\/index.php\/wp-json\/wp\/v2\/users\/2"}],"replies":[{"embeddable":true,"href":"https:\/\/bozafii.org\/index.php\/wp-json\/wp\/v2\/comments?post=16300"}],"version-history":[{"count":3,"href":"https:\/\/bozafii.org\/index.php\/wp-json\/wp\/v2\/pages\/16300\/revisions"}],"predecessor-version":[{"id":16316,"href":"https:\/\/bozafii.org\/index.php\/wp-json\/wp\/v2\/pages\/16300\/revisions\/16316"}],"wp:attachment":[{"href":"https:\/\/bozafii.org\/index.php\/wp-json\/wp\/v2\/media?parent=16300"}],"curies":[{"name":"wp","href":"https:\/\/api.w.org\/{rel}","templated":true}]}}