{"id":16294,"date":"2023-05-15T21:04:04","date_gmt":"2023-05-15T21:04:04","guid":{"rendered":"https:\/\/bozafii.org\/?page_id=16294"},"modified":"2023-05-24T13:19:14","modified_gmt":"2023-05-24T13:19:14","slug":"abolish-frontex","status":"publish","type":"page","link":"https:\/\/bozafii.org\/index.php\/abolish-frontex\/","title":{"rendered":"Abolish\u00a0 FRONTEX"},"content":{"rendered":"\t\t<div data-elementor-type=\"wp-page\" data-elementor-id=\"16294\" class=\"elementor elementor-16294\">\n\t\t\t\t\t\t\t\t\t<section class=\"elementor-section elementor-top-section elementor-element elementor-element-6ea7c612 elementor-section-boxed elementor-section-height-default elementor-section-height-default\" data-id=\"6ea7c612\" data-element_type=\"section\">\n\t\t\t\t\t\t<div class=\"elementor-container elementor-column-gap-default\">\n\t\t\t\t\t<div class=\"elementor-column elementor-col-100 elementor-top-column elementor-element elementor-element-a966e59\" data-id=\"a966e59\" data-element_type=\"column\">\n\t\t\t<div class=\"elementor-widget-wrap elementor-element-populated\">\n\t\t\t\t\t\t\t\t<div class=\"elementor-element elementor-element-7c647fa2 elementor-widget elementor-widget-text-editor\" data-id=\"7c647fa2\" data-element_type=\"widget\" data-widget_type=\"text-editor.default\">\n\t\t\t\t<div class=\"elementor-widget-container\">\n\t\t\t<style>\/*! elementor - v3.6.8 - 27-07-2022 *\/\n.elementor-widget-text-editor.elementor-drop-cap-view-stacked .elementor-drop-cap{background-color:#818a91;color:#fff}.elementor-widget-text-editor.elementor-drop-cap-view-framed .elementor-drop-cap{color:#818a91;border:3px solid;background-color:transparent}.elementor-widget-text-editor:not(.elementor-drop-cap-view-default) .elementor-drop-cap{margin-top:8px}.elementor-widget-text-editor:not(.elementor-drop-cap-view-default) .elementor-drop-cap-letter{width:1em;height:1em}.elementor-widget-text-editor .elementor-drop-cap{float:left;text-align:center;line-height:1;font-size:50px}.elementor-widget-text-editor .elementor-drop-cap-letter{display:inline-block}<\/style>\t\t\t\t<p><strong><em><u>72h. Push\u00a0 back\u00a0 FRONTEX <\/u><\/em><\/strong><\/p><p><strong>Vous surveillez les fronti\u00e8res, nous vous surveillons!<\/strong><\/p><p><em>Cette campagne a pour but<\/em><em> de faire comprendre aux populations que<\/em><em> l&#8217;agence europ\u00e9enne de soit-disant garde-c\u00f4tes &#8211; Frontex &#8211; se d\u00e9ploie au S\u00e9n\u00e9gal et<\/em><em> de d\u00e9noncer comment l\u2019UE<\/em><em> collabore avec nos r\u00e9gimes complices tuant les migrants dans la M\u00e9diterran\u00e9e\u00a0et<\/em><em> dans les pays de transits.\u00a0 <img loading=\"lazy\" class=\" wp-image-15873 alignright\" src=\"https:\/\/bozafii.org\/wp-content\/uploads\/2022\/11\/P.-back-frontex.jpeg\" alt=\"\" width=\"174\" height=\"174\" srcset=\"https:\/\/bozafii.org\/wp-content\/uploads\/2022\/11\/P.-back-frontex.jpeg 702w, https:\/\/bozafii.org\/wp-content\/uploads\/2022\/11\/P.-back-frontex-300x300.jpeg 300w, https:\/\/bozafii.org\/wp-content\/uploads\/2022\/11\/P.-back-frontex-150x150.jpeg 150w, https:\/\/bozafii.org\/wp-content\/uploads\/2022\/11\/P.-back-frontex-600x600.jpeg 600w, https:\/\/bozafii.org\/wp-content\/uploads\/2022\/11\/P.-back-frontex-100x100.jpeg 100w\" sizes=\"(max-width: 174px) 100vw, 174px\" \/><\/em><\/p><p><strong>D\u00e9ploiement de Frontex au S\u00e9n\u00e9gal<\/strong><\/p><p>Au cours des deux derni\u00e8res ann\u00e9es, Frontex est devenue l&#8217;agence la plus puissante et la mieux financ\u00e9e de l&#8217;UE. En raison d&#8217;une \u00e9norme augmentation de budget, Frontex a constitu\u00e9 une flotte d&#8217;avions et de drones pour contr\u00f4ler et surveiller la M\u00e9diterran\u00e9e centrale sans avoir \u00e0 fournir une assistance directe en cas d&#8217;urgence en\u00a0 mer.<\/p><p>Nous avons d\u00e9nonc\u00e9 et document\u00e9 \u00e0 plusieurs reprises comment les avions de Frontex collaborent avec les soi-disant garde-c\u00f4tes libyens pour intercepter des bateaux en d\u00e9tresse et faire ramener ill\u00e9galement des personnes en Libye.<\/p><p>Au moins plus de <strong>20 000<\/strong> personnes sont mortes en M\u00e9diterran\u00e9e depuis 2015. Et plus de <strong>15 000<\/strong> d&#8217;entre eux ont \u00e9t\u00e9 tu\u00e9s sur la route traversant la M\u00e9diterran\u00e9e centrale, o\u00f9 op\u00e8rent les soi-disant garde-c\u00f4tes libyens et o\u00f9 l&#8217;UE pr\u00e9f\u00e8re regarder les gens se noyer.<\/p><p>Frontex affirme que d&#8217;ici la fin de cette ann\u00e9e, ils seront en mesure de surveiller pleinement la M\u00e9diterran\u00e9e centrale 24 heures sur 24 \u00e0 l&#8217;aide d&#8217;images satellite et d&#8217;op\u00e9rations de drones.<\/p><p>Aujourd\u2019hui, au S\u00e9n\u00e9gal, <span style=\"color: #0000ff;\">notre gouvernement vient d&#8217;autoriser l&#8217;ouverture de n\u00e9gociations sur un accord de statut entre l&#8217;Union europ\u00e9enne et la R\u00e9publique du S\u00e9n\u00e9gal relatif aux activit\u00e9s op\u00e9rationnelles men\u00e9es par l&#8217;Agence europ\u00e9enne de garde-fronti\u00e8res (Frontex) et de garde-c\u00f4tes de la R\u00e9publique du S\u00e9n\u00e9gal. <\/span>Plus malheureux encore est le fait que le d\u00e9ploiement de <a href=\"https:\/\/web.facebook.com\/hashtag\/frontex?__eep__=6&amp;__cft__%5b0%5d=AZVWWRUG4OHBTWwsvybBfNeFApw_Ua4jeTq9qSAIr7zNRnq7AJRWk8SqVrTss9e-aPBkjqFNFdHdtnc1VQuQJKIO2GVww3UGgkAMxyFsXikB2KHin5lmPtgfKXzL6BjV8QSVZT-HUAPA5z1PASxbX2seX9fnGCIQ6v58d3qQgdq5Vp7sD9KK1W17ztBvlu8hMW6sfsPlo_uw7Oyjb5Q6nFfe&amp;__tn__=*NK-R\">Frontex<\/a> se fera avec l&#8217;application de leur propre loi et non les lois S\u00e9n\u00e9galaises.\u00a0<\/p><p><img loading=\"lazy\" class=\"wp-image-14878 alignleft\" src=\"https:\/\/bozafii.org\/wp-content\/uploads\/2022\/10\/Frontex-723x1024.jpeg\" alt=\"\" width=\"158\" height=\"224\" srcset=\"https:\/\/bozafii.org\/wp-content\/uploads\/2022\/10\/Frontex-723x1024.jpeg 723w, https:\/\/bozafii.org\/wp-content\/uploads\/2022\/10\/Frontex-212x300.jpeg 212w, https:\/\/bozafii.org\/wp-content\/uploads\/2022\/10\/Frontex-600x849.jpeg 600w, https:\/\/bozafii.org\/wp-content\/uploads\/2022\/10\/Frontex.jpeg 763w\" sizes=\"(max-width: 158px) 100vw, 158px\" \/><\/p><p>L\u2019installation de <a href=\"https:\/\/web.facebook.com\/hashtag\/frontex?__eep__=6&amp;__cft__%5b0%5d=AZVWWRUG4OHBTWwsvybBfNeFApw_Ua4jeTq9qSAIr7zNRnq7AJRWk8SqVrTss9e-aPBkjqFNFdHdtnc1VQuQJKIO2GVww3UGgkAMxyFsXikB2KHin5lmPtgfKXzL6BjV8QSVZT-HUAPA5z1PASxbX2seX9fnGCIQ6v58d3qQgdq5Vp7sD9KK1W17ztBvlu8hMW6sfsPlo_uw7Oyjb5Q6nFfe&amp;__tn__=*NK-R\">Frontex<\/a> dans nos c\u00f4tes ne fera juste qu\u2019augmenter les morts forc\u00e9es dans les zones SAR de l&#8217;atlantique et la criminalisation de ceux-celles qui essayent de partir.<\/p><p>Pour cela <strong>Boza Fii (Benn k\u00e0ddu &#8211; Benn yoon)<\/strong>, organisera chaque ann\u00e9e au S\u00e9n\u00e9gal l\u2019\u00e9v\u00e8nement <strong>72h.<\/strong> <strong><em>PUSH\u00a0 BACK\u00a0 FRONTEX<\/em><\/strong> jusqu\u2019\u00e0 la dissolution d\u00e9finitive de l&#8217;agence europ\u00e9enne de garde-fronti\u00e8res (Frontex).<\/p><p>Entre septembre et octobre 2022 on a donc organis\u00e9 une manifestation \u00e0 Dakar, une comm\u00e9moration pour les disparu-e-s et un concert \u00a0rap &#8220;Musique et r\u00e9volution&#8221;.\u00a0<\/p><p>Ici quelques photos:<\/p>\t\t\t\t\t\t<\/div>\n\t\t\t\t<\/div>\n\t\t\t\t\t<\/div>\n\t\t<\/div>\n\t\t\t\t\t\t\t<\/div>\n\t\t<\/section>\n\t\t\t\t<section class=\"elementor-section elementor-top-section elementor-element elementor-element-05ccb08 elementor-section-boxed elementor-section-height-default elementor-section-height-default\" data-id=\"05ccb08\" data-element_type=\"section\">\n\t\t\t\t\t\t<div class=\"elementor-container elementor-column-gap-default\">\n\t\t\t\t\t<div class=\"elementor-column elementor-col-100 elementor-top-column elementor-element elementor-element-5cdc0d0\" data-id=\"5cdc0d0\" data-element_type=\"column\">\n\t\t\t<div class=\"elementor-widget-wrap elementor-element-populated\">\n\t\t\t\t\t\t\t\t<div class=\"elementor-element elementor-element-72d0070 elementor-widget elementor-widget-gallery\" data-id=\"72d0070\" data-element_type=\"widget\" data-settings=\"{&quot;lazyload&quot;:&quot;yes&quot;,&quot;gallery_layout&quot;:&quot;grid&quot;,&quot;columns&quot;:4,&quot;columns_tablet&quot;:2,&quot;columns_mobile&quot;:1,&quot;gap&quot;:{&quot;unit&quot;:&quot;px&quot;,&quot;size&quot;:10,&quot;sizes&quot;:[]},&quot;gap_tablet&quot;:{&quot;unit&quot;:&quot;px&quot;,&quot;size&quot;:10,&quot;sizes&quot;:[]},&quot;gap_mobile&quot;:{&quot;unit&quot;:&quot;px&quot;,&quot;size&quot;:10,&quot;sizes&quot;:[]},&quot;link_to&quot;:&quot;file&quot;,&quot;aspect_ratio&quot;:&quot;3:2&quot;,&quot;overlay_background&quot;:&quot;yes&quot;,&quot;content_hover_animation&quot;:&quot;fade-in&quot;}\" data-widget_type=\"gallery.default\">\n\t\t\t\t<div class=\"elementor-widget-container\">\n\t\t\t<style>\/*! elementor-pro - v3.8.1 - 07-11-2022 *\/\n.elementor-gallery__container{min-height:1px}.elementor-gallery-item{position:relative;overflow:hidden;display:block;text-decoration:none;border:solid var(--image-border-width) var(--image-border-color);border-radius:var(--image-border-radius)}.elementor-gallery-item__content,.elementor-gallery-item__overlay{height:100%;width:100%;position:absolute;top:0;left:0}.elementor-gallery-item__overlay{mix-blend-mode:var(--overlay-mix-blend-mode);-webkit-transition-duration:var(--overlay-transition-duration);-o-transition-duration:var(--overlay-transition-duration);transition-duration:var(--overlay-transition-duration);-webkit-transition-property:mix-blend-mode,opacity,background-color,-webkit-transform;transition-property:mix-blend-mode,opacity,background-color,-webkit-transform;-o-transition-property:mix-blend-mode,transform,opacity,background-color;transition-property:mix-blend-mode,transform,opacity,background-color;transition-property:mix-blend-mode,transform,opacity,background-color,-webkit-transform}.elementor-gallery-item__image.e-gallery-image{-webkit-transition-duration:var(--image-transition-duration);-o-transition-duration:var(--image-transition-duration);transition-duration:var(--image-transition-duration);-webkit-transition-property:-webkit-filter,-webkit-transform;transition-property:-webkit-filter,-webkit-transform;-o-transition-property:filter,transform;transition-property:filter,transform;transition-property:filter,transform,-webkit-filter,-webkit-transform}.elementor-gallery-item__content{display:-webkit-box;display:-ms-flexbox;display:flex;-webkit-box-orient:vertical;-webkit-box-direction:normal;-ms-flex-direction:column;flex-direction:column;-webkit-box-pack:var(--content-justify-content,center);-ms-flex-pack:var(--content-justify-content,center);justify-content:var(--content-justify-content,center);-webkit-box-align:center;-ms-flex-align:center;align-items:center;text-align:var(--content-text-align);padding:var(--content-padding)}.elementor-gallery-item__content>div{-webkit-transition-duration:var(--content-transition-duration);-o-transition-duration:var(--content-transition-duration);transition-duration:var(--content-transition-duration)}.elementor-gallery-item__content.elementor-gallery--sequenced-animation>div:nth-child(2){-webkit-transition-delay:calc(var(--content-transition-delay) \/ 3);-o-transition-delay:calc(var(--content-transition-delay) \/ 3);transition-delay:calc(var(--content-transition-delay) \/ 3)}.elementor-gallery-item__content.elementor-gallery--sequenced-animation>div:nth-child(3){-webkit-transition-delay:calc(var(--content-transition-delay) \/ 3 * 2);-o-transition-delay:calc(var(--content-transition-delay) \/ 3 * 2);transition-delay:calc(var(--content-transition-delay) \/ 3 * 2)}.elementor-gallery-item__content.elementor-gallery--sequenced-animation>div:nth-child(4){-webkit-transition-delay:calc(var(--content-transition-delay) \/ 3 * 3);-o-transition-delay:calc(var(--content-transition-delay) \/ 3 * 3);transition-delay:calc(var(--content-transition-delay) \/ 3 * 3)}.elementor-gallery-item__description{color:var(--description-text-color,#fff);width:100%}.elementor-gallery-item__title{color:var(--title-text-color,#fff);font-weight:700;width:100%}.elementor-gallery__titles-container{display:-webkit-box;display:-ms-flexbox;display:flex;-ms-flex-wrap:wrap;flex-wrap:wrap;-webkit-box-pack:var(--titles-container-justify-content,center);-ms-flex-pack:var(--titles-container-justify-content,center);justify-content:var(--titles-container-justify-content,center);margin-bottom:20px}.elementor-gallery__titles-container:not(.e--pointer-framed) .elementor-item:after,.elementor-gallery__titles-container:not(.e--pointer-framed) .elementor-item:before{background-color:var(--galleries-pointer-bg-color-hover)}.elementor-gallery__titles-container:not(.e--pointer-framed) .elementor-item.elementor-item-active:after,.elementor-gallery__titles-container:not(.e--pointer-framed) .elementor-item.elementor-item-active:before{background-color:var(--galleries-pointer-bg-color-active)}.elementor-gallery__titles-container.e--pointer-framed .elementor-item:before{border-color:var(--galleries-pointer-bg-color-hover);border-width:var(--galleries-pointer-border-width)}.elementor-gallery__titles-container.e--pointer-framed .elementor-item:after{border-color:var(--galleries-pointer-bg-color-hover)}.elementor-gallery__titles-container.e--pointer-framed .elementor-item.elementor-item-active:after,.elementor-gallery__titles-container.e--pointer-framed .elementor-item.elementor-item-active:before{border-color:var(--galleries-pointer-bg-color-active)}.elementor-gallery__titles-container.e--pointer-framed.e--animation-draw .elementor-item:before{border-left-width:var(--galleries-pointer-border-width);border-bottom-width:var(--galleries-pointer-border-width);border-right-width:0;border-top-width:0}.elementor-gallery__titles-container.e--pointer-framed.e--animation-draw .elementor-item:after{border-left-width:0;border-bottom-width:0;border-right-width:var(--galleries-pointer-border-width);border-top-width:var(--galleries-pointer-border-width)}.elementor-gallery__titles-container.e--pointer-framed.e--animation-corners .elementor-item:before{border-left-width:var(--galleries-pointer-border-width);border-bottom-width:0;border-right-width:0;border-top-width:var(--galleries-pointer-border-width)}.elementor-gallery__titles-container.e--pointer-framed.e--animation-corners .elementor-item:after{border-left-width:0;border-bottom-width:var(--galleries-pointer-border-width);border-right-width:var(--galleries-pointer-border-width);border-top-width:0}.elementor-gallery__titles-container .e--pointer-double-line .elementor-item:after,.elementor-gallery__titles-container .e--pointer-double-line .elementor-item:before,.elementor-gallery__titles-container .e--pointer-overline .elementor-item:before,.elementor-gallery__titles-container .e--pointer-underline .elementor-item:after{height:var(--galleries-pointer-border-width)}.elementor-gallery-title{--space-between:10px;cursor:pointer;color:#6d7882;font-weight:500;position:relative;padding:7px 14px;-webkit-transition:all .3s;-o-transition:all .3s;transition:all .3s}.elementor-gallery-title--active{color:#495157}.elementor-gallery-title:not(:last-child){margin-right:var(--space-between)}.elementor-gallery-item__title+.elementor-gallery-item__description{margin-top:var(--description-margin-top)}.e-gallery-item.elementor-gallery-item{-webkit-transition-property:all;-o-transition-property:all;transition-property:all}.e-gallery-item.elementor-animated-content .elementor-animated-item--enter-from-bottom,.e-gallery-item.elementor-animated-content .elementor-animated-item--enter-from-left,.e-gallery-item.elementor-animated-content .elementor-animated-item--enter-from-right,.e-gallery-item.elementor-animated-content .elementor-animated-item--enter-from-top,.e-gallery-item:hover .elementor-gallery__item-overlay-bg,.e-gallery-item:hover .elementor-gallery__item-overlay-content,.e-gallery-item:hover .elementor-gallery__item-overlay-content__description,.e-gallery-item:hover .elementor-gallery__item-overlay-content__title{opacity:1}a.elementor-item.elementor-gallery-title{color:var(--galleries-title-color-normal)}a.elementor-item.elementor-gallery-title.elementor-item-active,a.elementor-item.elementor-gallery-title.highlighted,a.elementor-item.elementor-gallery-title:focus,a.elementor-item.elementor-gallery-title:hover{color:var(--galleries-title-color-hover)}a.elementor-item.elementor-gallery-title.elementor-item-active{color:var(--gallery-title-color-active)}.e-con-inner>.elementor-widget-gallery,.e-con>.elementor-widget-gallery{width:var(--container-widget-width,100%)}<\/style>\t\t<div class=\"elementor-gallery__container\">\n\t\t\t\t\t\t\t<a class=\"e-gallery-item elementor-gallery-item elementor-animated-content\" href=\"https:\/\/bozafii.org\/wp-content\/uploads\/2023\/05\/Pushback-Frontex-2022-1-scaled.jpg\" data-elementor-open-lightbox=\"yes\" data-elementor-lightbox-slideshow=\"all-72d0070\" data-elementor-lightbox-title=\"Pushback Frontex 2022 1\" e-action-hash=\"#elementor-action%3Aaction%3Dlightbox%26settings%3DeyJpZCI6MTY1MjUsInVybCI6Imh0dHBzOlwvXC9ib3phZmlpLm9yZ1wvd3AtY29udGVudFwvdXBsb2Fkc1wvMjAyM1wvMDVcL1B1c2hiYWNrLUZyb250ZXgtMjAyMi0xLXNjYWxlZC5qcGciLCJzbGlkZXNob3ciOiJhbGwtNzJkMDA3MCJ9\">\n\t\t\t\t\t<div class=\"e-gallery-image elementor-gallery-item__image\" data-thumbnail=\"https:\/\/bozafii.org\/wp-content\/uploads\/2023\/05\/Pushback-Frontex-2022-1-300x200.jpg\" data-width=\"300\" data-height=\"200\" alt=\"\" ><\/div>\n\t\t\t\t\t\t\t\t\t\t\t<div class=\"elementor-gallery-item__overlay\"><\/div>\n\t\t\t\t\t\t\t\t\t\t\t\t\t\t<\/a>\n\t\t\t\t\t\t\t<a class=\"e-gallery-item elementor-gallery-item elementor-animated-content\" href=\"https:\/\/bozafii.org\/wp-content\/uploads\/2023\/05\/Push-Frontex-2022-4-scaled.jpg\" data-elementor-open-lightbox=\"yes\" data-elementor-lightbox-slideshow=\"all-72d0070\" data-elementor-lightbox-title=\"Push Frontex 2022 4\" e-action-hash=\"#elementor-action%3Aaction%3Dlightbox%26settings%3DeyJpZCI6MTY1MjYsInVybCI6Imh0dHBzOlwvXC9ib3phZmlpLm9yZ1wvd3AtY29udGVudFwvdXBsb2Fkc1wvMjAyM1wvMDVcL1B1c2gtRnJvbnRleC0yMDIyLTQtc2NhbGVkLmpwZyIsInNsaWRlc2hvdyI6ImFsbC03MmQwMDcwIn0%3D\">\n\t\t\t\t\t<div class=\"e-gallery-image elementor-gallery-item__image\" data-thumbnail=\"https:\/\/bozafii.org\/wp-content\/uploads\/2023\/05\/Push-Frontex-2022-4-300x200.jpg\" data-width=\"300\" data-height=\"200\" alt=\"\" ><\/div>\n\t\t\t\t\t\t\t\t\t\t\t<div class=\"elementor-gallery-item__overlay\"><\/div>\n\t\t\t\t\t\t\t\t\t\t\t\t\t\t<\/a>\n\t\t\t\t\t\t\t<a class=\"e-gallery-item elementor-gallery-item elementor-animated-content\" href=\"https:\/\/bozafii.org\/wp-content\/uploads\/2023\/05\/Push-Back-Frontex-2022-5-scaled.jpg\" data-elementor-open-lightbox=\"yes\" data-elementor-lightbox-slideshow=\"all-72d0070\" data-elementor-lightbox-title=\"Push Back Frontex 2022 5\" e-action-hash=\"#elementor-action%3Aaction%3Dlightbox%26settings%3DeyJpZCI6MTY1MjcsInVybCI6Imh0dHBzOlwvXC9ib3phZmlpLm9yZ1wvd3AtY29udGVudFwvdXBsb2Fkc1wvMjAyM1wvMDVcL1B1c2gtQmFjay1Gcm9udGV4LTIwMjItNS1zY2FsZWQuanBnIiwic2xpZGVzaG93IjoiYWxsLTcyZDAwNzAifQ%3D%3D\">\n\t\t\t\t\t<div class=\"e-gallery-image elementor-gallery-item__image\" data-thumbnail=\"https:\/\/bozafii.org\/wp-content\/uploads\/2023\/05\/Push-Back-Frontex-2022-5-300x200.jpg\" data-width=\"300\" data-height=\"200\" alt=\"\" ><\/div>\n\t\t\t\t\t\t\t\t\t\t\t<div class=\"elementor-gallery-item__overlay\"><\/div>\n\t\t\t\t\t\t\t\t\t\t\t\t\t\t<\/a>\n\t\t\t\t\t\t\t<a class=\"e-gallery-item elementor-gallery-item elementor-animated-content\" href=\"https:\/\/bozafii.org\/wp-content\/uploads\/2023\/05\/Push-Back-Frontex-2022-3-scaled.jpg\" data-elementor-open-lightbox=\"yes\" data-elementor-lightbox-slideshow=\"all-72d0070\" data-elementor-lightbox-title=\"Push Back Frontex 2022 3\" e-action-hash=\"#elementor-action%3Aaction%3Dlightbox%26settings%3DeyJpZCI6MTY1MjgsInVybCI6Imh0dHBzOlwvXC9ib3phZmlpLm9yZ1wvd3AtY29udGVudFwvdXBsb2Fkc1wvMjAyM1wvMDVcL1B1c2gtQmFjay1Gcm9udGV4LTIwMjItMy1zY2FsZWQuanBnIiwic2xpZGVzaG93IjoiYWxsLTcyZDAwNzAifQ%3D%3D\">\n\t\t\t\t\t<div class=\"e-gallery-image elementor-gallery-item__image\" data-thumbnail=\"https:\/\/bozafii.org\/wp-content\/uploads\/2023\/05\/Push-Back-Frontex-2022-3-300x200.jpg\" data-width=\"300\" data-height=\"200\" alt=\"\" ><\/div>\n\t\t\t\t\t\t\t\t\t\t\t<div class=\"elementor-gallery-item__overlay\"><\/div>\n\t\t\t\t\t\t\t\t\t\t\t\t\t\t<\/a>\n\t\t\t\t\t<\/div>\n\t\t\t<\/div>\n\t\t\t\t<\/div>\n\t\t\t\t\t<\/div>\n\t\t<\/div>\n\t\t\t\t\t\t\t<\/div>\n\t\t<\/section>\n\t\t\t\t<section class=\"elementor-section elementor-top-section elementor-element elementor-element-069f57c elementor-section-boxed elementor-section-height-default elementor-section-height-default\" data-id=\"069f57c\" data-element_type=\"section\">\n\t\t\t\t\t\t<div class=\"elementor-container elementor-column-gap-default\">\n\t\t\t\t\t<div class=\"elementor-column elementor-col-100 elementor-top-column elementor-element elementor-element-e749ff0\" data-id=\"e749ff0\" data-element_type=\"column\">\n\t\t\t<div class=\"elementor-widget-wrap elementor-element-populated\">\n\t\t\t\t\t\t\t\t<div class=\"elementor-element elementor-element-d877df0 elementor-aspect-ratio-219 elementor-widget__width-auto elementor-widget elementor-widget-video\" data-id=\"d877df0\" data-element_type=\"widget\" data-settings=\"{&quot;video_type&quot;:&quot;hosted&quot;,&quot;aspect_ratio&quot;:&quot;219&quot;,&quot;controls&quot;:&quot;yes&quot;}\" data-widget_type=\"video.default\">\n\t\t\t\t<div class=\"elementor-widget-container\">\n\t\t\t<style>\/*! elementor - v3.6.8 - 27-07-2022 *\/\n.elementor-widget-video .elementor-widget-container{overflow:hidden;-webkit-transform:translateZ(0);transform:translateZ(0)}.elementor-widget-video .elementor-open-inline .elementor-custom-embed-image-overlay{position:absolute;top:0;left:0;width:100%;height:100%;background-size:cover;background-position:50%}.elementor-widget-video .elementor-custom-embed-image-overlay{cursor:pointer;text-align:center}.elementor-widget-video .elementor-custom-embed-image-overlay:hover .elementor-custom-embed-play i{opacity:1}.elementor-widget-video .elementor-custom-embed-image-overlay img{display:block;width:100%}.elementor-widget-video .e-hosted-video .elementor-video{-o-object-fit:cover;object-fit:cover}<\/style>\t\t<div class=\"e-hosted-video elementor-wrapper elementor-fit-aspect-ratio elementor-open-inline\">\n\t\t\t\t\t<video class=\"elementor-video\" src=\"https:\/\/bozafii.org\/wp-content\/uploads\/2023\/05\/WhatsApp-Video-2023-05-24-at-13.10.46-1.mp4\" controls=\"\" controlsList=\"nodownload\"><\/video>\n\t\t\t\t<\/div>\n\t\t\t\t<\/div>\n\t\t\t\t<\/div>\n\t\t\t\t\t<\/div>\n\t\t<\/div>\n\t\t\t\t\t\t\t<\/div>\n\t\t<\/section>\n\t\t\t\t\t\t\t<\/div>\n\t\t","protected":false},"excerpt":{"rendered":"<p>72h. Push\u00a0 back\u00a0 FRONTEX Vous surveillez les fronti\u00e8res, nous vous surveillons! Cette campagne a pour but de faire comprendre aux populations que l&#8217;agence europ\u00e9enne de soit-disant garde-c\u00f4tes &#8211; Frontex &#8211; se d\u00e9ploie au S\u00e9n\u00e9gal et de d\u00e9noncer comment l\u2019UE collabore avec nos r\u00e9gimes complices tuant les migrants dans la M\u00e9diterran\u00e9e\u00a0et dans les pays de transits.\u00a0 [&hellip;]<\/p>\n","protected":false},"author":2,"featured_media":0,"parent":0,"menu_order":0,"comment_status":"closed","ping_status":"closed","template":"","meta":{"om_disable_all_campaigns":false,"_monsterinsights_skip_tracking":false,"_monsterinsights_sitenote_active":false,"_monsterinsights_sitenote_note":"","_monsterinsights_sitenote_category":0},"aioseo_notices":[],"_links":{"self":[{"href":"https:\/\/bozafii.org\/index.php\/wp-json\/wp\/v2\/pages\/16294"}],"collection":[{"href":"https:\/\/bozafii.org\/index.php\/wp-json\/wp\/v2\/pages"}],"about":[{"href":"https:\/\/bozafii.org\/index.php\/wp-json\/wp\/v2\/types\/page"}],"author":[{"embeddable":true,"href":"https:\/\/bozafii.org\/index.php\/wp-json\/wp\/v2\/users\/2"}],"replies":[{"embeddable":true,"href":"https:\/\/bozafii.org\/index.php\/wp-json\/wp\/v2\/comments?post=16294"}],"version-history":[{"count":41,"href":"https:\/\/bozafii.org\/index.php\/wp-json\/wp\/v2\/pages\/16294\/revisions"}],"predecessor-version":[{"id":16561,"href":"https:\/\/bozafii.org\/index.php\/wp-json\/wp\/v2\/pages\/16294\/revisions\/16561"}],"wp:attachment":[{"href":"https:\/\/bozafii.org\/index.php\/wp-json\/wp\/v2\/media?parent=16294"}],"curies":[{"name":"wp","href":"https:\/\/api.w.org\/{rel}","templated":true}]}}