{"id":16282,"date":"2023-05-15T20:58:32","date_gmt":"2023-05-15T20:58:32","guid":{"rendered":"https:\/\/bozafii.org\/?page_id=16282"},"modified":"2023-05-15T22:00:40","modified_gmt":"2023-05-15T22:00:40","slug":"nunn-le-potentiels-migrants","status":"publish","type":"page","link":"https:\/\/bozafii.org\/index.php\/nunn-le-potentiels-migrants\/","title":{"rendered":"\u00d1unn l\u00eb (Potentiels migrants)"},"content":{"rendered":"<p><strong><em><u>Tome \u2013 7 \/ \u00d1unn l\u00eb (Potentiels migrants)<\/u><\/em><\/strong><\/p>\n<p><em>On aimerait bien nous voir s&#8217;\u00e9tablir dans notre propre pays et \u00eatre en temps r\u00e9el avec notre famille. Cela ne d\u00e9pend pas aussi des longs discours que nous avons eu l&#8217;habitude d&#8217;entendre depuis notre enfance.\u00a0 Plus qu&#8217;on grandit plus qu&#8217;on voit que la vie dans notre pays devient dure et parfois m\u00eame impossible. M\u00eame avec cette fameuse phrase : &#8220;tout ce que Dieu est bon&#8221; qui donne \u00e0 certaines personnes le courage de rester dans le pays n\u2019emp\u00eache que la plus part n\u2019ont plus cette patience.<\/em><\/p>\n<p><em><br \/>\n<img loading=\"lazy\" class=\"alignleft\" src=\"https:\/\/bozafii.org\/wp-content\/uploads\/2022\/10\/Nuun-le-150x150.jpeg\" alt=\"\" width=\"150\" height=\"150\" \/><\/em><\/p>\n<p>Il y a dix ans qu&#8217;ils avaient dix ans, cela fait dix ans que l&#8217;on nous disait, nous vivrons mieux que nos parents. Mais nous avons constat\u00e9s que cette lumi\u00e8re est \u00e9teinte. A trente ans d\u00e9j\u00e0, tr\u00e8s soucieux de leurs perspectives professionnelles certaines personnes songent \u00e0 une vie aventuri\u00e8re. Tout comme jeunes ambitieux, beaucoup ne vont pas \u00e9chapper \u00e0 l&#8217;exploitation des syst\u00e8mes capitalistes dans nos pays. O\u00f9 trouver un premier emploi est vraiment tout un parcours du combattant, n\u00e9anmoins on demande une exp\u00e9rience de trois \u00e0 cinq ans pour les recrutements et tout cela aussi pour justifier l&#8217;endurance d&#8217;un boulot sans plan de carri\u00e8re. Sans ne pas manquer \u00e0 dire les salaires mis\u00e9rables, des entreprises sans sociales, des horaires saturants et dans un pays o\u00f9 le cout de la vie moyenne est excessivement trop \u00e9lev\u00e9. Que nous ont garanti nos dipl\u00f4mes? Si nous devons continuer \u00e0 demander de gauche \u00e0 droite pour survivre m\u00eame si on travaille. Nous pensons que les gens ne travaillent pas pour juste avoir de quoi manger mais pour s\u00e9curiser la vie de leurs prog\u00e9nitures, pour arranger la vie sociale de leur famille et faire des perspectives de d\u00e9veloppements pour un avenir certain. Le S\u00e9n\u00e9gal est l\u2019un des pays les plus riches en mati\u00e8res premi\u00e8res dans monde, mais qui fait partie parmi les pays les plus pauvres du globe. Comment pouvons-nous donner une explication \u00e0 cela ? Des dirigeants qui sont indignes, une population qui nage dans l&#8217;ignorance, des multinationales qui exploitent ses employ\u00e9s, des banques qui dictent leurs lois ainsi une jeunesse d\u00e9sorient\u00e9e et beaucoup d&#8217;autres facteurs qui sont inexpliqu\u00e9s dans cette mauvaise gestion.<\/p>\n<p>Les potentiels migrants essaient d\u2019avoir une vie meilleure mais malheureusement leur pays n\u2019arrive souvent pas \u00e0 leurs offrir les possibilit\u00e9s.<\/p>\n<p>Ainsi dans un autre contexte, nombreux permis les eux, sont des personnes qui n\u2019ont pas \u00e9tudi\u00e9 ou pas suivie une formation mais parfois aussi mal inform\u00e9s.<\/p>\n<p>Mais aussi des familles qui ne manquent pas de mettre la pression sur les jeunes.<\/p>\n<p>Beaucoup de jeunes pensent gagner leur vie et pour retrouver leur dignit\u00e9, \u00e0 travers le ph\u00e9nom\u00e8ne de la migration. Cependant, la plupart d&#8217;entre eux croient et sont parfois convaincu que, l&#8217;Europe est la meilleure solution pour avoir une vie s\u00e9curis\u00e9e.<\/p>\n<p>Et pourtant ces personnes sont des \u00eatres r\u00e9els, naturels et fiers de notre situation tout en se battant pour l\u2019am\u00e9liorer. Partout dans le monde les gens se battent pour \u00eatre ind\u00e9pendant par rapport \u00e0 leurs besoins quotidiens. \u00c9tant donn\u00e9 qu\u2019aujourd\u2019hui nous vivons la mondialisation o\u00f9 un Dakarois gagne sa vie \u00e0 Paris, un Libanais gagne sa vie en C\u00f4te d\u2019ivoire et un Am\u00e9ricain gagne sa vie en Chine. La migration ne devrait pr\u00e9senter aucun probl\u00e8me partout dans le monde.<\/p>\n<p>Les politiques migratoires sont devenus sources d\u2019\u00e9ventuels conflits entre les \u00e9tats. Cette libert\u00e9 de circulation de tout un chacun ne doit pas \u00eatre tout simplement prescrite sur des documents mais du moins une r\u00e9alit\u00e9 dans les c\u0153urs. Aujourd\u2019hui nous pensons qu\u2019il est temps de pens\u00e9e positivement.<\/p>\n<p>Vu la situation, nous pensons \u2026\u2026\u2026\u2026\u2026\u2026<\/p>\n<ol>\n<li>leur donner la bonne information \/ lyc\u00e9es \/ \u00e9coles \/ darra (Talib\u00e9) \/ Scool-tour<\/li>\n<li>mettre en place des activit\u00e9s leur permettant de se d\u00e9velopper (projets fonctionnels)<\/li>\n<li>Pression familiale \/ Exploitation capitalisme<\/li>\n<\/ol>\n","protected":false},"excerpt":{"rendered":"<p>Tome \u2013 7 \/ \u00d1unn l\u00eb (Potentiels migrants) On aimerait bien nous voir s&#8217;\u00e9tablir dans notre propre pays et \u00eatre en temps r\u00e9el avec notre famille. Cela ne d\u00e9pend pas aussi des longs discours que nous avons eu l&#8217;habitude d&#8217;entendre depuis notre enfance.\u00a0 Plus qu&#8217;on grandit plus qu&#8217;on voit que la vie dans notre pays [&hellip;]<\/p>\n","protected":false},"author":2,"featured_media":0,"parent":0,"menu_order":0,"comment_status":"closed","ping_status":"closed","template":"","meta":{"om_disable_all_campaigns":false,"_monsterinsights_skip_tracking":false,"_monsterinsights_sitenote_active":false,"_monsterinsights_sitenote_note":"","_monsterinsights_sitenote_category":0},"aioseo_notices":[],"_links":{"self":[{"href":"https:\/\/bozafii.org\/index.php\/wp-json\/wp\/v2\/pages\/16282"}],"collection":[{"href":"https:\/\/bozafii.org\/index.php\/wp-json\/wp\/v2\/pages"}],"about":[{"href":"https:\/\/bozafii.org\/index.php\/wp-json\/wp\/v2\/types\/page"}],"author":[{"embeddable":true,"href":"https:\/\/bozafii.org\/index.php\/wp-json\/wp\/v2\/users\/2"}],"replies":[{"embeddable":true,"href":"https:\/\/bozafii.org\/index.php\/wp-json\/wp\/v2\/comments?post=16282"}],"version-history":[{"count":2,"href":"https:\/\/bozafii.org\/index.php\/wp-json\/wp\/v2\/pages\/16282\/revisions"}],"predecessor-version":[{"id":16415,"href":"https:\/\/bozafii.org\/index.php\/wp-json\/wp\/v2\/pages\/16282\/revisions\/16415"}],"wp:attachment":[{"href":"https:\/\/bozafii.org\/index.php\/wp-json\/wp\/v2\/media?parent=16282"}],"curies":[{"name":"wp","href":"https:\/\/api.w.org\/{rel}","templated":true}]}}