{"id":16280,"date":"2023-05-15T20:57:05","date_gmt":"2023-05-15T20:57:05","guid":{"rendered":"https:\/\/bozafii.org\/?page_id=16280"},"modified":"2023-05-15T20:57:05","modified_gmt":"2023-05-15T20:57:05","slug":"noel-solidaction-de-boza-fii","status":"publish","type":"page","link":"https:\/\/bozafii.org\/index.php\/noel-solidaction-de-boza-fii\/","title":{"rendered":"No\u00ebl\u00a0\u00ab\u00a0Solid\u2019Action \u00bb de Boza Fii\u00a0"},"content":{"rendered":"<p><strong><em><u>Tome \u2013 6 \/ No\u00ebl\u00a0\u00ab\u00a0<\/u><\/em><\/strong><strong><em><u>Solid\u2019<\/u><\/em><\/strong><strong><em><u>Action \u00bb de Boza Fii\u00a0<\/u><\/em><\/strong><\/p>\n<p><strong><em>La solidarit\u00e9\u00a0:<\/em><\/strong><\/p>\n<ul>\n<li><em>C\u2019est s\u2019entraider pour avancer <\/em><\/li>\n<li><em>C\u2019est aider les autres personnes volontairement <\/em><\/li>\n<li><em>C\u2019est faire plaisir sans rien demander en \u00e9change <\/em><\/li>\n<li><em>C\u2019est aider les autres pour faire plaisir et se faire plaisir et de cette fa\u00e7on, faire le bien<\/em><\/li>\n<\/ul>\n<p><img loading=\"lazy\" class=\"alignright\" src=\"https:\/\/bozafii.org\/wp-content\/uploads\/2022\/10\/Noel-Solidaction-150x150.jpg\" alt=\"\" width=\"150\" height=\"150\" \/>\u00catre solidaire, \u00e7a demande souvent du courage, du temps, parfois de l&#8217;argent, et \u00e7a peut aussi bousculer nos habitudes. Pourtant, la solidarit\u00e9, c&#8217;est important car, se soutenir les uns les autres, c&#8217;est l&#8217;un des meilleurs moyens de cr\u00e9er un monde plus juste.<\/p>\n<p>Cette initiative <strong><em>No\u00ebl\u00a0\u00ab\u00a0<\/em><\/strong><strong><em>Solid\u2019<\/em><\/strong><strong><em>Action \u00bb <\/em><\/strong><em>de<strong> Boza Fii\u00a0<\/strong><\/em> a pour objectif de pr\u00eater main-forte aux enfants d\u00e9munies et pauvres qui sont fragilis\u00e9es par les drames de la migration. Elle participe \u00e9galement \u00e0 l\u2019insertion scolaire, sociale et \u00e9conomique de ces derniers.<\/p>\n<p>Si le regard sur la culture enfantine s&#8217;est seulement d\u00e9velopp\u00e9 depuis peu, les enfants en situation de d\u00e9tresse ne font pas vraiment partie de ces perspectives. Leur statut d&#8217;enfant orphelin parfois les emp\u00eachait m\u00eame davantage d&#8217;\u00eatre reconnus comme des enfants \u00e0 part enti\u00e8re, ou comme capables de participer \u00e0 la construction d&#8217;une culture enfantine.<\/p>\n<p><strong>\u00a0<\/strong><strong>Boza Fii<\/strong> va commencer \u00e0 impliquer ces enfants en situation d\u2019orphelin des drames de la migration dans des projets de recherche comme participants, en leur accordant ainsi un statut d&#8217;acteur. Nous essayerons de mette tout en \u0153uvre pour que chaque enfant orphelin par cette route migratoire puisse avoir acc\u00e8s aux soins et \u00e0 l\u2019\u00e9ducation pour grandir et s\u2019\u00e9panouir, gr\u00e2ce \u00e0 vous et avec vous. En partant d\u2019une \u00a0mission humanitaire permettant d\u2019apporter une aide concr\u00e8te pour ces enfants.<\/p>\n<p>Cette frange de la population a \u00e9t\u00e9 identifi\u00e9e comme une cible sp\u00e9cifique \u00e0 laquelle une attention particuli\u00e8re doit \u00eatre accord\u00e9e dans les politiques et strat\u00e9gies de d\u00e9veloppement du pays, notamment en mati\u00e8re de lutte contre la d\u00e9scolarisation. Une approche qui vise \u00e0 mieux respecter les droits fondamentaux des enfants, c\u2019est-\u00e0-dire le droit \u00e0 l\u2019alimentation, \u00e0 l\u2019\u00e9ducation, \u00e0 la sant\u00e9, au d\u00e9veloppement, au repos et au loisir de m\u00eame que le droit \u00e0 \u00eatre prot\u00e9g\u00e9 contre l\u2019exploitation sexuelle et \u00e9conomique.<\/p>\n<p>Dans cette perspective, l\u2019initiative <strong><em>No\u00ebl\u00a0\u00ab\u00a0<\/em><\/strong><strong><em>Solid\u2019<\/em><\/strong><strong><em>Action \u00bb <\/em><\/strong>mis en \u0153uvre par le <strong>Boza Fii<\/strong> contribue \u00e0 l\u2019am\u00e9lioration continue des conditions de vie des orphelins et autres enfants en situations vuln\u00e9rables. Elle va permettre notamment de\u00a0:<\/p>\n<ul>\n<li>Sensibiliser les populations des zones d\u2019intervention aux droits des enfants en g\u00e9n\u00e9ral et particuli\u00e8rement \u00e0 ceux des orphelins et enfants vuln\u00e9rables;<\/li>\n<li>Accro\u00eetre l\u2019engagement de ces communaut\u00e9s envers la protection et la prise en charge des orphelins et enfants vuln\u00e9rables ;<\/li>\n<li>Couvrir les besoins en soutien psychosocial de ces enfants ;<\/li>\n<li>Distribuer des vivres \u00e0 ces enfants en proie \u00e0 un d\u00e9ficit c\u00e9r\u00e9alier chronique ;<\/li>\n<li>Distribuer des kits scolaires et payer des cotisations de parents d\u2019\u00e9l\u00e8ves pour leur permettre d\u2019aller \u00e0 l\u2019\u00e9cole ;<\/li>\n<li>Placer ces orphelins et enfants vuln\u00e9rables dans des ateliers de formation professionnelle, afin d\u2019am\u00e9liorer leur employabilit\u00e9 et d\u2019ouvrir la voie de leur autonomisation ;<\/li>\n<li>Initier des activit\u00e9s g\u00e9n\u00e9ratrices de revenus au profit de ces m\u00e8res\/tutrices ;<\/li>\n<li>\u00c9tablir les actes\u00a0de naissance de ces orphelins et enfants vuln\u00e9rables.<\/li>\n<\/ul>\n","protected":false},"excerpt":{"rendered":"<p>Tome \u2013 6 \/ No\u00ebl\u00a0\u00ab\u00a0Solid\u2019Action \u00bb de Boza Fii\u00a0 La solidarit\u00e9\u00a0: C\u2019est s\u2019entraider pour avancer C\u2019est aider les autres personnes volontairement C\u2019est faire plaisir sans rien demander en \u00e9change C\u2019est aider les autres pour faire plaisir et se faire plaisir et de cette fa\u00e7on, faire le bien \u00catre solidaire, \u00e7a demande souvent du courage, du [&hellip;]<\/p>\n","protected":false},"author":2,"featured_media":0,"parent":0,"menu_order":0,"comment_status":"closed","ping_status":"closed","template":"","meta":{"om_disable_all_campaigns":false,"_monsterinsights_skip_tracking":false,"_monsterinsights_sitenote_active":false,"_monsterinsights_sitenote_note":"","_monsterinsights_sitenote_category":0},"aioseo_notices":[],"_links":{"self":[{"href":"https:\/\/bozafii.org\/index.php\/wp-json\/wp\/v2\/pages\/16280"}],"collection":[{"href":"https:\/\/bozafii.org\/index.php\/wp-json\/wp\/v2\/pages"}],"about":[{"href":"https:\/\/bozafii.org\/index.php\/wp-json\/wp\/v2\/types\/page"}],"author":[{"embeddable":true,"href":"https:\/\/bozafii.org\/index.php\/wp-json\/wp\/v2\/users\/2"}],"replies":[{"embeddable":true,"href":"https:\/\/bozafii.org\/index.php\/wp-json\/wp\/v2\/comments?post=16280"}],"version-history":[{"count":1,"href":"https:\/\/bozafii.org\/index.php\/wp-json\/wp\/v2\/pages\/16280\/revisions"}],"predecessor-version":[{"id":16281,"href":"https:\/\/bozafii.org\/index.php\/wp-json\/wp\/v2\/pages\/16280\/revisions\/16281"}],"wp:attachment":[{"href":"https:\/\/bozafii.org\/index.php\/wp-json\/wp\/v2\/media?parent=16280"}],"curies":[{"name":"wp","href":"https:\/\/api.w.org\/{rel}","templated":true}]}}