{"id":16203,"date":"2023-05-15T20:22:30","date_gmt":"2023-05-15T20:22:30","guid":{"rendered":"https:\/\/bozafii.org\/?page_id=16203"},"modified":"2023-05-15T21:51:48","modified_gmt":"2023-05-15T21:51:48","slug":"caravane-de-sensibilisation","status":"publish","type":"page","link":"https:\/\/bozafii.org\/index.php\/caravane-de-sensibilisation\/","title":{"rendered":"Caravane de sensibilisation"},"content":{"rendered":"\t\t<div data-elementor-type=\"wp-page\" data-elementor-id=\"16203\" class=\"elementor elementor-16203\">\n\t\t\t\t\t\t\t\t\t<section class=\"elementor-section elementor-top-section elementor-element elementor-element-4c2bc98c elementor-section-boxed elementor-section-height-default elementor-section-height-default\" data-id=\"4c2bc98c\" data-element_type=\"section\">\n\t\t\t\t\t\t<div class=\"elementor-container elementor-column-gap-default\">\n\t\t\t\t\t<div class=\"elementor-column elementor-col-100 elementor-top-column elementor-element elementor-element-7e058c45\" data-id=\"7e058c45\" data-element_type=\"column\">\n\t\t\t<div class=\"elementor-widget-wrap elementor-element-populated\">\n\t\t\t\t\t\t\t\t<div class=\"elementor-element elementor-element-2c5e6a83 elementor-widget elementor-widget-text-editor\" data-id=\"2c5e6a83\" data-element_type=\"widget\" data-widget_type=\"text-editor.default\">\n\t\t\t\t<div class=\"elementor-widget-container\">\n\t\t\t<style>\/*! elementor - v3.6.8 - 27-07-2022 *\/\n.elementor-widget-text-editor.elementor-drop-cap-view-stacked .elementor-drop-cap{background-color:#818a91;color:#fff}.elementor-widget-text-editor.elementor-drop-cap-view-framed .elementor-drop-cap{color:#818a91;border:3px solid;background-color:transparent}.elementor-widget-text-editor:not(.elementor-drop-cap-view-default) .elementor-drop-cap{margin-top:8px}.elementor-widget-text-editor:not(.elementor-drop-cap-view-default) .elementor-drop-cap-letter{width:1em;height:1em}.elementor-widget-text-editor .elementor-drop-cap{float:left;text-align:center;line-height:1;font-size:50px}.elementor-widget-text-editor .elementor-drop-cap-letter{display:inline-block}<\/style>\t\t\t\t<p><strong><em><u>Tome \u2013 2 \/ Caravane de sensibilisation <img loading=\"lazy\" class=\"alignleft\" src=\"https:\/\/bozafii.org\/wp-content\/uploads\/2022\/10\/caravane-150x150.jpg\" alt=\"\" width=\"150\" height=\"150\" \/><\/u><\/em><\/strong><\/p><p><em><img loading=\"lazy\" class=\"alignright\" src=\"https:\/\/bozafii.org\/wp-content\/uploads\/2022\/10\/Caravane-Goudiry-300x187.jpeg\" alt=\"\" width=\"408\" height=\"254\" \/>Chaque ann\u00e9e on organise une caravane qui a pour but\u00a0 de promouvoir le droit \u00e0 l\u2019identit\u00e9 et \u00e0 la dignit\u00e9 pour toutes les victimes de nos fronti\u00e8res, et le droit de leurs familles \u00e0 savoir, ainsi <\/em><em>de faire passer le message sur les politiques migratoires et les investissements en lien avec les questions de la migration au S\u00e9n\u00e9gal, mais \u00e9galement sur les le\u00e7ons \u00e0 retenir et les nouvelles perspectives \u00e0 d\u00e9velopper.<\/em><\/p><p>On estime \u00e0 plus de 50.000 le nombre de personnes mortes et disparues aux fronti\u00e8res de l\u2019Europe depuis 1993. Beaucoup de familles aujourd\u2019hui font face \u00e0 une situation douloureuse d\u2019avoir perdu leurs enfants sans avoir aucune id\u00e9e de l\u00e0 o\u00f9 ils sont et sans nouvelles depuis des ann\u00e9es.<\/p><p>La <strong>caravane<\/strong> de sensibilisation\u00a0: <strong><em>THE PATRIOT Act. <\/em><\/strong><strong><em>tome.2<\/em><\/strong> <strong><em>\u00a0<\/em><\/strong>de <strong><em>BOZA FII<\/em><\/strong> descende sur le terrain et va parcourir les quatre coins du pays. Chaque ann\u00e9e elle va se d\u00e9placer sans cesse pour toucher le maximum de s\u00e9n\u00e9galais dans les villes ainsi que dans les zones rurales les plus recul\u00e9es\u00a0 du pays et dans certains pays de la sous-r\u00e9gion. Dans chaque point cibl\u00e9, notre \u00e9quipe se d\u00e9placera avec des animateurs qui visitent quotidiennement les zones les plus impact\u00e9es dans ce flux migratoire. En 2022 on est parti-e-s dans le sud du pays, \u00e0 Tambacounda, Kotiari, Kidira, Goudiri et Dakar.<\/p><p>L\u2019\u00e9quipe de <strong><em>BOZA FII<\/em><\/strong>, est \u00e0 la fois expert sur le contexte de transit des migrants s\u00e9n\u00e9galais et autres migrants subsahariens sur la situation de retour volontaire et rapatri\u00e9s. Nous organiseront des r\u00e9unions, des ateliers, des projections de films sur la route migratoire, des d\u00e9bats ouverts etc\u2026 avec des groupes cibl\u00e9s de la population et renouent avec les leaders actifs dans les activit\u00e9s sociales de chaque r\u00e9gion o\u00f9 nous serons.<\/p><ul><li>Cette caravane sera l&#8217;occasion d&#8217;\u00e9changer sur les r\u00e9alit\u00e9s de vie et auto-organisation des migrants dans leur parcour migratoire et difficult\u00e9s rencontr\u00e9es par les amis et familles des disparus aux fronti\u00e8res.<\/li><li>Notre caravane a pour vision d\u2019identifier et r\u00e9pondre aux besoins des communaut\u00e9s vers lesquelles les migrants retournent en incluant des dispositions respectives dans les strat\u00e9gies nationales et locales de d\u00e9veloppement, la planification des infrastructures, les allocations budg\u00e9taires et autres d\u00e9cisions politiques pertinentes ainsi en coop\u00e9rant avec les acteurs concern\u00e9s.<\/li><li>L\u2019id\u00e9e est de faire comprendre aux populations que les fronti\u00e8res tuent et comment les migrants vivent dans des situations vuln\u00e9rables dans les pays de transits. Mais aussi plus important de rappeler \u00e0 nos gouvernements de faire plus d\u2019efforts tout en mettant en place des programmes pour que les jeunes puissent se d\u00e9placer librement et sans danger ainsi plus pratique aussi de stabiliser dans leurs pays d\u2019origines et d\u2019ins\u00e9rer leurs citoyens dans le syst\u00e8me une fois retourn\u00e9s de l\u2019immigration.<\/li><li>Il est important aussi de faire savoir \u00e0 nos gouvernants comment les familles des disparus vivent avec ce lourd fardeau, sachant que leurs enfants ont perdu la vie dans des situations difficiles ou ont disparu sans laisser aucune trace. Mais aussi que les familles des disparues sachent qu\u2019ells ont le droit \u00e0 une recherche pour leurs proches et le droit \u00e0 savoir.<\/li><\/ul><p>Aujourd\u2019hui <strong>BOZA FII<\/strong> est pr\u00eat \u00e0 amener un espoir pour ces familles d\u00e9sesp\u00e9r\u00e9es et traumatis\u00e9es pour la recherche de leurs enfants disparus.<\/p><p><strong>\u00a0<\/strong><\/p><p><em>\u00a0<\/em><\/p>\t\t\t\t\t\t<\/div>\n\t\t\t\t<\/div>\n\t\t\t\t\t<\/div>\n\t\t<\/div>\n\t\t\t\t\t\t\t<\/div>\n\t\t<\/section>\n\t\t\t\t<section class=\"elementor-section elementor-top-section elementor-element elementor-element-86a53b5 elementor-section-boxed elementor-section-height-default elementor-section-height-default\" data-id=\"86a53b5\" data-element_type=\"section\">\n\t\t\t\t\t\t<div class=\"elementor-container elementor-column-gap-default\">\n\t\t\t\t\t<div class=\"elementor-column elementor-col-100 elementor-top-column elementor-element elementor-element-5952c43\" data-id=\"5952c43\" data-element_type=\"column\">\n\t\t\t<div class=\"elementor-widget-wrap elementor-element-populated\">\n\t\t\t\t\t\t\t\t<div class=\"elementor-element elementor-element-47266a2 elementor-widget elementor-widget-gallery\" data-id=\"47266a2\" data-element_type=\"widget\" data-settings=\"{&quot;gallery_layout&quot;:&quot;justified&quot;,&quot;lazyload&quot;:&quot;yes&quot;,&quot;ideal_row_height&quot;:{&quot;unit&quot;:&quot;px&quot;,&quot;size&quot;:200,&quot;sizes&quot;:[]},&quot;ideal_row_height_tablet&quot;:{&quot;unit&quot;:&quot;px&quot;,&quot;size&quot;:150,&quot;sizes&quot;:[]},&quot;ideal_row_height_mobile&quot;:{&quot;unit&quot;:&quot;px&quot;,&quot;size&quot;:150,&quot;sizes&quot;:[]},&quot;gap&quot;:{&quot;unit&quot;:&quot;px&quot;,&quot;size&quot;:10,&quot;sizes&quot;:[]},&quot;gap_tablet&quot;:{&quot;unit&quot;:&quot;px&quot;,&quot;size&quot;:10,&quot;sizes&quot;:[]},&quot;gap_mobile&quot;:{&quot;unit&quot;:&quot;px&quot;,&quot;size&quot;:10,&quot;sizes&quot;:[]},&quot;link_to&quot;:&quot;file&quot;,&quot;overlay_background&quot;:&quot;yes&quot;,&quot;content_hover_animation&quot;:&quot;fade-in&quot;}\" data-widget_type=\"gallery.default\">\n\t\t\t\t<div class=\"elementor-widget-container\">\n\t\t\t<style>\/*! elementor-pro - v3.8.1 - 07-11-2022 *\/\n.elementor-gallery__container{min-height:1px}.elementor-gallery-item{position:relative;overflow:hidden;display:block;text-decoration:none;border:solid var(--image-border-width) var(--image-border-color);border-radius:var(--image-border-radius)}.elementor-gallery-item__content,.elementor-gallery-item__overlay{height:100%;width:100%;position:absolute;top:0;left:0}.elementor-gallery-item__overlay{mix-blend-mode:var(--overlay-mix-blend-mode);-webkit-transition-duration:var(--overlay-transition-duration);-o-transition-duration:var(--overlay-transition-duration);transition-duration:var(--overlay-transition-duration);-webkit-transition-property:mix-blend-mode,opacity,background-color,-webkit-transform;transition-property:mix-blend-mode,opacity,background-color,-webkit-transform;-o-transition-property:mix-blend-mode,transform,opacity,background-color;transition-property:mix-blend-mode,transform,opacity,background-color;transition-property:mix-blend-mode,transform,opacity,background-color,-webkit-transform}.elementor-gallery-item__image.e-gallery-image{-webkit-transition-duration:var(--image-transition-duration);-o-transition-duration:var(--image-transition-duration);transition-duration:var(--image-transition-duration);-webkit-transition-property:-webkit-filter,-webkit-transform;transition-property:-webkit-filter,-webkit-transform;-o-transition-property:filter,transform;transition-property:filter,transform;transition-property:filter,transform,-webkit-filter,-webkit-transform}.elementor-gallery-item__content{display:-webkit-box;display:-ms-flexbox;display:flex;-webkit-box-orient:vertical;-webkit-box-direction:normal;-ms-flex-direction:column;flex-direction:column;-webkit-box-pack:var(--content-justify-content,center);-ms-flex-pack:var(--content-justify-content,center);justify-content:var(--content-justify-content,center);-webkit-box-align:center;-ms-flex-align:center;align-items:center;text-align:var(--content-text-align);padding:var(--content-padding)}.elementor-gallery-item__content>div{-webkit-transition-duration:var(--content-transition-duration);-o-transition-duration:var(--content-transition-duration);transition-duration:var(--content-transition-duration)}.elementor-gallery-item__content.elementor-gallery--sequenced-animation>div:nth-child(2){-webkit-transition-delay:calc(var(--content-transition-delay) \/ 3);-o-transition-delay:calc(var(--content-transition-delay) \/ 3);transition-delay:calc(var(--content-transition-delay) \/ 3)}.elementor-gallery-item__content.elementor-gallery--sequenced-animation>div:nth-child(3){-webkit-transition-delay:calc(var(--content-transition-delay) \/ 3 * 2);-o-transition-delay:calc(var(--content-transition-delay) \/ 3 * 2);transition-delay:calc(var(--content-transition-delay) \/ 3 * 2)}.elementor-gallery-item__content.elementor-gallery--sequenced-animation>div:nth-child(4){-webkit-transition-delay:calc(var(--content-transition-delay) \/ 3 * 3);-o-transition-delay:calc(var(--content-transition-delay) \/ 3 * 3);transition-delay:calc(var(--content-transition-delay) \/ 3 * 3)}.elementor-gallery-item__description{color:var(--description-text-color,#fff);width:100%}.elementor-gallery-item__title{color:var(--title-text-color,#fff);font-weight:700;width:100%}.elementor-gallery__titles-container{display:-webkit-box;display:-ms-flexbox;display:flex;-ms-flex-wrap:wrap;flex-wrap:wrap;-webkit-box-pack:var(--titles-container-justify-content,center);-ms-flex-pack:var(--titles-container-justify-content,center);justify-content:var(--titles-container-justify-content,center);margin-bottom:20px}.elementor-gallery__titles-container:not(.e--pointer-framed) .elementor-item:after,.elementor-gallery__titles-container:not(.e--pointer-framed) .elementor-item:before{background-color:var(--galleries-pointer-bg-color-hover)}.elementor-gallery__titles-container:not(.e--pointer-framed) .elementor-item.elementor-item-active:after,.elementor-gallery__titles-container:not(.e--pointer-framed) .elementor-item.elementor-item-active:before{background-color:var(--galleries-pointer-bg-color-active)}.elementor-gallery__titles-container.e--pointer-framed .elementor-item:before{border-color:var(--galleries-pointer-bg-color-hover);border-width:var(--galleries-pointer-border-width)}.elementor-gallery__titles-container.e--pointer-framed .elementor-item:after{border-color:var(--galleries-pointer-bg-color-hover)}.elementor-gallery__titles-container.e--pointer-framed .elementor-item.elementor-item-active:after,.elementor-gallery__titles-container.e--pointer-framed .elementor-item.elementor-item-active:before{border-color:var(--galleries-pointer-bg-color-active)}.elementor-gallery__titles-container.e--pointer-framed.e--animation-draw .elementor-item:before{border-left-width:var(--galleries-pointer-border-width);border-bottom-width:var(--galleries-pointer-border-width);border-right-width:0;border-top-width:0}.elementor-gallery__titles-container.e--pointer-framed.e--animation-draw .elementor-item:after{border-left-width:0;border-bottom-width:0;border-right-width:var(--galleries-pointer-border-width);border-top-width:var(--galleries-pointer-border-width)}.elementor-gallery__titles-container.e--pointer-framed.e--animation-corners .elementor-item:before{border-left-width:var(--galleries-pointer-border-width);border-bottom-width:0;border-right-width:0;border-top-width:var(--galleries-pointer-border-width)}.elementor-gallery__titles-container.e--pointer-framed.e--animation-corners .elementor-item:after{border-left-width:0;border-bottom-width:var(--galleries-pointer-border-width);border-right-width:var(--galleries-pointer-border-width);border-top-width:0}.elementor-gallery__titles-container .e--pointer-double-line .elementor-item:after,.elementor-gallery__titles-container .e--pointer-double-line .elementor-item:before,.elementor-gallery__titles-container .e--pointer-overline .elementor-item:before,.elementor-gallery__titles-container .e--pointer-underline .elementor-item:after{height:var(--galleries-pointer-border-width)}.elementor-gallery-title{--space-between:10px;cursor:pointer;color:#6d7882;font-weight:500;position:relative;padding:7px 14px;-webkit-transition:all .3s;-o-transition:all .3s;transition:all .3s}.elementor-gallery-title--active{color:#495157}.elementor-gallery-title:not(:last-child){margin-right:var(--space-between)}.elementor-gallery-item__title+.elementor-gallery-item__description{margin-top:var(--description-margin-top)}.e-gallery-item.elementor-gallery-item{-webkit-transition-property:all;-o-transition-property:all;transition-property:all}.e-gallery-item.elementor-animated-content .elementor-animated-item--enter-from-bottom,.e-gallery-item.elementor-animated-content .elementor-animated-item--enter-from-left,.e-gallery-item.elementor-animated-content .elementor-animated-item--enter-from-right,.e-gallery-item.elementor-animated-content .elementor-animated-item--enter-from-top,.e-gallery-item:hover .elementor-gallery__item-overlay-bg,.e-gallery-item:hover .elementor-gallery__item-overlay-content,.e-gallery-item:hover .elementor-gallery__item-overlay-content__description,.e-gallery-item:hover .elementor-gallery__item-overlay-content__title{opacity:1}a.elementor-item.elementor-gallery-title{color:var(--galleries-title-color-normal)}a.elementor-item.elementor-gallery-title.elementor-item-active,a.elementor-item.elementor-gallery-title.highlighted,a.elementor-item.elementor-gallery-title:focus,a.elementor-item.elementor-gallery-title:hover{color:var(--galleries-title-color-hover)}a.elementor-item.elementor-gallery-title.elementor-item-active{color:var(--gallery-title-color-active)}.e-con-inner>.elementor-widget-gallery,.e-con>.elementor-widget-gallery{width:var(--container-widget-width,100%)}<\/style>\t\t<div class=\"elementor-gallery__container\">\n\t\t\t\t\t\t\t<a class=\"e-gallery-item elementor-gallery-item elementor-animated-content\" href=\"https:\/\/bozafii.org\/wp-content\/uploads\/2022\/10\/WhatsApp-Image-2022-08-24-at-19.45.14.jpeg\" data-elementor-open-lightbox=\"yes\" data-elementor-lightbox-slideshow=\"all-47266a2\" data-elementor-lightbox-title=\"WhatsApp Image 2022-08-24 at 19.45.14\" e-action-hash=\"#elementor-action%3Aaction%3Dlightbox%26settings%3DeyJpZCI6MTQ5NTMsInVybCI6Imh0dHBzOlwvXC9ib3phZmlpLm9yZ1wvd3AtY29udGVudFwvdXBsb2Fkc1wvMjAyMlwvMTBcL1doYXRzQXBwLUltYWdlLTIwMjItMDgtMjQtYXQtMTkuNDUuMTQuanBlZyIsInNsaWRlc2hvdyI6ImFsbC00NzI2NmEyIn0%3D\">\n\t\t\t\t\t<div class=\"e-gallery-image elementor-gallery-item__image\" data-thumbnail=\"https:\/\/bozafii.org\/wp-content\/uploads\/2022\/10\/WhatsApp-Image-2022-08-24-at-19.45.14-300x168.jpeg\" data-width=\"300\" data-height=\"168\" alt=\"\" ><\/div>\n\t\t\t\t\t\t\t\t\t\t\t<div class=\"elementor-gallery-item__overlay\"><\/div>\n\t\t\t\t\t\t\t\t\t\t\t\t\t\t<\/a>\n\t\t\t\t\t\t\t<a class=\"e-gallery-item elementor-gallery-item elementor-animated-content\" href=\"https:\/\/bozafii.org\/wp-content\/uploads\/2022\/10\/IMG-20220608-WA0055.jpg\" data-elementor-open-lightbox=\"yes\" data-elementor-lightbox-slideshow=\"all-47266a2\" data-elementor-lightbox-title=\"IMG-20220608-WA0055\" e-action-hash=\"#elementor-action%3Aaction%3Dlightbox%26settings%3DeyJpZCI6MTQ5NDMsInVybCI6Imh0dHBzOlwvXC9ib3phZmlpLm9yZ1wvd3AtY29udGVudFwvdXBsb2Fkc1wvMjAyMlwvMTBcL0lNRy0yMDIyMDYwOC1XQTAwNTUuanBnIiwic2xpZGVzaG93IjoiYWxsLTQ3MjY2YTIifQ%3D%3D\">\n\t\t\t\t\t<div class=\"e-gallery-image elementor-gallery-item__image\" data-thumbnail=\"https:\/\/bozafii.org\/wp-content\/uploads\/2022\/10\/IMG-20220608-WA0055-300x225.jpg\" data-width=\"300\" data-height=\"225\" alt=\"\" ><\/div>\n\t\t\t\t\t\t\t\t\t\t\t<div class=\"elementor-gallery-item__overlay\"><\/div>\n\t\t\t\t\t\t\t\t\t\t\t\t\t\t<\/a>\n\t\t\t\t\t\t\t<a class=\"e-gallery-item elementor-gallery-item elementor-animated-content\" href=\"https:\/\/bozafii.org\/wp-content\/uploads\/2022\/10\/WhatsApp-Image-2022-08-24-at-19.50.53.jpeg\" data-elementor-open-lightbox=\"yes\" data-elementor-lightbox-slideshow=\"all-47266a2\" data-elementor-lightbox-title=\"Boza-bander\" e-action-hash=\"#elementor-action%3Aaction%3Dlightbox%26settings%3DeyJpZCI6MTQ5NTQsInVybCI6Imh0dHBzOlwvXC9ib3phZmlpLm9yZ1wvd3AtY29udGVudFwvdXBsb2Fkc1wvMjAyMlwvMTBcL1doYXRzQXBwLUltYWdlLTIwMjItMDgtMjQtYXQtMTkuNTAuNTMuanBlZyIsInNsaWRlc2hvdyI6ImFsbC00NzI2NmEyIn0%3D\">\n\t\t\t\t\t<div class=\"e-gallery-image elementor-gallery-item__image\" data-thumbnail=\"https:\/\/bozafii.org\/wp-content\/uploads\/2022\/10\/WhatsApp-Image-2022-08-24-at-19.50.53-300x223.jpeg\" data-width=\"300\" data-height=\"223\" alt=\"\" ><\/div>\n\t\t\t\t\t\t\t\t\t\t\t<div class=\"elementor-gallery-item__overlay\"><\/div>\n\t\t\t\t\t\t\t\t\t\t\t\t\t\t<\/a>\n\t\t\t\t\t<\/div>\n\t\t\t<\/div>\n\t\t\t\t<\/div>\n\t\t\t\t\t<\/div>\n\t\t<\/div>\n\t\t\t\t\t\t\t<\/div>\n\t\t<\/section>\n\t\t\t\t\t\t\t<\/div>\n\t\t","protected":false},"excerpt":{"rendered":"<p>Tome \u2013 2 \/ Caravane de sensibilisation Chaque ann\u00e9e on organise une caravane qui a pour but\u00a0 de promouvoir le droit \u00e0 l\u2019identit\u00e9 et \u00e0 la dignit\u00e9 pour toutes les victimes de nos fronti\u00e8res, et le droit de leurs familles \u00e0 savoir, ainsi de faire passer le message sur les politiques migratoires et les investissements [&hellip;]<\/p>\n","protected":false},"author":2,"featured_media":0,"parent":0,"menu_order":0,"comment_status":"closed","ping_status":"closed","template":"","meta":{"om_disable_all_campaigns":false,"_monsterinsights_skip_tracking":false,"_monsterinsights_sitenote_active":false,"_monsterinsights_sitenote_note":"","_monsterinsights_sitenote_category":0},"aioseo_notices":[],"_links":{"self":[{"href":"https:\/\/bozafii.org\/index.php\/wp-json\/wp\/v2\/pages\/16203"}],"collection":[{"href":"https:\/\/bozafii.org\/index.php\/wp-json\/wp\/v2\/pages"}],"about":[{"href":"https:\/\/bozafii.org\/index.php\/wp-json\/wp\/v2\/types\/page"}],"author":[{"embeddable":true,"href":"https:\/\/bozafii.org\/index.php\/wp-json\/wp\/v2\/users\/2"}],"replies":[{"embeddable":true,"href":"https:\/\/bozafii.org\/index.php\/wp-json\/wp\/v2\/comments?post=16203"}],"version-history":[{"count":8,"href":"https:\/\/bozafii.org\/index.php\/wp-json\/wp\/v2\/pages\/16203\/revisions"}],"predecessor-version":[{"id":16404,"href":"https:\/\/bozafii.org\/index.php\/wp-json\/wp\/v2\/pages\/16203\/revisions\/16404"}],"wp:attachment":[{"href":"https:\/\/bozafii.org\/index.php\/wp-json\/wp\/v2\/media?parent=16203"}],"curies":[{"name":"wp","href":"https:\/\/api.w.org\/{rel}","templated":true}]}}