{"id":15144,"date":"2022-10-22T14:42:52","date_gmt":"2022-10-22T14:42:52","guid":{"rendered":"https:\/\/bozafii.org\/?page_id=15144"},"modified":"2022-11-10T14:15:11","modified_gmt":"2022-11-10T14:15:11","slug":"naufrages","status":"publish","type":"page","link":"https:\/\/bozafii.org\/index.php\/naufrages\/","title":{"rendered":"Naufrages"},"content":{"rendered":"\t\t<div data-elementor-type=\"wp-page\" data-elementor-id=\"15144\" class=\"elementor elementor-15144\">\n\t\t\t\t\t\t\t\t\t<section class=\"elementor-section elementor-top-section elementor-element elementor-element-949c622 elementor-section-boxed elementor-section-height-default elementor-section-height-default\" data-id=\"949c622\" data-element_type=\"section\">\n\t\t\t\t\t\t<div class=\"elementor-container elementor-column-gap-default\">\n\t\t\t\t\t<div class=\"elementor-column elementor-col-100 elementor-top-column elementor-element elementor-element-363c90c\" data-id=\"363c90c\" data-element_type=\"column\">\n\t\t\t<div class=\"elementor-widget-wrap elementor-element-populated\">\n\t\t\t\t\t\t\t\t<div class=\"elementor-element elementor-element-3b10d46 elementor-widget elementor-widget-modina_section_title\" data-id=\"3b10d46\" data-element_type=\"widget\" data-widget_type=\"modina_section_title.default\">\n\t\t\t\t<div class=\"elementor-widget-container\">\n\t\t\t\r\n            <div class=\"section-title text-center\">\r\n            <span><i class=\"far fa-heart\"><\/i>Ils ont besoin de nous<\/span>\r\n            <h2>Parcourir au fil des ann\u00e9es pour <span> assister<\/span> ces migrants.<\/h2>\r\n        <\/div>\r\n            \r\n    \t\t<\/div>\n\t\t\t\t<\/div>\n\t\t\t\t\t<\/div>\n\t\t<\/div>\n\t\t\t\t\t\t\t<\/div>\n\t\t<\/section>\n\t\t\t\t<section class=\"elementor-section elementor-top-section elementor-element elementor-element-a712b22 elementor-section-boxed elementor-section-height-default elementor-section-height-default\" data-id=\"a712b22\" data-element_type=\"section\">\n\t\t\t\t\t\t<div class=\"elementor-container elementor-column-gap-default\">\n\t\t\t\t\t<div class=\"elementor-column elementor-col-100 elementor-top-column elementor-element elementor-element-7914c56\" data-id=\"7914c56\" data-element_type=\"column\">\n\t\t\t<div class=\"elementor-widget-wrap elementor-element-populated\">\n\t\t\t\t\t\t\t\t<div class=\"elementor-element elementor-element-8fb7add elementor-widget elementor-widget-modina_box_card\" data-id=\"8fb7add\" data-element_type=\"widget\" data-widget_type=\"modina_box_card.default\">\n\t\t\t\t<div class=\"elementor-widget-container\">\n\t\t\t\r\n    <section class=\"faq-wrap section-padding text-center\">\r\n        <div class=\"container\">\r\n            <div class=\"row\">\r\n                 \r\n                <div class=\"col-12 col-md-6 col-lg-4 wow fadeInUp\">\r\n                    <div class=\"single-faq-card card1 bg-cover\" style=\"background-image: url('https:\/\/bozafii.org\/wp-content\/uploads\/2022\/10\/nauf3.jpg')\">\r\n                        <div class=\"icon\">\r\n                            <img src=\"https:\/\/bozafii.org\/wp-content\/uploads\/2021\/09\/block-icon2.png\" alt=\"\">\r\n                        <\/div>\r\n                        <h3>2020<\/h3>\r\n                        <p>Plus de d\u00e9tails<\/p>\r\n                        <a href=\"#  \"><i class=\"fal fa-arrow-right\"><\/i><\/a>\r\n                    <\/div>\r\n                <\/div>\r\n                 \r\n                <div class=\"col-12 col-md-6 col-lg-4 wow fadeInUp\">\r\n                    <div class=\"single-faq-card card2 bg-cover\" style=\"background-image: url('https:\/\/bozafii.org\/wp-content\/uploads\/2022\/10\/nauf3.jpg')\">\r\n                        <div class=\"icon\">\r\n                            <img src=\"https:\/\/bozafii.org\/wp-content\/uploads\/2021\/09\/block-icon2.png\" alt=\"\">\r\n                        <\/div>\r\n                        <h3>2021<\/h3>\r\n                        <p>Plus de d\u00e9tails<\/p>\r\n                        <a href=\"#  \"><i class=\"fal fa-arrow-right\"><\/i><\/a>\r\n                    <\/div>\r\n                <\/div>\r\n                 \r\n                <div class=\"col-12 col-md-6 col-lg-4 wow fadeInUp\">\r\n                    <div class=\"single-faq-card card3 bg-cover\" style=\"background-image: url('https:\/\/bozafii.org\/wp-content\/uploads\/2022\/10\/nauf3.jpg')\">\r\n                        <div class=\"icon\">\r\n                            <img src=\"https:\/\/bozafii.org\/wp-content\/uploads\/2021\/09\/block-icon2.png\" alt=\"\">\r\n                        <\/div>\r\n                        <h3>2022<\/h3>\r\n                        <p>Plus de d\u00e9tails<\/p>\r\n                        <a href=\"#  \"><i class=\"fal fa-arrow-right\"><\/i><\/a>\r\n                    <\/div>\r\n                <\/div>\r\n                            <\/div>\r\n        <\/div>\r\n    <\/section>\r\n\r\n    \t\t<\/div>\n\t\t\t\t<\/div>\n\t\t\t\t\t<\/div>\n\t\t<\/div>\n\t\t\t\t\t\t\t<\/div>\n\t\t<\/section>\n\t\t\t\t\t\t\t<\/div>\n\t\t","protected":false},"excerpt":{"rendered":"<p>Ils ont besoin de nous Parcourir au fil des ann\u00e9es pour assister ces migrants. 2020 Plus de d\u00e9tails 2021 Plus de d\u00e9tails 2022 Plus de d\u00e9tails<\/p>\n","protected":false},"author":2,"featured_media":0,"parent":0,"menu_order":0,"comment_status":"closed","ping_status":"closed","template":"","meta":{"om_disable_all_campaigns":false,"_monsterinsights_skip_tracking":false,"_monsterinsights_sitenote_active":false,"_monsterinsights_sitenote_note":"","_monsterinsights_sitenote_category":0},"aioseo_notices":[],"_links":{"self":[{"href":"https:\/\/bozafii.org\/index.php\/wp-json\/wp\/v2\/pages\/15144"}],"collection":[{"href":"https:\/\/bozafii.org\/index.php\/wp-json\/wp\/v2\/pages"}],"about":[{"href":"https:\/\/bozafii.org\/index.php\/wp-json\/wp\/v2\/types\/page"}],"author":[{"embeddable":true,"href":"https:\/\/bozafii.org\/index.php\/wp-json\/wp\/v2\/users\/2"}],"replies":[{"embeddable":true,"href":"https:\/\/bozafii.org\/index.php\/wp-json\/wp\/v2\/comments?post=15144"}],"version-history":[{"count":38,"href":"https:\/\/bozafii.org\/index.php\/wp-json\/wp\/v2\/pages\/15144\/revisions"}],"predecessor-version":[{"id":15678,"href":"https:\/\/bozafii.org\/index.php\/wp-json\/wp\/v2\/pages\/15144\/revisions\/15678"}],"wp:attachment":[{"href":"https:\/\/bozafii.org\/index.php\/wp-json\/wp\/v2\/media?parent=15144"}],"curies":[{"name":"wp","href":"https:\/\/api.w.org\/{rel}","templated":true}]}}