{"id":14967,"date":"2022-10-14T13:24:51","date_gmt":"2022-10-14T13:24:51","guid":{"rendered":"https:\/\/bozafii.org\/?page_id=14967"},"modified":"2022-10-22T13:25:06","modified_gmt":"2022-10-22T13:25:06","slug":"noel-solidaction","status":"publish","type":"page","link":"https:\/\/bozafii.org\/index.php\/noel-solidaction\/","title":{"rendered":"Noel Solid&#8217;action"},"content":{"rendered":"\t\t<div data-elementor-type=\"wp-page\" data-elementor-id=\"14967\" class=\"elementor elementor-14967\">\n\t\t\t\t\t\t\t\t\t<section class=\"elementor-section elementor-top-section elementor-element elementor-element-aed07a5 elementor-section-boxed elementor-section-height-default elementor-section-height-default\" data-id=\"aed07a5\" data-element_type=\"section\">\n\t\t\t\t\t\t<div class=\"elementor-container elementor-column-gap-default\">\n\t\t\t\t\t<div class=\"elementor-column elementor-col-100 elementor-top-column elementor-element elementor-element-958985c\" data-id=\"958985c\" data-element_type=\"column\">\n\t\t\t<div class=\"elementor-widget-wrap elementor-element-populated\">\n\t\t\t\t\t\t\t\t<div class=\"elementor-element elementor-element-e4335ba elementor-widget elementor-widget-html\" data-id=\"e4335ba\" data-element_type=\"widget\" data-widget_type=\"html.default\">\n\t\t\t\t<div class=\"elementor-widget-container\">\n\t\t\t<div class=\"gfm-embed\" data-url=\"https:\/\/www.gofundme.com\/f\/nol-christmas-solidaction-de-boza-fii\/widget\/medium\/\"><\/div><script defer src=\"https:\/\/www.gofundme.com\/static\/js\/embed.js\"><\/script>\t\t<\/div>\n\t\t\t\t<\/div>\n\t\t\t\t\t<\/div>\n\t\t<\/div>\n\t\t\t\t\t\t\t<\/div>\n\t\t<\/section>\n\t\t\t\t<section class=\"elementor-section elementor-top-section elementor-element elementor-element-1a98dcd6 elementor-section-boxed elementor-section-height-default elementor-section-height-default\" data-id=\"1a98dcd6\" data-element_type=\"section\">\n\t\t\t\t\t\t<div class=\"elementor-container elementor-column-gap-default\">\n\t\t\t\t\t<div class=\"elementor-column elementor-col-100 elementor-top-column elementor-element elementor-element-26f09af4\" data-id=\"26f09af4\" data-element_type=\"column\">\n\t\t\t<div class=\"elementor-widget-wrap elementor-element-populated\">\n\t\t\t\t\t\t\t\t<div class=\"elementor-element elementor-element-363cf406 elementor-widget elementor-widget-text-editor\" data-id=\"363cf406\" data-element_type=\"widget\" data-widget_type=\"text-editor.default\">\n\t\t\t\t<div class=\"elementor-widget-container\">\n\t\t\t<style>\/*! elementor - v3.6.8 - 27-07-2022 *\/\n.elementor-widget-text-editor.elementor-drop-cap-view-stacked .elementor-drop-cap{background-color:#818a91;color:#fff}.elementor-widget-text-editor.elementor-drop-cap-view-framed .elementor-drop-cap{color:#818a91;border:3px solid;background-color:transparent}.elementor-widget-text-editor:not(.elementor-drop-cap-view-default) .elementor-drop-cap{margin-top:8px}.elementor-widget-text-editor:not(.elementor-drop-cap-view-default) .elementor-drop-cap-letter{width:1em;height:1em}.elementor-widget-text-editor .elementor-drop-cap{float:left;text-align:center;line-height:1;font-size:50px}.elementor-widget-text-editor .elementor-drop-cap-letter{display:inline-block}<\/style>\t\t\t\t<p><!-- wp:heading --><\/p>\n<div class=\"et_pb_module et_pb_text et_pb_text_4 et_pb_text_align_left et_pb_bg_layout_light\">\n<div class=\"et_pb_text_inner\">\n<div class=\"et_pb_row et_pb_row_4 et_pb_gutters1\">\n<div class=\"et_pb_column et_pb_column_4_4 et_pb_column_7  et_pb_css_mix_blend_mode_passthrough et-last-child\">\n<div class=\"et_pb_module et_pb_text et_pb_text_4  et_pb_text_align_left et_pb_bg_layout_light\">\n<div class=\"et_pb_text_inner\">\n<p><strong><em><u>TDR\u00a0 No\u00ebl\u00a0\u00ab\u00a0<\/u><\/em><\/strong><strong><em><u>Solid\u2019<\/u><\/em><\/strong><strong><em><u>Action \u00bb de Boza Fii<\/u><\/em><\/strong><\/p>\n<p><strong>BOZA FII<\/strong> s&#8217;engage dans le domaine de la fuite et de la migration. Nous soutenons les migrants en retour volontaire, les migrants qui ont \u00e9t\u00e9 expuls\u00e9s vers leur pays d&#8217;origine et confront\u00e9s \u00e0 un manque total d&#8217;assistance. Ainsi que les amis et familles de ceux qui sont disparus en mer m\u00e9diterran\u00e9e, dans l\u2019oc\u00e9an atlantique et aux fronti\u00e8res, dans leur douloureuse qu\u00eate de r\u00e9ponses. Mais aussi de promouvoir le droit \u00e0 l\u2019identit\u00e9 et \u00e0 la dignit\u00e9 pour toutes les victimes de nos fronti\u00e8res, et le droit de leurs familles \u00e0 savoir. Nous voulons \u0153uvrer au meilleur respect des droits de ces personnes, fragilis\u00e9es par les drames de la migration et bien souvent stigmatis\u00e9es dans leur communaut\u00e9. Nous souhaitons \u00e9galement encourager la production de connaissances et promouvoir l&#8217;objectivit\u00e9 du d\u00e9bat sur les migrations et les \u00e9changes internationaux afin d&#8217;affronter ensemble les r\u00e9alit\u00e9s mondiales.<\/p>\n<p><strong><em>La solidarit\u00e9\u00a0:<\/em><\/strong><\/p>\n<ul>\n<li><em>C\u2019est s\u2019entraider pour avancer <\/em><\/li>\n<li><em>C\u2019est aider les autres personnes volontairement <\/em><\/li>\n<li><em>C\u2019est faire plaisir sans rien demander en \u00e9change <\/em><\/li>\n<li><em>C\u2019est aider les autres pour faire plaisir et se faire plaisir et de cette fa\u00e7on, faire le bien <\/em><\/li>\n<\/ul>\n<p><em>\u00a0 <\/em><\/p>\n<p>\u00catre solidaire, \u00e7a demande souvent du courage, du temps, parfois de l&#8217;argent, et \u00e7a peut aussi bousculer nos habitudes. Pourtant, la solidarit\u00e9, c&#8217;est important car, se soutenir les uns les autres, c&#8217;est l&#8217;un des meilleurs moyens de cr\u00e9er un monde plus juste.<\/p>\n<p>\u00a0<\/p>\n<p>Cette initiative <strong><em>No\u00ebl\u00a0\u00ab\u00a0<\/em><\/strong><strong><em>Solid\u2019<\/em><\/strong><strong><em>Action \u00bb <\/em><\/strong><em>de<strong> Boza Fii\u00a0<\/strong><\/em> a pour objectif de pr\u00eater main-forte aux enfants d\u00e9munies et pauvres qui sont fragilis\u00e9es par les drames de la migration. Elle participe \u00e9galement \u00e0 l\u2019insertion scolaire, sociale et \u00e9conomique de ces derniers.<\/p>\n<p>Si le regard sur la culture enfantine s&#8217;est seulement d\u00e9velopp\u00e9 depuis peu, les enfants en situation de d\u00e9tresse ne font pas vraiment partie de ces perspectives. Leur statut d&#8217;enfant orphelin parfois les emp\u00eachait m\u00eame davantage d&#8217;\u00eatre reconnus comme des enfants \u00e0 part enti\u00e8re, ou comme capables de participer \u00e0 la construction d&#8217;une culture enfantine.<\/p>\n<p><strong>Boza Fii<\/strong> va commencer \u00e0 impliquer ces enfants en situation d\u2019orphelin des drames de la migration dans des projets de recherche comme participants, en leur accordant ainsi un statut d&#8217;acteur. Nous essayerons de mette tout en \u0153uvre pour que chaque enfant orphelin par cette route migratoire puisse avoir acc\u00e8s aux soins et \u00e0 l\u2019\u00e9ducation pour grandir et s\u2019\u00e9panouir, gr\u00e2ce \u00e0 vous et avec vous. En partant d\u2019une \u00a0mission humanitaire permettant d\u2019apporter une aide concr\u00e8te pour ces enfants.<\/p>\n<p>\u00a0<\/p>\n<p>\u00a0<\/p>\n<p>Cette frange de la population a \u00e9t\u00e9 identifi\u00e9e comme une cible sp\u00e9cifique \u00e0 laquelle une attention particuli\u00e8re doit \u00eatre accord\u00e9e dans les politiques et strat\u00e9gies de d\u00e9veloppement du pays, notamment en mati\u00e8re de lutte contre la d\u00e9scolarisation. Une approche qui vise \u00e0 mieux respecter les droits fondamentaux des enfants, c\u2019est-\u00e0-dire le droit \u00e0 l\u2019alimentation, \u00e0 l\u2019\u00e9ducation, \u00e0 la sant\u00e9, au d\u00e9veloppement, au repos et au loisir de m\u00eame que le droit \u00e0 \u00eatre prot\u00e9g\u00e9 contre l\u2019exploitation sexuelle et \u00e9conomique.<\/p>\n<p>Dans cette perspective, l\u2019initiative <strong><em>No\u00ebl\u00a0\u00ab\u00a0<\/em><\/strong><strong><em>Solid\u2019<\/em><\/strong><strong><em>Action \u00bb <\/em><\/strong>mis en \u0153uvre par <strong>Boza Fii<\/strong> contribue \u00e0 l\u2019am\u00e9lioration continue des conditions de vie des orphelins et autres enfants en situations vuln\u00e9rables. Elle va permettre notamment de\u00a0:<\/p>\n<p><img loading=\"lazy\" class=\"size-medium wp-image-14859 aligncenter\" src=\"https:\/\/bozafii.org\/wp-content\/uploads\/2022\/10\/Noel-Solidaction-300x300.jpg\" alt=\"\" width=\"300\" height=\"300\" srcset=\"https:\/\/bozafii.org\/wp-content\/uploads\/2022\/10\/Noel-Solidaction-300x300.jpg 300w, https:\/\/bozafii.org\/wp-content\/uploads\/2022\/10\/elementor\/thumbs\/Noel-Solidaction-pw6gmmhg7ry1qb5iqcfdppgyu28ieqxeg1wxtnt4kc.jpg 150w, https:\/\/bozafii.org\/wp-content\/uploads\/2022\/10\/Noel-Solidaction-600x600.jpg 600w, https:\/\/bozafii.org\/wp-content\/uploads\/2022\/10\/elementor\/thumbs\/Noel-Solidaction-pw6gmmhflujtxb2nivzsno1sbe4p2vbji5mcqykijs.jpg 100w, https:\/\/bozafii.org\/wp-content\/uploads\/2022\/10\/elementor\/thumbs\/Noel-Solidaction-pw6gmmhgtpc9jb8dxsuyrqw5cqcbqmj9dy7iwd1qkw.jpg 200w, https:\/\/bozafii.org\/wp-content\/uploads\/2022\/10\/elementor\/thumbs\/Noel-Solidaction-pw6gmmhg3e2ekic5agc9i3l4qbtcjkltuvgf7irek8.jpg 140w, https:\/\/bozafii.org\/wp-content\/uploads\/2022\/10\/elementor\/thumbs\/Noel-Solidaction-pw6gmmhhfmqhcbb959ajtsbbveg52i54bui3z2aclg.jpg 250w, https:\/\/bozafii.org\/wp-content\/uploads\/2022\/10\/Noel-Solidaction.jpg 702w\" sizes=\"(max-width: 300px) 100vw, 300px\" \/><\/p>\n<ul>\n<li>Mettre en \u0153uvre l\u2019\u00e9v\u00e8nement<strong><em> No\u00ebl\u00a0\u00ab\u00a0<\/em><\/strong><strong><em>Solid\u2019<\/em><\/strong><strong><em>Action \u00bb\u00a0: <\/em><\/strong>une distribution de cadeaux aux enfants des victimes de la route migratoire, le <strong>25 d\u00e9cembre de chaque ann\u00e9e.<\/strong><\/li>\n<li>Sensibiliser les populations des zones d\u2019intervention aux droits des enfants en g\u00e9n\u00e9ral et particuli\u00e8rement \u00e0 ceux des orphelins et enfants vuln\u00e9rables;<\/li>\n<li>Accro\u00eetre l\u2019engagement de ces communaut\u00e9s envers la protection et la prise en charge des orphelins et enfants vuln\u00e9rables ;<\/li>\n<li>Couvrir les besoins en soutien psychosocial de ces enfants ;<\/li>\n<li>Distribuer des vivres \u00e0 ces enfants en proie \u00e0 un d\u00e9ficit c\u00e9r\u00e9alier chronique ;<\/li>\n<li>Distribuer des kits scolaires et payer des cotisations de parents d\u2019\u00e9l\u00e8ves pour leur permettre d\u2019aller \u00e0 l\u2019\u00e9cole ;<\/li>\n<li>Placer ces orphelins et enfants vuln\u00e9rables dans des ateliers de formation professionnelle, afin d\u2019am\u00e9liorer leur employabilit\u00e9 et d\u2019ouvrir la voie de leur autonomisation ;<\/li>\n<li>Initier des activit\u00e9s g\u00e9n\u00e9ratrices de revenus au profit de ces m\u00e8res\/tutrices ;<\/li>\n<li>\u00c9tablir les actes\u00a0de naissance de ces orphelins et enfants vuln\u00e9rables.<\/li>\n<\/ul>\n<p>\u00a0<\/p>\n<p><strong><em><u>Nous devons \u00eatre b\u00e9n\u00e9fiques pour notre entourage<\/u><\/em><\/strong><em><u>.<\/u><\/em><\/p>\n<\/div>\n<\/div>\n<\/div>\n<\/div>\n<\/div>\n<\/div>\n<p><!-- \/wp:heading --><\/p>\t\t\t\t\t\t<\/div>\n\t\t\t\t<\/div>\n\t\t\t\t\t<\/div>\n\t\t<\/div>\n\t\t\t\t\t\t\t<\/div>\n\t\t<\/section>\n\t\t\t\t\t\t\t<\/div>\n\t\t","protected":false},"excerpt":{"rendered":"<p>TDR\u00a0 No\u00ebl\u00a0\u00ab\u00a0Solid\u2019Action \u00bb de Boza Fii BOZA FII s&#8217;engage dans le domaine de la fuite et de la migration. Nous soutenons les migrants en retour volontaire, les migrants qui ont \u00e9t\u00e9 expuls\u00e9s vers leur pays d&#8217;origine et confront\u00e9s \u00e0 un manque total d&#8217;assistance. Ainsi que les amis et familles de ceux qui sont disparus en [&hellip;]<\/p>\n","protected":false},"author":1,"featured_media":0,"parent":0,"menu_order":0,"comment_status":"closed","ping_status":"closed","template":"","meta":{"om_disable_all_campaigns":false,"_monsterinsights_skip_tracking":false,"_monsterinsights_sitenote_active":false,"_monsterinsights_sitenote_note":"","_monsterinsights_sitenote_category":0},"aioseo_notices":[],"_links":{"self":[{"href":"https:\/\/bozafii.org\/index.php\/wp-json\/wp\/v2\/pages\/14967"}],"collection":[{"href":"https:\/\/bozafii.org\/index.php\/wp-json\/wp\/v2\/pages"}],"about":[{"href":"https:\/\/bozafii.org\/index.php\/wp-json\/wp\/v2\/types\/page"}],"author":[{"embeddable":true,"href":"https:\/\/bozafii.org\/index.php\/wp-json\/wp\/v2\/users\/1"}],"replies":[{"embeddable":true,"href":"https:\/\/bozafii.org\/index.php\/wp-json\/wp\/v2\/comments?post=14967"}],"version-history":[{"count":7,"href":"https:\/\/bozafii.org\/index.php\/wp-json\/wp\/v2\/pages\/14967\/revisions"}],"predecessor-version":[{"id":15112,"href":"https:\/\/bozafii.org\/index.php\/wp-json\/wp\/v2\/pages\/14967\/revisions\/15112"}],"wp:attachment":[{"href":"https:\/\/bozafii.org\/index.php\/wp-json\/wp\/v2\/media?parent=14967"}],"curies":[{"name":"wp","href":"https:\/\/api.w.org\/{rel}","templated":true}]}}