{"id":14726,"date":"2022-10-13T15:08:55","date_gmt":"2022-10-13T15:08:55","guid":{"rendered":"https:\/\/bozafii.org\/?page_id=14726"},"modified":"2022-10-13T15:36:07","modified_gmt":"2022-10-13T15:36:07","slug":"mentions-legales","status":"publish","type":"page","link":"https:\/\/bozafii.org\/index.php\/mentions-legales\/","title":{"rendered":"Mentions L\u00e9gales"},"content":{"rendered":"\t\t<div data-elementor-type=\"wp-page\" data-elementor-id=\"14726\" class=\"elementor elementor-14726\">\n\t\t\t\t\t\t\t\t\t<section class=\"elementor-section elementor-top-section elementor-element elementor-element-1a98dcd6 elementor-section-boxed elementor-section-height-default elementor-section-height-default\" data-id=\"1a98dcd6\" data-element_type=\"section\">\n\t\t\t\t\t\t<div class=\"elementor-container elementor-column-gap-default\">\n\t\t\t\t\t<div class=\"elementor-column elementor-col-100 elementor-top-column elementor-element elementor-element-26f09af4\" data-id=\"26f09af4\" data-element_type=\"column\">\n\t\t\t<div class=\"elementor-widget-wrap elementor-element-populated\">\n\t\t\t\t\t\t\t\t<div class=\"elementor-element elementor-element-363cf406 elementor-widget elementor-widget-text-editor\" data-id=\"363cf406\" data-element_type=\"widget\" data-widget_type=\"text-editor.default\">\n\t\t\t\t<div class=\"elementor-widget-container\">\n\t\t\t<style>\/*! elementor - v3.6.8 - 27-07-2022 *\/\n.elementor-widget-text-editor.elementor-drop-cap-view-stacked .elementor-drop-cap{background-color:#818a91;color:#fff}.elementor-widget-text-editor.elementor-drop-cap-view-framed .elementor-drop-cap{color:#818a91;border:3px solid;background-color:transparent}.elementor-widget-text-editor:not(.elementor-drop-cap-view-default) .elementor-drop-cap{margin-top:8px}.elementor-widget-text-editor:not(.elementor-drop-cap-view-default) .elementor-drop-cap-letter{width:1em;height:1em}.elementor-widget-text-editor .elementor-drop-cap{float:left;text-align:center;line-height:1;font-size:50px}.elementor-widget-text-editor .elementor-drop-cap-letter{display:inline-block}<\/style>\t\t\t\t<p><!-- wp:heading --><\/p>\n<div class=\"et_pb_module et_pb_text et_pb_text_4 et_pb_text_align_left et_pb_bg_layout_light\">\n<div class=\"et_pb_text_inner\">\n<div class=\"et_pb_row et_pb_row_4 et_pb_gutters1\">\n<div class=\"et_pb_column et_pb_column_4_4 et_pb_column_7  et_pb_css_mix_blend_mode_passthrough et-last-child\">\n<div class=\"et_pb_module et_pb_text et_pb_text_4  et_pb_text_align_left et_pb_bg_layout_light\">\n<div class=\"et_pb_text_inner\">\n<p class=\"p1\">Boza Fii S\u00e9n\u00e9gal\u00a0<\/p>\n<p class=\"p1\">Cit\u00e9 APIX ilot 1 N\u00b0383, Tivaouane Peulh &#8211; Dakar<\/p>\n<p class=\"p1\">contact@bozafii.org<\/p>\n<p class=\"p1\"><strong>Responsable \u00e9ditorial : <\/strong>Saliou Diouf, Babacar DIAGNE<\/p>\n<p class=\"p1\"><strong>Cr\u00e9ation et d\u00e9veloppement du site web :\u00a0<\/strong>Matrice Group\u00a0 &#8211; contact@matrice.sn<\/p>\n<\/div>\n<\/div>\n<\/div>\n<\/div>\n<div class=\"et_pb_row et_pb_row_5\">\n<div class=\"et_pb_column et_pb_column_4_4 et_pb_column_8  et_pb_css_mix_blend_mode_passthrough et-last-child\">\n<div class=\"et_pb_module et_pb_text et_pb_text_5  et_pb_text_align_left et_pb_bg_layout_light\">\n<div class=\"et_pb_text_inner\">\n<p class=\"p1\">Les informations recueillies sur ce site sont enregistr\u00e9es dans un fichier informatis\u00e9 et sont n\u00e9cessaires pour vous tenir inform\u00e9(e) de l&#8217;actualit\u00e9 de Boza Fii. L\u2019association s&#8217;engage formellement \u00e0 ne vendre, louer ou \u00e9changer aucune information personnelle.<\/p>\n<p class=\"p1\">Conform\u00e9ment aux lois en vigueur et \u00e0 la r\u00e9glementation s\u00e9n\u00e9galaise, vous pouvez acc\u00e9der aux donn\u00e9es vous concernant, les rectifier, demander leur effacement ou exercer votre droit \u00e0 la limitation du traitement de vos donn\u00e9es.<\/p>\n<p class=\"p1\">Pour plus d\u2019informations veuillez consulter notre<span style=\"color: #993366;\">\u00a0<strong><a style=\"color: #993366;\" href=\"https:\/\/bozafii.org\/index.php\/privacy\/\">Politique de confidentialit\u00e9<\/a>.<\/strong><\/span><\/p>\n<p class=\"p1\">Vous pouvez exercer vos droits \u00e0 tout moment en vous adressant \u00e0 :<br \/>Boza Fiii &#8211; <strong><span style=\"color: #003366;\">info@bozafii.org<\/span><\/strong><\/p>\n<\/div>\n<\/div>\n<\/div>\n<\/div>\n<\/div>\n<\/div>\n<p><!-- \/wp:heading --><\/p>\t\t\t\t\t\t<\/div>\n\t\t\t\t<\/div>\n\t\t\t\t\t<\/div>\n\t\t<\/div>\n\t\t\t\t\t\t\t<\/div>\n\t\t<\/section>\n\t\t\t\t\t\t\t<\/div>\n\t\t","protected":false},"excerpt":{"rendered":"<p>Boza Fii S\u00e9n\u00e9gal\u00a0 Cit\u00e9 APIX ilot 1 N\u00b0383, Tivaouane Peulh &#8211; Dakar contact@bozafii.org Responsable \u00e9ditorial : Saliou Diouf, Babacar DIAGNE Cr\u00e9ation et d\u00e9veloppement du site web :\u00a0Matrice Group\u00a0 &#8211; contact@matrice.sn Les informations recueillies sur ce site sont enregistr\u00e9es dans un fichier informatis\u00e9 et sont n\u00e9cessaires pour vous tenir inform\u00e9(e) de l&#8217;actualit\u00e9 de Boza Fii. L\u2019association [&hellip;]<\/p>\n","protected":false},"author":1,"featured_media":0,"parent":0,"menu_order":0,"comment_status":"closed","ping_status":"closed","template":"","meta":{"om_disable_all_campaigns":false,"_monsterinsights_skip_tracking":false,"_monsterinsights_sitenote_active":false,"_monsterinsights_sitenote_note":"","_monsterinsights_sitenote_category":0},"aioseo_notices":[],"_links":{"self":[{"href":"https:\/\/bozafii.org\/index.php\/wp-json\/wp\/v2\/pages\/14726"}],"collection":[{"href":"https:\/\/bozafii.org\/index.php\/wp-json\/wp\/v2\/pages"}],"about":[{"href":"https:\/\/bozafii.org\/index.php\/wp-json\/wp\/v2\/types\/page"}],"author":[{"embeddable":true,"href":"https:\/\/bozafii.org\/index.php\/wp-json\/wp\/v2\/users\/1"}],"replies":[{"embeddable":true,"href":"https:\/\/bozafii.org\/index.php\/wp-json\/wp\/v2\/comments?post=14726"}],"version-history":[{"count":8,"href":"https:\/\/bozafii.org\/index.php\/wp-json\/wp\/v2\/pages\/14726\/revisions"}],"predecessor-version":[{"id":14734,"href":"https:\/\/bozafii.org\/index.php\/wp-json\/wp\/v2\/pages\/14726\/revisions\/14734"}],"wp:attachment":[{"href":"https:\/\/bozafii.org\/index.php\/wp-json\/wp\/v2\/media?parent=14726"}],"curies":[{"name":"wp","href":"https:\/\/api.w.org\/{rel}","templated":true}]}}