{"id":13635,"date":"2021-08-09T09:14:42","date_gmt":"2021-08-09T09:14:42","guid":{"rendered":"https:\/\/codexpeed.com\/fundbux-wp\/?page_id=3"},"modified":"2022-10-13T14:58:20","modified_gmt":"2022-10-13T14:58:20","slug":"privacy","status":"publish","type":"page","link":"https:\/\/bozafii.org\/index.php\/privacy\/","title":{"rendered":"Politique de confidentialit\u00e9"},"content":{"rendered":"\t\t<div data-elementor-type=\"wp-page\" data-elementor-id=\"13635\" class=\"elementor elementor-13635\">\n\t\t\t\t\t\t\t\t\t<section class=\"elementor-section elementor-top-section elementor-element elementor-element-1a98dcd6 elementor-section-boxed elementor-section-height-default elementor-section-height-default\" data-id=\"1a98dcd6\" data-element_type=\"section\">\n\t\t\t\t\t\t<div class=\"elementor-container elementor-column-gap-default\">\n\t\t\t\t\t<div class=\"elementor-column elementor-col-100 elementor-top-column elementor-element elementor-element-26f09af4\" data-id=\"26f09af4\" data-element_type=\"column\">\n\t\t\t<div class=\"elementor-widget-wrap elementor-element-populated\">\n\t\t\t\t\t\t\t\t<div class=\"elementor-element elementor-element-363cf406 elementor-widget elementor-widget-text-editor\" data-id=\"363cf406\" data-element_type=\"widget\" data-widget_type=\"text-editor.default\">\n\t\t\t\t<div class=\"elementor-widget-container\">\n\t\t\t<style>\/*! elementor - v3.6.8 - 27-07-2022 *\/\n.elementor-widget-text-editor.elementor-drop-cap-view-stacked .elementor-drop-cap{background-color:#818a91;color:#fff}.elementor-widget-text-editor.elementor-drop-cap-view-framed .elementor-drop-cap{color:#818a91;border:3px solid;background-color:transparent}.elementor-widget-text-editor:not(.elementor-drop-cap-view-default) .elementor-drop-cap{margin-top:8px}.elementor-widget-text-editor:not(.elementor-drop-cap-view-default) .elementor-drop-cap-letter{width:1em;height:1em}.elementor-widget-text-editor .elementor-drop-cap{float:left;text-align:center;line-height:1;font-size:50px}.elementor-widget-text-editor .elementor-drop-cap-letter{display:inline-block}<\/style>\t\t\t\t<p><!-- wp:heading --><\/p>\n<div class=\"et_pb_module et_pb_text et_pb_text_4 et_pb_text_align_left et_pb_bg_layout_light\">\n<div class=\"et_pb_text_inner\">\n<p class=\"p1\">En tant que responsable du traitement, Boza Fii vous informe par la pr\u00e9sente notice, conform\u00e9ment au R\u00e8glement g\u00e9n\u00e9ral sur la protection des donn\u00e9es, sur le traitement de vos donn\u00e9es personnelles dans le cadre de vos interactions avec Boza Fii.<\/p>\n<\/div>\n<\/div>\n<div class=\"et_pb_module et_pb_text et_pb_text_5 et_pb_text_align_left et_pb_bg_layout_light\">\n<div class=\"et_pb_text_inner\">\n<h3 class=\"p1\">1. Qui sommes-nous ?<\/h3>\n<p class=\"p1\">Boza Fii, est une association citoyenne africaine \u00e0 but non-lucratif, ayant pour mission de :<\/p>\n<ul>\n<li class=\"p1\">\u00a0s\u2019engager dans le domaine de la fuite et de la migration. Nous soutenons les migrants de retour volontaire, les migrants qui ont \u00e9t\u00e9 expuls\u00e9s vers leur pays d&#8217;origine et confront\u00e9s \u00e0 un manque total d&#8217;assistance.<\/li>\n<\/ul>\n<p>Les migrants qui passent par les fronti\u00e8res terrestres crient leur victoire et leur libert\u00e9 \u00ab<strong>BOZA FREE\u00a0\u00bb<\/strong>\u00a0une fois qu\u2019ils r\u00e9ussissent leur travers\u00e9 vers l\u2019Europe.<\/p>\n<p>N\u00e9 au S\u00e9n\u00e9gal en septembre 2020,\u00a0<strong>BOZA FII\u00a0<\/strong>s\u2019engage dans la lutte pour la libert\u00e9 de circulation et d\u2019installation de tout un chacun mais aussi comme son l\u2019indiquent notre programme met \u00e0 la disposition des demandeurs plusieurs m\u00e9canismes de r\u00e9int\u00e9gration group\u00e9s ou individualis\u00e9s afin de proposer la\u00a0<strong>r\u00e9ussite ici<\/strong>.<\/p>\n<\/div>\n<\/div>\n<div class=\"et_pb_module et_pb_text et_pb_text_6 et_pb_text_align_left et_pb_bg_layout_light\">\n<div class=\"et_pb_text_inner\">\n<h3 class=\"p1\">2. Objectifs de la politique de confidentialit\u00e9<\/h3>\n<p class=\"p1\">Nous prenons tr\u00e8s au s\u00e9rieux le respect de votre vie priv\u00e9e et nous nous effor\u00e7ons de mettre en \u0153uvre les mesures n\u00e9cessaires pour prot\u00e9ger vos informations.<\/p>\n<p class=\"p1\">Cette politique de confidentialit\u00e9 pr\u00e9sente nos pratiques en mati\u00e8re de traitement et stockage des donn\u00e9es personnelles. Doivent \u00eatre consid\u00e9r\u00e9es comme donn\u00e9es personnelles toutes les donn\u00e9es susceptibles d\u2019identifier une personne, telles que le pr\u00e9nom, le nom, l\u2019\u00e2ge, l\u2019adresse mail ou postale.<\/p>\n<p class=\"p1\">Elle d\u00e9taille vos options et droits relatifs \u00e0 l\u2019utilisation de vos donn\u00e9es personnelles. Merci de la lire attentivement.<\/p>\n<\/div>\n<\/div>\n<div class=\"et_pb_module et_pb_text et_pb_text_7 et_pb_text_align_left et_pb_bg_layout_light\">\n<div class=\"et_pb_text_inner\">\n<h3 class=\"p1\">3. Quand mes donn\u00e9es sont-elles collect\u00e9es ?<\/h3>\n<p class=\"p1\">Nous recueillons directement des informations lorsque vous visitez le site web ou interagissez avec l\u2019association d\u2019une mani\u00e8re ou d\u2019une autre. Par exemple, nous collectons des donn\u00e9es personnelles lorsque vous :<\/p>\n<ul>\n<li class=\"p1\">Signez une de nos p\u00e9titions<\/li>\n<li class=\"p1\">Faites un don ponctuel ou r\u00e9gulier<\/li>\n<li class=\"p1\">Vous inscrivez \u00e0 un \u00e9v\u00e8nement organis\u00e9 par Boza Fii ou ses partenaires<\/li>\n<li class=\"p1\">Vous inscrivez \u00e0 la newsletter<\/li>\n<li class=\"p1\">Vous engagez aupr\u00e8s d\u2019une des antennes b\u00e9n\u00e9voles<\/li>\n<li class=\"p1\">Postulez \u00e0 un emploi chez Boza Fii<\/li>\n<li class=\"p1\">Nous contactez par e-mail, message instantan\u00e9 ou toute autre forme de communication<\/li>\n<li class=\"p1\">Naviguez sur notre site internet<\/li>\n<\/ul>\n<p class=\"p1\">Nous recueillons aussi indirectement des informations lorsqu\u2019elles nous sont communiqu\u00e9es par des tiers qui peuvent \u00eatre par exemple des organisateurs d\u2019\u00e9v\u00e8nements ind\u00e9pendants, des organismes de collecte de fonds, des prestataires internet, des sponsors et soutiens de notre association et de nos services. Vos donn\u00e9es nous sont \u00e9galement transmises quand vous nous suivez ou interagissez avec nous sur ou par les r\u00e9seaux sociaux comme Twitter, Facebook, Instagram, Linkedin, etc.<\/p>\n<\/div>\n<\/div>\n<div class=\"et_pb_module et_pb_text et_pb_text_8 et_pb_text_align_left et_pb_bg_layout_light\">\n<div class=\"et_pb_text_inner\">\n<h3 class=\"p1\">4. Quelles sont les donn\u00e9es collect\u00e9es et pour quelles finalit\u00e9s ?<\/h3>\n<p class=\"p1\">Bozafii.org ne collecte que les donn\u00e9es strictement n\u00e9cessaires \u00e0 la poursuite des finalit\u00e9s l\u00e9gales vis\u00e9es. Ces donn\u00e9es sont collect\u00e9es avec votre consentement.<\/p>\n<p class=\"p1\"><strong>1) Pour recueillir des dons et g\u00e9rer des transactions financi\u00e8res<\/strong><\/p>\n<p class=\"p1\">Nous recueillons les informations suivantes lorsque que vous choisissez de soutenir notre action et de faire un don :<\/p>\n<ul>\n<li class=\"p1\">Pr\u00e9nom, nom, adresse, adresse email,<\/li>\n<li class=\"p1\">Date de naissance,<\/li>\n<li class=\"p1\">Vos coordonn\u00e9es bancaires (\u00e0 l\u2019exclusion des num\u00e9ros de carte de cr\u00e9dit),<\/li>\n<li class=\"p1\">Montant du don et fr\u00e9quence.<\/li>\n<\/ul>\n<p class=\"p1\">La base l\u00e9gale de ce traitement est l\u2019obtention de votre consentement, ainsi que l\u2019obligation l\u00e9gale d\u2019\u00e9mission de re\u00e7us fiscaux. Les donn\u00e9es collect\u00e9es sont utilis\u00e9es pour la gestion de vos dons, l\u2019\u00e9mission des re\u00e7us fiscaux, votre information et d\u2019autres mesures n\u00e9cessaires \u00e0 l\u2019organisation et \u00e0 la r\u00e9ception des dons par Boza Fii.<\/p>\n<p class=\"p1\"><strong>2) Pour l\u2019inscription \u00e0 notre newsletter<\/strong><\/p>\n<p class=\"p1\">Nous collectons uniquement votre pr\u00e9nom, nom, adresse postale et adresse email. Les donn\u00e9es collect\u00e9es sont utilis\u00e9es pour l\u2019envoi de notre newsletter et de mails d\u2019information. Vous pouvez vous d\u00e9sabonner \u00e0 tout moment.<\/p>\n<p class=\"p1\"><strong>3) Pour l\u2019inscription \u00e0 un \u00e9v\u00e9nement<\/strong><\/p>\n<p class=\"p1\">Nous collectons uniquement votre pr\u00e9nom, nom, adresse postale, adresse email et date de naissance. Les donn\u00e9es collect\u00e9es sont utilis\u00e9es pour l\u2019inscription \u00e0 l\u2019\u00e9v\u00e9nement, la gestion \u00e9ventuelle de la billetterie et l\u2019envoi de notre newsletter et de mails d\u2019information. Vous pouvez vous d\u00e9sabonner \u00e0 tout moment.<\/p>\n<p class=\"p1\"><strong>4) Pour signer une p\u00e9tition<\/strong><\/p>\n<p class=\"p1\">Lorsque vous nous soutenez en signant une de nos p\u00e9titions, nous collectons typiquement les donn\u00e9es suivantes : pr\u00e9nom, nom, adresse postale, t\u00e9l\u00e9phone, adresse email, date de la signature, m\u00e9dias (photos, vid\u00e9os). La base l\u00e9gale de ce traitement est l\u2019obtention de votre consentement si vous acceptez que les informations figurant dans le formulaire de signature soient diffus\u00e9es sur les sites web et les r\u00e9seaux sociaux de Boza Fii. Ces donn\u00e9es sont collect\u00e9es pour le suivi et l\u2019organisation des p\u00e9titions. Elles permettent de garantir l\u2019authenticit\u00e9 des signatures aupr\u00e8s des d\u00e9cideurs vis\u00e9s par la p\u00e9tition.<\/p>\n<p class=\"p1\"><strong>5) Pour traiter votre candidature pour du b\u00e9n\u00e9volat<\/strong><\/p>\n<p class=\"p1\">Quand vous nous contactez pour devenir b\u00e9n\u00e9vole, afin de traiter votre proposition et pour vous contacter, nous recueillons et conservons typiquement les informations suivantes : pr\u00e9nom, nom, adresse postale, adresse email, num\u00e9ro de t\u00e9l\u00e9phone, la langue ou les langues parl\u00e9e(s) ainsi que les comp\u00e9tences et disponibilit\u00e9s. La base l\u00e9gale de ce traitement est l\u2019int\u00e9r\u00eat l\u00e9gitime d\u2019organisation et de gestion de la base de donn\u00e9es des b\u00e9n\u00e9voles. Ces donn\u00e9es sont collect\u00e9es pour la tenue de la base de donn\u00e9es des b\u00e9n\u00e9voles et le recueil d\u2019informations lors des inscriptions.<\/p>\n<p class=\"p1\"><strong>6) Pour traiter votre candidature pour un emploi<\/strong><\/p>\n<p class=\"p1\">Quand vous postulez pour un emploi, afin de traiter administrativement votre candidature, nous recueillons et conservons typiquement les informations suivantes: pr\u00e9nom, nom, adresse postale, adresse email, num\u00e9ro de t\u00e9l\u00e9phone, nationalit\u00e9, la langue ou les langues parl\u00e9e(s), les comp\u00e9tences et disponibilit\u00e9s, le CV et la lettre de motivation. Ces informations pouvant vous \u00eatre demand\u00e9es en tant que candidat.e \u00e0 l\u2019embauche ont pour finalit\u00e9 d\u2019appr\u00e9cier les qualit\u00e9s et comp\u00e9tences professionnelles de votre candidature, \u00e0 l\u2019exclusion de toute autre finalit\u00e9. La base l\u00e9gale de ce traitement est l\u2019obtention de votre consentement et les mesures pr\u00e9contractuelles au contrat de travail. Ces donn\u00e9es sont collect\u00e9es pour la gestion administrative des candidatures, le d\u00e9roulement des processus de recrutement.<\/p>\n<p class=\"p1\"><strong>7) Lors de votre navigation sur notre site par un envoi de cookie<\/strong><\/p>\n<p class=\"p1\">Quand vous naviguez sur le site Internet de Boza Fii, des informations sont susceptibles d&#8217;\u00eatre enregistr\u00e9es, ou lues, sur votre ordinateur, mobile ou tablette, si vous nous en donnez votre accord.<\/p>\n<p class=\"p1\">Nous utilisons Google Analytics pour collecter des informations sur l&#8217;utilisation que vous avez du site. Les informations collect\u00e9es concernent :<\/p>\n<ul>\n<li class=\"p1\">Les pages que vous visitez et combien de temps vous passez sur ces pages<\/li>\n<li class=\"p1\">La mani\u00e8re dont vous \u00eates arriv\u00e9 sur le site (site r\u00e9f\u00e9rent, r\u00e9seaux sociaux, moteur de recherche&#8230;)<\/li>\n<li class=\"p1\">Les liens cliqu\u00e9s sur le site durant la visite<\/li>\n<\/ul>\n<p class=\"p1\"><strong>Qu\u2019est-ce qu\u2019un cookie ?<\/strong><\/p>\n<p class=\"p1\">C\u2019est un fichier texte qu&#8217;un site envoie au fichier cookie du navigateur situ\u00e9 sur le disque dur de votre ordinateur ou de votre mobile ou tablette, afin de pouvoir se rappeler qui vous \u00eates. En principe, un cookie contient le nom du domaine Internet d\u2019o\u00f9 il vient, sa dur\u00e9e de vie et une valeur, g\u00e9n\u00e9ralement un nombre unique al\u00e9atoire.<\/p>\n<p class=\"p1\"><strong>Pourquoi collectons-nous des cookies ?<\/strong><\/p>\n<p class=\"p1\">Nous collectons des cookies afin de disposer d\u2019informations statistiques sur la navigation sur notre site Internet. Cela nous permet d\u2019am\u00e9liorer le fonctionnement de notre site.<\/p>\n<p>\u00a0<\/p>\n<p class=\"p1\"><strong>Comment g\u00e9rer vos cookies<\/strong><\/p>\n<p class=\"p1\">Si vous souhaitez emp\u00eacher le t\u00e9l\u00e9chargement de cookies ou contr\u00f4ler la mani\u00e8re dont ils sont utilis\u00e9s sur vos terminaux, vous pouvez consulter la rubrique \u00ab aide \u00bb de votre navigateur Internet.<\/p>\n<\/div>\n<\/div>\n<div class=\"et_pb_module et_pb_text et_pb_text_9 et_pb_text_align_left et_pb_bg_layout_light\">\n<div class=\"et_pb_text_inner\">\n<h3 class=\"p1\">5. Qui sont les destinataires de mes donn\u00e9es ?<\/h3>\n<p class=\"p1\">Les donn\u00e9es collect\u00e9es par Boza Fii ne sont pas c\u00e9d\u00e9es, lou\u00e9es ou vendues \u00e0 des tiers. Elles sont destin\u00e9es aux b\u00e9n\u00e9voles et personnes salari\u00e9es de l\u2019association dans le cadre des missions qui leur sont confi\u00e9es. Elles peuvent \u00eatre trait\u00e9es par des partenaires ou sous-traitants dans le cadre de conventions ou contrats sign\u00e9s avec Boza Fii.<\/p>\n<p class=\"p1\">Boza Fii s\u2019assure que ses partenaires ou sous-traitants amen\u00e9s \u00e0 traiter pour son compte des donn\u00e9es \u00e0 caract\u00e8re personnel pr\u00e9sentent les garanties suffisantes quant \u00e0 la mise en \u0153uvre des mesures techniques et organisationnelles appropri\u00e9es, de mani\u00e8re \u00e0 ce que le traitement r\u00e9ponde aux exigences de la r\u00e9glementation et notamment pour que soient respect\u00e9es la confidentialit\u00e9, la s\u00e9curit\u00e9 et l\u2019int\u00e9grit\u00e9 des donn\u00e9es \u00e0 caract\u00e8re personnel.<\/p>\n<\/div>\n<\/div>\n<div class=\"et_pb_module et_pb_text et_pb_text_10 et_pb_text_align_left et_pb_bg_layout_light\">\n<div class=\"et_pb_text_inner\">\n<h3 class=\"p1\">6. Quelle est la dur\u00e9e de conservation de mes donn\u00e9es ?<\/h3>\n<p class=\"p1\">Boza Fii ne traite les donn\u00e9es personnelles que pour des finalit\u00e9s d\u00e9termin\u00e9es, explicites et l\u00e9gitimes. Ces donn\u00e9es sont conserv\u00e9es pendant la dur\u00e9e strictement n\u00e9cessaire \u00e0 la r\u00e9alisation des finalit\u00e9s. La dur\u00e9e de conservation est d\u00e9termin\u00e9e \u00e0 partir des obligations l\u00e9gales auxquelles nous sommes soumis. Vous pouvez retirer \u00e0 tout moment votre consentement au traitement de vos donn\u00e9es.<\/p>\n<\/div>\n<\/div>\n<div class=\"et_pb_module et_pb_text et_pb_text_11 et_pb_text_align_left et_pb_bg_layout_light\">\n<div class=\"et_pb_text_inner\">\n<h3 class=\"p1\">7. O\u00f9 sont stock\u00e9es mes donn\u00e9es ?<\/h3>\n<p class=\"p1\">Les donn\u00e9es \u00e0 caract\u00e8re personnel que vous nous transmettez sont stock\u00e9es dans les bases de donn\u00e9es et les fichiers papiers et informatis\u00e9s de Boza Fii ou dans celles des prestataires de services avec lesquels Boza Fii a une relation contractuelle d\u00e9di\u00e9e.<\/p>\n<\/div>\n<\/div>\n<div class=\"et_pb_module et_pb_text et_pb_text_12 et_pb_text_align_left et_pb_bg_layout_light\">\n<div class=\"et_pb_text_inner\">\n<h3 class=\"p1\">8. Comment est assur\u00e9e la s\u00e9curit\u00e9 de mes donn\u00e9es?<\/h3>\n<p class=\"p1\">Nous nous effor\u00e7ons de mettre en place des mesures techniques et organisationnelles appropri\u00e9es et proportionnelles pour \u00e9viter la perte, la destruction, l\u2019usage abusif, la modification, la divulgation ou l\u2019acc\u00e8s non autoris\u00e9 \u00e0 vos informations personnelles.<\/p>\n<\/div>\n<\/div>\n<div class=\"et_pb_module et_pb_text et_pb_text_13 et_pb_text_align_left et_pb_bg_layout_light\">\n<div class=\"et_pb_text_inner\">\n<h3 class=\"p1\">9. Quels sont mes droits relatifs \u00e0 mes donn\u00e9es ?<\/h3>\n<p class=\"p1\">Conform\u00e9ment aux lois en vigueur, vous pouvez acc\u00e9der aux donn\u00e9es vous concernant, les rectifier, demander leur effacement ou exercer votre droit \u00e0 la limitation du traitement de vos donn\u00e9es. Vous pouvez retirer \u00e0 tout moment votre consentement au traitement de vos donn\u00e9es.<\/p>\n<p class=\"p1\"><strong>Sous certaines conditions, vous avez les droits suivants concernant le traitement de vos donn\u00e9es :\u00a0<\/strong><\/p>\n<ul>\n<li class=\"p1\">le droit d\u2019acc\u00e8s \u00e0 vos donn\u00e9es, ainsi que la rectification de celles-ci lorsqu\u2019elles s\u2019av\u00e8rent erron\u00e9es ;<\/li>\n<li class=\"p1\">le droit \u00e0 l\u2019effacement de vos donn\u00e9es lorsque nous n\u2019aurions plus de base juridique pour leur traitement ou lorsqu\u2019une obligation l\u00e9gale nous obligerait \u00e0 les effacer ;<\/li>\n<li class=\"p1\">le droit \u00e0 la limitation du traitement (i) lorsque vous contesteriez l\u2019exactitude de vos donn\u00e9es, pour la dur\u00e9e n\u00e9cessaire afin que nous puissions v\u00e9rifier l\u2019exactitude des donn\u00e9es, (ii) lorsque le traitement serait illicite et que vous vous opposeriez \u00e0 l\u2019effacement de vos donn\u00e9es, (iii) lorsque nous aimerions effacer vos donn\u00e9es, mais que vous en auriez besoin pour la constatation, l\u2019exercice ou la d\u00e9fense de droits en justice, ou (iv) lorsque vous vous seriez oppos\u00e9s au traitement, pendant la v\u00e9rification portant sur le point de savoir si nos motifs l\u00e9gitimes pr\u00e9valent sur les v\u00f4tres ;<\/li>\n<li class=\"p1\">le droit d\u2019opposition au traitement de vos donn\u00e9es fond\u00e9 sur nos int\u00e9r\u00eats l\u00e9gitimes. Dans ce cas nous ne traiterons plus vos donn\u00e9es, \u00e0 moins que nous ayons des motifs l\u00e9gitimes et imp\u00e9rieux pour le traitement qui pr\u00e9valent sur vos int\u00e9r\u00eats, droit et libert\u00e9s, ou que nous en aurions besoin pour la constatation, l\u2019exercice ou la d\u00e9fense de droits en justice ;<\/li>\n<li class=\"p1\">le droit d\u2019introduire une r\u00e9clamation aupr\u00e8s de la CDP ou aupr\u00e8s de toute autre autorit\u00e9 de contr\u00f4le.<\/li>\n<\/ul>\n<p class=\"p1\">Vous pouvez exercer ces droits en nous contactant aux coordonn\u00e9es ci-dessous.<\/p>\n<\/div>\n<\/div>\n<div class=\"et_pb_module et_pb_text et_pb_text_14 et_pb_text_align_left et_pb_bg_layout_light\">\n<div class=\"et_pb_text_inner\">\n<h3 class=\"p1\">10. Qui contacter en cas de questions ?<\/h3>\n<p class=\"p1\">Dans le cas o\u00f9 vous auriez des questions par rapport au traitement de vos donn\u00e9es et \u00e0 vos droits, vous pouvez nous contacter par email :info@bozafii.org\u00a0<\/p>\n<\/div>\n<\/div>\n<div class=\"et_pb_module et_pb_text et_pb_text_15 et_pb_text_align_left et_pb_bg_layout_light\">\n<div class=\"et_pb_text_inner\">\n<h3 class=\"p1\">11. Changements de la politique de confidentialit\u00e9<\/h3>\n<p class=\"p1\">Nous pouvons modifier cette politique de confidentialit\u00e9 de temps \u00e0 autre afin de nous assurer que vous \u00eates pleinement inform\u00e9 de toutes les activit\u00e9s de traitement et de notre conformit\u00e9 aux lois applicables en mati\u00e8re de protection des donn\u00e9es. Vous serez inform\u00e9 des modifications importantes apport\u00e9es \u00e0 la politique de confidentialit\u00e9 par des moyens appropri\u00e9s.<\/p>\n<\/div>\n<\/div>\n<p><!-- \/wp:heading --><\/p>\t\t\t\t\t\t<\/div>\n\t\t\t\t<\/div>\n\t\t\t\t\t<\/div>\n\t\t<\/div>\n\t\t\t\t\t\t\t<\/div>\n\t\t<\/section>\n\t\t\t\t\t\t\t<\/div>\n\t\t","protected":false},"excerpt":{"rendered":"<p>En tant que responsable du traitement, Boza Fii vous informe par la pr\u00e9sente notice, conform\u00e9ment au R\u00e8glement g\u00e9n\u00e9ral sur la protection des donn\u00e9es, sur le traitement de vos donn\u00e9es personnelles dans le cadre de vos interactions avec Boza Fii. 1. Qui sommes-nous ? Boza Fii, est une association citoyenne africaine \u00e0 but non-lucratif, ayant pour [&hellip;]<\/p>\n","protected":false},"author":1,"featured_media":0,"parent":0,"menu_order":0,"comment_status":"closed","ping_status":"closed","template":"","meta":{"om_disable_all_campaigns":false,"_monsterinsights_skip_tracking":false,"_monsterinsights_sitenote_active":false,"_monsterinsights_sitenote_note":"","_monsterinsights_sitenote_category":0},"aioseo_notices":[],"_links":{"self":[{"href":"https:\/\/bozafii.org\/index.php\/wp-json\/wp\/v2\/pages\/13635"}],"collection":[{"href":"https:\/\/bozafii.org\/index.php\/wp-json\/wp\/v2\/pages"}],"about":[{"href":"https:\/\/bozafii.org\/index.php\/wp-json\/wp\/v2\/types\/page"}],"author":[{"embeddable":true,"href":"https:\/\/bozafii.org\/index.php\/wp-json\/wp\/v2\/users\/1"}],"replies":[{"embeddable":true,"href":"https:\/\/bozafii.org\/index.php\/wp-json\/wp\/v2\/comments?post=13635"}],"version-history":[{"count":7,"href":"https:\/\/bozafii.org\/index.php\/wp-json\/wp\/v2\/pages\/13635\/revisions"}],"predecessor-version":[{"id":14725,"href":"https:\/\/bozafii.org\/index.php\/wp-json\/wp\/v2\/pages\/13635\/revisions\/14725"}],"wp:attachment":[{"href":"https:\/\/bozafii.org\/index.php\/wp-json\/wp\/v2\/media?parent=13635"}],"curies":[{"name":"wp","href":"https:\/\/api.w.org\/{rel}","templated":true}]}}